{"id":192,"date":"2021-02-16T14:40:23","date_gmt":"2021-02-16T13:40:23","guid":{"rendered":"https:\/\/antcube.de\/?page_id=192"},"modified":"2021-09-27T11:13:26","modified_gmt":"2021-09-27T09:13:26","slug":"starter-kits-combi","status":"publish","type":"page","link":"https:\/\/antcube.de\/zh\/starter-kits-combi\/","title":{"rendered":"\u5165\u95e8\u5957\u4ef6Combi"},"content":{"rendered":"<div class=\"wp-block-cover alignfull has-neve-link-color-background-color has-background-dim\"><div class=\"wp-block-cover__inner-container is-layout-flow wp-block-cover-is-layout-flow\">\n<div style=\"height:59px\" aria-hidden=\"true\" class=\"wp-block-spacer\"><\/div>\n\n\n\n<h2 class=\"has-text-align-center has-nv-site-bg-color has-text-color wp-block-heading\" style=\"font-size:30px\">\u6211\u4eec\u7684\u5165\u95e8\u5957\u4ef6Combi\u6709S\u3001M\u6216L\u4e09\u79cd\u5c3a\u5bf8\u53ef\u4f9b\u9009\u62e9\u3002<\/h2>\n\n\n\n<p class=\"has-text-align-center\" style=\"font-size:22px\">S=6\u6beb\u7c73\u7684\u5c0f\u8682\u8681\u79cd\uff0c\u5982\uff1aMyrmica sp.Myrmica sp.<\/p>\n\n\n\n<p class=\"has-text-align-center\" style=\"font-size:22px\">M=10mm\uff0c\u9002\u7528\u4e8e\u4e2d\u7b49\u8681\u79cd\uff0c\u5982Lasius sp.\u548cFormica sp.\u3002<\/p>\n\n\n\n<p class=\"has-text-align-center\" style=\"font-size:22px\">\u5bf9\u4e8e\u5927\u578b\u8682\u8681\u7269\u79cd\uff0c\u5982Camponotus sp.\uff0cL = 20mm\uff1b\u5bf9\u4e8e\u8f83\u5c0f\u7684\u8682\u8681\u7269\u79cd\uff0c\u4e5f\u53ef\u4ee5\u7528\u5de2\u7a74\u5d4c\u5165\u3002<\/p>\n\n\n\n<p class=\"has-text-align-center\" style=\"font-size:22px\">\u6211\u4eec\u6240\u6709\u7684\u73bb\u7483\u90fd\u662f\u6309\u7167DIN 1249\u6807\u51c6\u5207\u5272\u7684\uff0c\u516c\u5dee\u4e3a+\/;-1mm\u3002<\/p>\n\n\n\n<div style=\"height:83px\" aria-hidden=\"true\" class=\"wp-block-spacer\"><\/div>\n<\/div><\/div>\n\n\n\n<div class=\"wp-block-cover alignfull has-nv-light-bg-background-color has-background-dim\" style=\"min-height:600px;aspect-ratio:unset;\"><div class=\"wp-block-cover__inner-container is-layout-flow wp-block-cover-is-layout-flow\">\n<div style=\"height:100px\" aria-hidden=\"true\" class=\"wp-block-spacer\"><\/div>\n\n\n\n<div class=\"wp-block-media-text alignwide is-stacked-on-mobile\"><figure class=\"wp-block-media-text__media\"><img loading=\"lazy\" decoding=\"async\" width=\"1024\" height=\"1024\" src=\"https:\/\/antcube.de\/wp-content\/uploads\/2021\/02\/Starter-Set-Combi-3-1024x1024.jpg\" alt=\"\" class=\"wp-image-301 size-full\" srcset=\"https:\/\/antcube.de\/wp-content\/uploads\/2021\/02\/Starter-Set-Combi-3-1024x1024.jpg 1024w, https:\/\/antcube.de\/wp-content\/uploads\/2021\/02\/Starter-Set-Combi-3-300x300.jpg 300w, https:\/\/antcube.de\/wp-content\/uploads\/2021\/02\/Starter-Set-Combi-3-150x150.jpg 150w, https:\/\/antcube.de\/wp-content\/uploads\/2021\/02\/Starter-Set-Combi-3-768x768.jpg 768w, https:\/\/antcube.de\/wp-content\/uploads\/2021\/02\/Starter-Set-Combi-3-1536x1536.jpg 1536w, https:\/\/antcube.de\/wp-content\/uploads\/2021\/02\/Starter-Set-Combi-3.jpg 2000w\" sizes=\"auto, (max-width: 1024px) 100vw, 1024px\" \/><\/figure><div class=\"wp-block-media-text__content\">\n<h2 class=\"has-neve-link-color-color has-text-color wp-block-heading\">\u5165\u95e8\u5957\u4ef6Combi<\/h2>\n\n\n\n<p class=\"has-neve-link-color-color has-text-color\" style=\"font-size:24px\">\u5165\u95e8\u5957\u4ef6Combi\u662f\u4e3a\u517b\u8681\u7684\u521d\u5b66\u8005\u8bbe\u8ba1\u7684\u3002\u5b83\u662f\u6211\u4eec\u7684\u4f4e\u4ef7\u4ea7\u54c1\uff0c\u5305\u542b\u4e86\u6700\u5c11\u7684\u8bbe\u5907\u3002\u6b64\u5916\uff0c\u5728\u9972\u517b\u7bb1\u4e2d\u96c6\u6210\u7684\u7b51\u5de2\u533a\u8282\u7701\u4e86\u5927\u91cf\u7684\u7a7a\u95f4\uff0c\u6240\u4ee5\u5b83\u51e0\u4e4e\u9002\u5408\u4efb\u4f55\u5730\u65b9\u3002 <\/p>\n\n\n\n<ul class=\"has-neve-link-color-color has-text-color wp-block-list\"><li>1x ANTCUBE - \u7ade\u6280\u573a20x20x20 - S\u3001M\u6216L\u5c3a\u5bf8\u7684\u7ec4\u5408\u4f53<\/li><li>1\u4e2a\u8682\u8681\u7ade\u6280\u573a\u7f6920\u00d720<\/li><li>2\u4e2a27mm\u5b54\u7684\u798f\u7f8e\u6765\u585e\u5b50<\/li><li>2\u4e2a50mm\u5b54\u7684Formicarium\u585e\u5b50\u3002<\/li><li>1x \u5730\u9762--\u7c73\u8272\u6c99\u58e4\u571f--1000\u514b\u3002<\/li><li>1\u4e2a\u996e\u6c34\u673a2\u6beb\u5347-360\u5ea6<\/li><li>1\u4e2a\u900f\u660e\u76d8\u5b501\u00d720-\u6d77\u7ef5<\/li><li>1\u4e2a\u624b\u52a8\u653e\u5927\u955c-2\u500d-30\u6beb\u7c73<\/li><li>1\u628a\u900f\u660e\u5851\u6599\u954a\u5b50<\/li><li>1\u652f\u5851\u6599\u79fb\u6db2\u56683\u6beb\u5347<\/li><li>1\u652f\u8682\u8681\u9003\u751f\u4fdd\u62a4\u6cb910\u6beb\u5347<\/li><li>1\u4e2a150x18x2,5mm\u7684\u6ce1\u6cab\u96e8\u5237\u3002<\/li><\/ul>\n<\/div><\/div>\n\n\n\n<div style=\"height:100px\" aria-hidden=\"true\" class=\"wp-block-spacer\"><\/div>\n\n\n\n<figure class=\"wp-block-embed is-type-video is-provider-youtube wp-block-embed-youtube wp-embed-aspect-16-9 wp-has-aspect-ratio\"><div class=\"wp-block-embed__wrapper\">\n<div class=\"nv-iframe-embed\"><iframe loading=\"lazy\" title=\"\u8682\u8681\u4e4b\u5bb6\u5165\u95e8\u5957\u4ef6Combi\u4e3a\u8682\u8681\u63d0\u4f9b\u670d\u52a1\" width=\"1200\" height=\"675\" src=\"https:\/\/www.youtube.com\/embed\/8aplkQJGajI?feature=oembed\" frameborder=\"0\" allow=\"accelerometer; autoplay; clipboard-write; encrypted-media; gyroscope; picture-in-picture\" allowfullscreen><\/iframe><\/div>\n<\/div><\/figure>\n\n\n\n<figure class=\"wp-block-embed is-type-video is-provider-youtube wp-block-embed-youtube wp-embed-aspect-16-9 wp-has-aspect-ratio\"><div class=\"wp-block-embed__wrapper\">\n<div class=\"nv-iframe-embed\"><iframe loading=\"lazy\" title=\"ANTCUBE\u5165\u95e8\u5957\u88c5Combi f\u00fcr Ameisen\" width=\"1200\" height=\"675\" src=\"https:\/\/www.youtube.com\/embed\/980s-qPAM9g?feature=oembed\" frameborder=\"0\" allow=\"accelerometer; autoplay; clipboard-write; encrypted-media; gyroscope; picture-in-picture\" allowfullscreen><\/iframe><\/div>\n<\/div><\/figure>\n\n\n\n<figure class=\"wp-block-embed is-type-video is-provider-youtube wp-block-embed-youtube wp-embed-aspect-16-9 wp-has-aspect-ratio\"><div class=\"wp-block-embed__wrapper\">\n<div class=\"nv-iframe-embed\"><iframe loading=\"lazy\" title=\"ANTCUBE\u5165\u95e8\u5957\u4ef6Combi pour les fourmis\" width=\"1200\" height=\"675\" src=\"https:\/\/www.youtube.com\/embed\/rfers9j5Cus?feature=oembed\" frameborder=\"0\" allow=\"accelerometer; autoplay; clipboard-write; encrypted-media; gyroscope; picture-in-picture\" allowfullscreen><\/iframe><\/div>\n<\/div><\/figure>\n\n\n\n<figure class=\"wp-block-embed is-type-video is-provider-youtube wp-block-embed-youtube wp-embed-aspect-16-9 wp-has-aspect-ratio\"><div class=\"wp-block-embed__wrapper\">\n<div class=\"nv-iframe-embed\"><iframe loading=\"lazy\" title=\"ANTCUBE \u521d\u59cb\u5957\u4ef6Combi\uff0c\u7528\u4e8e\u7c89\u788e\u8377\u5c14\u8499\u3002\" width=\"1200\" height=\"675\" src=\"https:\/\/www.youtube.com\/embed\/JbRLpAjs16Y?feature=oembed\" frameborder=\"0\" allow=\"accelerometer; autoplay; clipboard-write; encrypted-media; gyroscope; picture-in-picture\" allowfullscreen><\/iframe><\/div>\n<\/div><\/figure>\n\n\n\n<figure class=\"wp-block-embed is-type-video is-provider-youtube wp-block-embed-youtube wp-embed-aspect-16-9 wp-has-aspect-ratio\"><div class=\"wp-block-embed__wrapper\">\n<div class=\"nv-iframe-embed\"><iframe loading=\"lazy\" title=\"ANTCUBE\u521d\u5b66\u5957\u88c5\u7684\u5f62\u5f0f\u3002\" width=\"1200\" height=\"675\" src=\"https:\/\/www.youtube.com\/embed\/9uuK6I9iHis?feature=oembed\" frameborder=\"0\" allow=\"accelerometer; autoplay; clipboard-write; encrypted-media; gyroscope; picture-in-picture\" allowfullscreen><\/iframe><\/div>\n<\/div><\/figure>\n\n\n\n<figure class=\"wp-block-embed is-type-video is-provider-youtube wp-block-embed-youtube wp-embed-aspect-16-9 wp-has-aspect-ratio\"><div class=\"wp-block-embed__wrapper\">\n<div class=\"nv-iframe-embed\"><iframe loading=\"lazy\" title=\"ANTCUBE\u542f\u52a8\u5957\u4ef6Combi f\u00f6r myror\" width=\"1200\" height=\"675\" src=\"https:\/\/www.youtube.com\/embed\/1sBxm7dNgos?feature=oembed\" frameborder=\"0\" allow=\"accelerometer; autoplay; clipboard-write; encrypted-media; gyroscope; picture-in-picture\" allowfullscreen><\/iframe><\/div>\n<\/div><\/figure>\n\n\n\n<figure class=\"wp-block-embed is-type-video is-provider-youtube wp-block-embed-youtube wp-embed-aspect-16-9 wp-has-aspect-ratio\"><div class=\"wp-block-embed__wrapper\">\n<div class=\"nv-iframe-embed\"><iframe loading=\"lazy\" title=\"ANTCUBE Zestaw startowy Combi\" width=\"1200\" height=\"675\" src=\"https:\/\/www.youtube.com\/embed\/OhtgGqG0yxs?feature=oembed\" frameborder=\"0\" allow=\"accelerometer; autoplay; clipboard-write; encrypted-media; gyroscope; picture-in-picture\" allowfullscreen><\/iframe><\/div>\n<\/div><\/figure>\n\n\n\n<figure class=\"wp-block-embed is-type-video is-provider-youtube wp-block-embed-youtube wp-embed-aspect-16-9 wp-has-aspect-ratio\"><div class=\"wp-block-embed__wrapper\">\n<div class=\"nv-iframe-embed\"><iframe loading=\"lazy\" title=\"ANTCUBE - \u0441\u0442\u0430\u0440\u0442\u043e\u0432\u044b\u0439 \u043d\u0430\u0431\u043e\u0440 Combi \u0434\u043b\u044f \u043c\u0443\u0440\u0430\u0432\u044c\u0435\u0432\" width=\"1200\" height=\"675\" src=\"https:\/\/www.youtube.com\/embed\/2g1BQZRpdDs?feature=oembed\" frameborder=\"0\" allow=\"accelerometer; autoplay; clipboard-write; encrypted-media; gyroscope; picture-in-picture\" allowfullscreen><\/iframe><\/div>\n<\/div><\/figure>\n\n\n\n<figure class=\"wp-block-embed is-type-video is-provider-youtube wp-block-embed-youtube wp-embed-aspect-16-9 wp-has-aspect-ratio\"><div class=\"wp-block-embed__wrapper\">\n<div class=\"nv-iframe-embed\"><iframe loading=\"lazy\" title=\"\u062c\u0645\u0648\u0639\u0629\u0627\u0644\u0645\u0628\u062a\u062f\u0626\u064a\u0646 \u0627\u0644\u062e\u0627\u0635\u0629 \u0628\u0627\u0644\u0646\u0645\u0644 - (ANTCUBE Starter Set Combi)\" width=\"1200\" height=\"675\" src=\"https:\/\/www.youtube.com\/embed\/JYufEylbMOE?feature=oembed\" frameborder=\"0\" allow=\"accelerometer; autoplay; clipboard-write; encrypted-media; gyroscope; picture-in-picture\" allowfullscreen><\/iframe><\/div>\n<\/div><\/figure>\n\n\n\n<figure class=\"wp-block-embed is-type-video is-provider-youtube wp-block-embed-youtube wp-embed-aspect-16-9 wp-has-aspect-ratio\"><div class=\"wp-block-embed__wrapper\">\n<div class=\"nv-iframe-embed\"><iframe loading=\"lazy\" title=\"ANTCUBE Kar\u0131ncalar i\u00e7in Ba\u015flang\u0131\u00e7 Seti Kombi\" width=\"1200\" height=\"675\" src=\"https:\/\/www.youtube.com\/embed\/zVfNWK6SjSg?feature=oembed\" frameborder=\"0\" allow=\"accelerometer; autoplay; clipboard-write; encrypted-media; gyroscope; picture-in-picture\" allowfullscreen><\/iframe><\/div>\n<\/div><\/figure>\n\n\n\n<figure class=\"wp-block-embed is-type-video is-provider-youtube wp-block-embed-youtube wp-embed-aspect-16-9 wp-has-aspect-ratio\"><div class=\"wp-block-embed__wrapper\">\n<div class=\"nv-iframe-embed\"><iframe loading=\"lazy\" title=\"antcube \u30b9\u30bf\u30fc\u30bf\u30fc\u30bb\u30c3\u30c8\u30fb\u30b3\u30f3\u30d3 \u3059\u3079\u3066\u306e\u30a2\u30ea\u98fc\u80b2\u306b\u5bfe\u5fdc\u3059\u308b\u3002\" width=\"1200\" height=\"675\" src=\"https:\/\/www.youtube.com\/embed\/tkmwA6Hv5a0?feature=oembed\" frameborder=\"0\" allow=\"accelerometer; autoplay; clipboard-write; encrypted-media; gyroscope; picture-in-picture\" allowfullscreen><\/iframe><\/div>\n<\/div><\/figure>\n\n\n\n<figure class=\"wp-block-embed is-type-video is-provider-youtube wp-block-embed-youtube wp-embed-aspect-16-9 wp-has-aspect-ratio\"><div class=\"wp-block-embed__wrapper\">\n<div class=\"nv-iframe-embed\"><iframe loading=\"lazy\" title=\"ANTCUBE\u5165\u95e8\u5957\u4ef6Combi \uac1c\ubbf8\ub97c \uc2a4\ud0c0\ud130 \uc138\ud2b8 \ucf64\ube44\uad50\uc721\" width=\"1200\" height=\"675\" src=\"https:\/\/www.youtube.com\/embed\/Wi-S2OnVWG4?feature=oembed\" frameborder=\"0\" allow=\"accelerometer; autoplay; clipboard-write; encrypted-media; gyroscope; picture-in-picture\" allowfullscreen><\/iframe><\/div>\n<\/div><\/figure>\n\n\n\n<figure class=\"wp-block-embed is-type-video is-provider-youtube wp-block-embed-youtube wp-embed-aspect-16-9 wp-has-aspect-ratio\"><div class=\"wp-block-embed__wrapper\">\n<div class=\"nv-iframe-embed\"><iframe loading=\"lazy\" title=\"antcube \u8682\u8681\u5165\u95e8\u5957\u88c5\u7ec4\u5408combi\" width=\"1200\" height=\"675\" src=\"https:\/\/www.youtube.com\/embed\/Ay561auyhMA?feature=oembed\" frameborder=\"0\" allow=\"accelerometer; autoplay; clipboard-write; encrypted-media; gyroscope; picture-in-picture\" allowfullscreen><\/iframe><\/div>\n<\/div><\/figure>\n\n\n\n<p class=\"has-text-align-center has-large-font-size\"><\/p>\n<\/div><\/div>","protected":false},"excerpt":{"rendered":"","protected":false},"author":1,"featured_media":0,"parent":0,"menu_order":0,"comment_status":"closed","ping_status":"closed","template":"","meta":{"neve_meta_sidebar":"full-width","neve_meta_container":"","neve_meta_enable_content_width":"on","neve_meta_content_width":100,"neve_meta_title_alignment":"","neve_meta_author_avatar":"","neve_post_elements_order":"","neve_meta_disable_header":"","neve_meta_disable_footer":"","neve_meta_disable_title":"","footnotes":""},"class_list":["post-192","page","type-page","status-publish","hentry"],"yoast_head":"<!-- This site is optimized with the Yoast SEO plugin v27.4 - https:\/\/yoast.com\/product\/yoast-seo-wordpress\/ -->\n<title>Starter Kits Combi - ANTCUBE<\/title>\n<meta name=\"description\" content=\"Ant Keeping Equipment and Formicariums for resellers and ant shops. Have a look at our high quality ANTCUBE products.\" \/>\n<meta name=\"robots\" content=\"index, follow, max-snippet:-1, max-image-preview:large, max-video-preview:-1\" \/>\n<link rel=\"canonical\" href=\"https:\/\/antcube.de\/zh\/\u30b9\u30bf\u30fc\u30bf\u30fc\u30ad\u30c3\u30c8\u30b3\u30f3\u30d3\/\" \/>\n<meta property=\"og:locale\" content=\"zh_CN\" \/>\n<meta property=\"og:type\" content=\"article\" \/>\n<meta property=\"og:title\" content=\"Starter Kits Combi - ANTCUBE\" \/>\n<meta property=\"og:description\" content=\"Ant Keeping Equipment and Formicariums for resellers and ant shops. Have a look at our high quality ANTCUBE products.\" \/>\n<meta property=\"og:url\" content=\"https:\/\/antcube.de\/zh\/\u30b9\u30bf\u30fc\u30bf\u30fc\u30ad\u30c3\u30c8\u30b3\u30f3\u30d3\/\" \/>\n<meta property=\"og:site_name\" content=\"ANTCUBE\" \/>\n<meta property=\"article:publisher\" content=\"https:\/\/www.facebook.com\/ANTSTORE\" \/>\n<meta property=\"article:modified_time\" content=\"2021-09-27T09:13:26+00:00\" \/>\n<meta property=\"og:image\" content=\"https:\/\/antcube.de\/wp-content\/uploads\/2021\/02\/Starter-Set-Combi-3-1024x1024.jpg\" \/>\n<meta name=\"twitter:card\" content=\"summary_large_image\" \/>\n<meta name=\"twitter:site\" content=\"@Antstore\" \/>\n<meta name=\"twitter:label1\" content=\"\u9884\u8ba1\u9605\u8bfb\u65f6\u95f4\" \/>\n\t<meta name=\"twitter:data1\" content=\"2 \u5206\" \/>\n<script type=\"application\/ld+json\" class=\"yoast-schema-graph\">{\"@context\":\"https:\\\/\\\/schema.org\",\"@graph\":[{\"@type\":\"WebPage\",\"@id\":\"https:\\\/\\\/antcube.de\\\/ja\\\/%e3%82%b9%e3%82%bf%e3%83%bc%e3%82%bf%e3%83%bc%e3%82%ad%e3%83%83%e3%83%88%e3%82%b3%e3%83%b3%e3%83%93\\\/\",\"url\":\"https:\\\/\\\/antcube.de\\\/ja\\\/%e3%82%b9%e3%82%bf%e3%83%bc%e3%82%bf%e3%83%bc%e3%82%ad%e3%83%83%e3%83%88%e3%82%b3%e3%83%b3%e3%83%93\\\/\",\"name\":\"Starter Kits Combi - ANTCUBE\",\"isPartOf\":{\"@id\":\"https:\\\/\\\/antcube.de\\\/#website\"},\"primaryImageOfPage\":{\"@id\":\"https:\\\/\\\/antcube.de\\\/ja\\\/%e3%82%b9%e3%82%bf%e3%83%bc%e3%82%bf%e3%83%bc%e3%82%ad%e3%83%83%e3%83%88%e3%82%b3%e3%83%b3%e3%83%93\\\/#primaryimage\"},\"image\":{\"@id\":\"https:\\\/\\\/antcube.de\\\/ja\\\/%e3%82%b9%e3%82%bf%e3%83%bc%e3%82%bf%e3%83%bc%e3%82%ad%e3%83%83%e3%83%88%e3%82%b3%e3%83%b3%e3%83%93\\\/#primaryimage\"},\"thumbnailUrl\":\"https:\\\/\\\/antcube.de\\\/wp-content\\\/uploads\\\/2021\\\/02\\\/Starter-Set-Combi-3-1024x1024.jpg\",\"datePublished\":\"2021-02-16T13:40:23+00:00\",\"dateModified\":\"2021-09-27T09:13:26+00:00\",\"description\":\"Ant Keeping Equipment and Formicariums for resellers and ant shops. Have a look at our high quality ANTCUBE products.\",\"breadcrumb\":{\"@id\":\"https:\\\/\\\/antcube.de\\\/ja\\\/%e3%82%b9%e3%82%bf%e3%83%bc%e3%82%bf%e3%83%bc%e3%82%ad%e3%83%83%e3%83%88%e3%82%b3%e3%83%b3%e3%83%93\\\/#breadcrumb\"},\"inLanguage\":\"zh-Hans\",\"potentialAction\":[{\"@type\":\"ReadAction\",\"target\":[\"https:\\\/\\\/antcube.de\\\/ja\\\/%e3%82%b9%e3%82%bf%e3%83%bc%e3%82%bf%e3%83%bc%e3%82%ad%e3%83%83%e3%83%88%e3%82%b3%e3%83%b3%e3%83%93\\\/\"]}]},{\"@type\":\"ImageObject\",\"inLanguage\":\"zh-Hans\",\"@id\":\"https:\\\/\\\/antcube.de\\\/ja\\\/%e3%82%b9%e3%82%bf%e3%83%bc%e3%82%bf%e3%83%bc%e3%82%ad%e3%83%83%e3%83%88%e3%82%b3%e3%83%b3%e3%83%93\\\/#primaryimage\",\"url\":\"https:\\\/\\\/antcube.de\\\/wp-content\\\/uploads\\\/2021\\\/02\\\/Starter-Set-Combi-3-1024x1024.jpg\",\"contentUrl\":\"https:\\\/\\\/antcube.de\\\/wp-content\\\/uploads\\\/2021\\\/02\\\/Starter-Set-Combi-3-1024x1024.jpg\"},{\"@type\":\"BreadcrumbList\",\"@id\":\"https:\\\/\\\/antcube.de\\\/ja\\\/%e3%82%b9%e3%82%bf%e3%83%bc%e3%82%bf%e3%83%bc%e3%82%ad%e3%83%83%e3%83%88%e3%82%b3%e3%83%b3%e3%83%93\\\/#breadcrumb\",\"itemListElement\":[{\"@type\":\"ListItem\",\"position\":1,\"name\":\"Home\",\"item\":\"https:\\\/\\\/antcube.de\\\/\"},{\"@type\":\"ListItem\",\"position\":2,\"name\":\"Starter Kits Combi\"}]},{\"@type\":\"WebSite\",\"@id\":\"https:\\\/\\\/antcube.de\\\/#website\",\"url\":\"https:\\\/\\\/antcube.de\\\/\",\"name\":\"ANTCUBE\",\"description\":\"ants, ant farms, ant arenas, ant keeping equipment, formicariums, ant nest, ant housing, ant feed, ant colonies, queen ants, pet ants, ant outworld, ant terrarium, ant aquarium, ant store, ant shop\",\"publisher\":{\"@id\":\"https:\\\/\\\/antcube.de\\\/#organization\"},\"potentialAction\":[{\"@type\":\"SearchAction\",\"target\":{\"@type\":\"EntryPoint\",\"urlTemplate\":\"https:\\\/\\\/antcube.de\\\/?s={search_term_string}\"},\"query-input\":{\"@type\":\"PropertyValueSpecification\",\"valueRequired\":true,\"valueName\":\"search_term_string\"}}],\"inLanguage\":\"zh-Hans\"},{\"@type\":\"Organization\",\"@id\":\"https:\\\/\\\/antcube.de\\\/#organization\",\"name\":\"ANTCUBE\",\"url\":\"https:\\\/\\\/antcube.de\\\/\",\"logo\":{\"@type\":\"ImageObject\",\"inLanguage\":\"zh-Hans\",\"@id\":\"https:\\\/\\\/antcube.de\\\/#\\\/schema\\\/logo\\\/image\\\/\",\"url\":\"https:\\\/\\\/antcube.de\\\/wp-content\\\/uploads\\\/2021\\\/02\\\/Antcube-Logo.png\",\"contentUrl\":\"https:\\\/\\\/antcube.de\\\/wp-content\\\/uploads\\\/2021\\\/02\\\/Antcube-Logo.png\",\"width\":5000,\"height\":1469,\"caption\":\"ANTCUBE\"},\"image\":{\"@id\":\"https:\\\/\\\/antcube.de\\\/#\\\/schema\\\/logo\\\/image\\\/\"},\"sameAs\":[\"https:\\\/\\\/www.facebook.com\\\/ANTSTORE\",\"https:\\\/\\\/x.com\\\/Antstore\",\"https:\\\/\\\/www.instagram.com\\\/antstore_world_of_ants\\\/\",\"https:\\\/\\\/www.youtube.com\\\/channel\\\/UCg8ZO8SOJ32swZqT3Eu-86A\"]}]}<\/script>\n<!-- \/ Yoast SEO plugin. -->","yoast_head_json":{"title":"\u5165\u95e8\u5957\u4ef6Combi - ANTCUBE","description":"\u4e3a\u7ecf\u9500\u5546\u548c\u8682\u8681\u5546\u5e97\u63d0\u4f9b\u8682\u8681\u9972\u517b\u8bbe\u5907\u548c\u9972\u517b\u7bb1\u3002\u8bf7\u770b\u770b\u6211\u4eec\u7684\u9ad8\u8d28\u91cf\u7684\u8681\u76d2\u4ea7\u54c1\u3002","robots":{"index":"index","follow":"follow","max-snippet":"max-snippet:-1","max-image-preview":"max-image-preview:large","max-video-preview":"max-video-preview:-1"},"canonical":"https:\/\/antcube.de\/zh\/\u30b9\u30bf\u30fc\u30bf\u30fc\u30ad\u30c3\u30c8\u30b3\u30f3\u30d3\/","og_locale":"zh_CN","og_type":"article","og_title":"Starter Kits Combi - ANTCUBE","og_description":"Ant Keeping Equipment and Formicariums for resellers and ant shops. Have a look at our high quality ANTCUBE products.","og_url":"https:\/\/antcube.de\/zh\/\u30b9\u30bf\u30fc\u30bf\u30fc\u30ad\u30c3\u30c8\u30b3\u30f3\u30d3\/","og_site_name":"ANTCUBE","article_publisher":"https:\/\/www.facebook.com\/ANTSTORE","article_modified_time":"2021-09-27T09:13:26+00:00","og_image":[{"url":"https:\/\/antcube.de\/wp-content\/uploads\/2021\/02\/Starter-Set-Combi-3-1024x1024.jpg","type":"","width":"","height":""}],"twitter_card":"summary_large_image","twitter_site":"@Antstore","twitter_misc":{"\u9884\u8ba1\u9605\u8bfb\u65f6\u95f4":"2 \u5206"},"schema":{"@context":"https:\/\/schema.org","@graph":[{"@type":"WebPage","@id":"https:\/\/antcube.de\/ja\/%e3%82%b9%e3%82%bf%e3%83%bc%e3%82%bf%e3%83%bc%e3%82%ad%e3%83%83%e3%83%88%e3%82%b3%e3%83%b3%e3%83%93\/","url":"https:\/\/antcube.de\/ja\/%e3%82%b9%e3%82%bf%e3%83%bc%e3%82%bf%e3%83%bc%e3%82%ad%e3%83%83%e3%83%88%e3%82%b3%e3%83%b3%e3%83%93\/","name":"\u5165\u95e8\u5957\u4ef6Combi - ANTCUBE","isPartOf":{"@id":"https:\/\/antcube.de\/#website"},"primaryImageOfPage":{"@id":"https:\/\/antcube.de\/ja\/%e3%82%b9%e3%82%bf%e3%83%bc%e3%82%bf%e3%83%bc%e3%82%ad%e3%83%83%e3%83%88%e3%82%b3%e3%83%b3%e3%83%93\/#primaryimage"},"image":{"@id":"https:\/\/antcube.de\/ja\/%e3%82%b9%e3%82%bf%e3%83%bc%e3%82%bf%e3%83%bc%e3%82%ad%e3%83%83%e3%83%88%e3%82%b3%e3%83%b3%e3%83%93\/#primaryimage"},"thumbnailUrl":"https:\/\/antcube.de\/wp-content\/uploads\/2021\/02\/Starter-Set-Combi-3-1024x1024.jpg","datePublished":"2021-02-16T13:40:23+00:00","dateModified":"2021-09-27T09:13:26+00:00","description":"\u4e3a\u7ecf\u9500\u5546\u548c\u8682\u8681\u5546\u5e97\u63d0\u4f9b\u8682\u8681\u9972\u517b\u8bbe\u5907\u548c\u9972\u517b\u7bb1\u3002\u8bf7\u770b\u770b\u6211\u4eec\u7684\u9ad8\u8d28\u91cf\u7684\u8681\u76d2\u4ea7\u54c1\u3002","breadcrumb":{"@id":"https:\/\/antcube.de\/ja\/%e3%82%b9%e3%82%bf%e3%83%bc%e3%82%bf%e3%83%bc%e3%82%ad%e3%83%83%e3%83%88%e3%82%b3%e3%83%b3%e3%83%93\/#breadcrumb"},"inLanguage":"zh-Hans","potentialAction":[{"@type":"ReadAction","target":["https:\/\/antcube.de\/ja\/%e3%82%b9%e3%82%bf%e3%83%bc%e3%82%bf%e3%83%bc%e3%82%ad%e3%83%83%e3%83%88%e3%82%b3%e3%83%b3%e3%83%93\/"]}]},{"@type":"ImageObject","inLanguage":"zh-Hans","@id":"https:\/\/antcube.de\/ja\/%e3%82%b9%e3%82%bf%e3%83%bc%e3%82%bf%e3%83%bc%e3%82%ad%e3%83%83%e3%83%88%e3%82%b3%e3%83%b3%e3%83%93\/#primaryimage","url":"https:\/\/antcube.de\/wp-content\/uploads\/2021\/02\/Starter-Set-Combi-3-1024x1024.jpg","contentUrl":"https:\/\/antcube.de\/wp-content\/uploads\/2021\/02\/Starter-Set-Combi-3-1024x1024.jpg"},{"@type":"BreadcrumbList","@id":"https:\/\/antcube.de\/ja\/%e3%82%b9%e3%82%bf%e3%83%bc%e3%82%bf%e3%83%bc%e3%82%ad%e3%83%83%e3%83%88%e3%82%b3%e3%83%b3%e3%83%93\/#breadcrumb","itemListElement":[{"@type":"ListItem","position":1,"name":"Home","item":"https:\/\/antcube.de\/"},{"@type":"ListItem","position":2,"name":"Starter Kits Combi"}]},{"@type":"WebSite","@id":"https:\/\/antcube.de\/#website","url":"https:\/\/antcube.de\/","name":"ANTCUBE","description":"\u8682\u8681\uff0c\u8682\u8681\u517b\u6b96\u573a\uff0c\u8682\u8681\u7ade\u6280\u573a\uff0c\u8682\u8681\u9972\u517b\u8bbe\u5907\uff0c\u9972\u517b\u7bb1\uff0c\u8682\u8681\u7a9d\uff0c\u8682\u8681\u623f\uff0c\u8682\u8681\u9972\u6599\uff0c\u8682\u8681\u7fa4\uff0c\u8681\u540e\uff0c\u5ba0\u7269\u8682\u8681\uff0c\u8682\u8681\u4e16\u754c\uff0c\u8682\u8681\u9972\u517b\u7bb1\uff0c\u8682\u8681\u6c34\u65cf\u9986\uff0c\u8682\u8681\u5546\u5e97\uff0c\u8682\u8681\u5546\u5e97","publisher":{"@id":"https:\/\/antcube.de\/#organization"},"potentialAction":[{"@type":"SearchAction","target":{"@type":"EntryPoint","urlTemplate":"https:\/\/antcube.de\/?s={search_term_string}"},"query-input":{"@type":"PropertyValueSpecification","valueRequired":true,"valueName":"search_term_string"}}],"inLanguage":"zh-Hans"},{"@type":"Organization","@id":"https:\/\/antcube.de\/#organization","name":"ANTCUBE","url":"https:\/\/antcube.de\/","logo":{"@type":"ImageObject","inLanguage":"zh-Hans","@id":"https:\/\/antcube.de\/#\/schema\/logo\/image\/","url":"https:\/\/antcube.de\/wp-content\/uploads\/2021\/02\/Antcube-Logo.png","contentUrl":"https:\/\/antcube.de\/wp-content\/uploads\/2021\/02\/Antcube-Logo.png","width":5000,"height":1469,"caption":"ANTCUBE"},"image":{"@id":"https:\/\/antcube.de\/#\/schema\/logo\/image\/"},"sameAs":["https:\/\/www.facebook.com\/ANTSTORE","https:\/\/x.com\/Antstore","https:\/\/www.instagram.com\/antstore_world_of_ants\/","https:\/\/www.youtube.com\/channel\/UCg8ZO8SOJ32swZqT3Eu-86A"]}]}},"_links":{"self":[{"href":"https:\/\/antcube.de\/zh\/wp-json\/wp\/v2\/pages\/192","targetHints":{"allow":["GET"]}}],"collection":[{"href":"https:\/\/antcube.de\/zh\/wp-json\/wp\/v2\/pages"}],"about":[{"href":"https:\/\/antcube.de\/zh\/wp-json\/wp\/v2\/types\/page"}],"author":[{"embeddable":true,"href":"https:\/\/antcube.de\/zh\/wp-json\/wp\/v2\/users\/1"}],"replies":[{"embeddable":true,"href":"https:\/\/antcube.de\/zh\/wp-json\/wp\/v2\/comments?post=192"}],"version-history":[{"count":10,"href":"https:\/\/antcube.de\/zh\/wp-json\/wp\/v2\/pages\/192\/revisions"}],"predecessor-version":[{"id":791,"href":"https:\/\/antcube.de\/zh\/wp-json\/wp\/v2\/pages\/192\/revisions\/791"}],"wp:attachment":[{"href":"https:\/\/antcube.de\/zh\/wp-json\/wp\/v2\/media?parent=192"}],"curies":[{"name":"wp","href":"https:\/\/api.w.org\/{rel}","templated":true}]}}