{"id":65,"date":"2021-02-09T11:04:25","date_gmt":"2021-02-09T10:04:25","guid":{"rendered":"https:\/\/antcube.de\/?page_id=65"},"modified":"2025-07-23T17:32:45","modified_gmt":"2025-07-23T15:32:45","slug":"imprint","status":"publish","type":"page","link":"https:\/\/antcube.de\/pt\/imprint\/","title":{"rendered":"Impresso"},"content":{"rendered":"<p>ANTSTORE, Martin Sebesta<br>Selerweg 41<br>D-12169 Berlim<br><br>Tel.: 030 766 870 -51<br>Fax: 030 766 870 -54<br>Email: verkauf (at) antstore . de<br><br>N\u00famero de registo de IVA: DE215167549<br><br>N\u00famero de registo REEE: DE 54590387<br><br>Respons\u00e1vel pelo conte\u00fado sob i.S.d. \u00a7 55 para. 2 RstV: Martin Sebesta (ver acima)<br><\/p>\n\n\n\n<h3 class=\"wp-block-heading\">Condi\u00e7\u00f5es de uso<\/h3>\n\n\n\n<p>\u00c9 permitido fazer o download ou imprimir p\u00e1ginas individuais e\/ou sec\u00e7\u00f5es dos nossos sites para uso privado. No entanto, para fins p\u00fablicos ou comerciais, nenhum dos materiais aqui contidos pode ser copiado, modificado, distribu\u00eddo, publicado, descarregado, carregado, publicado ou transmitido, seja no todo ou em parte, de qualquer forma ou de qualquer forma, sem a pr\u00e9via autoriza\u00e7\u00e3o escrita do ANTCUBE\u2122.<br><br>Sob as seguintes condi\u00e7\u00f5es \u00e9 permitido utilizar as imagens dos nossos produtos para fins n\u00e3o comerciais e para promover os nossos produtos nas lojas locais:<br><br>Todas as imagens t\u00eam de ser marcadas com uma refer\u00eancia. Isto deve ser visto da seguinte forma:<br><br>material impresso: \"refer\u00eancia: www.antcube.de\"<br>p\u00e1gina web: \"refer\u00eancia\": <a rel=\"noreferrer noopener\" href=\"https:\/\/www.antcube.de\" target=\"_blank\">www.antcube.de<\/a> (como liga\u00e7\u00e3o <a rel=\"noreferrer noopener\" href=\"https:\/\/www.antcube.de\" target=\"_blank\">www.antcube.de<\/a>)\u201c<br><br>As nossas imagens n\u00e3o podem ser utilizadas para lojas online ou qualquer outro fim industrial sem a autoriza\u00e7\u00e3o pr\u00e9via por escrito do ANTCUBE\u2122!<\/p>","protected":false},"excerpt":{"rendered":"<p>ANTSTORE, Martin SebestaSelerweg 41D-12169 Berlin Tel.: 030 766 870 -51Fax: 030 766 870 -54Email: verkauf (at) antstore . de VAT registration number: DE215167549 WEEE registration number: DE 54590387 Responsible for content under i.S.d. \u00a7 55 para. 2 RstV: Martin Sebesta (see above) Terms of use Downloading or printing individual pages and \/or sections of our&hellip;&nbsp;<a href=\"https:\/\/antcube.de\/pt\/imprint\/\" rel=\"bookmark\">Ler mais \"<span class=\"screen-reader-text\">Impresso<\/span><\/a><\/p>","protected":false},"author":1,"featured_media":0,"parent":0,"menu_order":0,"comment_status":"closed","ping_status":"closed","template":"","meta":{"neve_meta_sidebar":"full-width","neve_meta_container":"","neve_meta_enable_content_width":"on","neve_meta_content_width":100,"neve_meta_title_alignment":"","neve_meta_author_avatar":"","neve_post_elements_order":"","neve_meta_disable_header":"","neve_meta_disable_footer":"","neve_meta_disable_title":"","footnotes":""},"class_list":["post-65","page","type-page","status-publish","hentry"],"yoast_head":"<!-- This site is optimized with the Yoast SEO plugin v27.3 - https:\/\/yoast.com\/product\/yoast-seo-wordpress\/ -->\n<title>Imprint - ANTCUBE<\/title>\n<meta name=\"description\" content=\"Ant Keeping Equipment and Formicariums for resellers and ant shops. Have a look at our high quality ANTCUBE products.\" \/>\n<meta name=\"robots\" content=\"index, follow, max-snippet:-1, max-image-preview:large, max-video-preview:-1\" \/>\n<link rel=\"canonical\" href=\"https:\/\/antcube.de\/pt\/imprint\/\" \/>\n<meta property=\"og:locale\" content=\"pt_PT\" \/>\n<meta property=\"og:type\" content=\"article\" \/>\n<meta property=\"og:title\" content=\"Imprint - ANTCUBE\" \/>\n<meta property=\"og:description\" content=\"Ant Keeping Equipment and Formicariums for resellers and ant shops. Have a look at our high quality ANTCUBE products.\" \/>\n<meta property=\"og:url\" content=\"https:\/\/antcube.de\/pt\/imprint\/\" \/>\n<meta property=\"og:site_name\" content=\"ANTCUBE\" \/>\n<meta property=\"article:publisher\" content=\"https:\/\/www.facebook.com\/ANTSTORE\" \/>\n<meta property=\"article:modified_time\" content=\"2025-07-23T15:32:45+00:00\" \/>\n<meta name=\"twitter:card\" content=\"summary_large_image\" \/>\n<meta name=\"twitter:site\" content=\"@Antstore\" \/>\n<meta name=\"twitter:label1\" content=\"Tempo estimado de leitura\" \/>\n\t<meta name=\"twitter:data1\" content=\"1 minuto\" \/>\n<script type=\"application\/ld+json\" class=\"yoast-schema-graph\">{\"@context\":\"https:\\\/\\\/schema.org\",\"@graph\":[{\"@type\":\"WebPage\",\"@id\":\"https:\\\/\\\/antcube.de\\\/imprint\\\/\",\"url\":\"https:\\\/\\\/antcube.de\\\/imprint\\\/\",\"name\":\"Imprint - ANTCUBE\",\"isPartOf\":{\"@id\":\"https:\\\/\\\/antcube.de\\\/#website\"},\"datePublished\":\"2021-02-09T10:04:25+00:00\",\"dateModified\":\"2025-07-23T15:32:45+00:00\",\"description\":\"Ant Keeping Equipment and Formicariums for resellers and ant shops. Have a look at our high quality ANTCUBE products.\",\"breadcrumb\":{\"@id\":\"https:\\\/\\\/antcube.de\\\/imprint\\\/#breadcrumb\"},\"inLanguage\":\"pt-PT\",\"potentialAction\":[{\"@type\":\"ReadAction\",\"target\":[\"https:\\\/\\\/antcube.de\\\/imprint\\\/\"]}]},{\"@type\":\"BreadcrumbList\",\"@id\":\"https:\\\/\\\/antcube.de\\\/imprint\\\/#breadcrumb\",\"itemListElement\":[{\"@type\":\"ListItem\",\"position\":1,\"name\":\"Home\",\"item\":\"https:\\\/\\\/antcube.de\\\/\"},{\"@type\":\"ListItem\",\"position\":2,\"name\":\"Imprint\"}]},{\"@type\":\"WebSite\",\"@id\":\"https:\\\/\\\/antcube.de\\\/#website\",\"url\":\"https:\\\/\\\/antcube.de\\\/\",\"name\":\"ANTCUBE\",\"description\":\"ants, ant farms, ant arenas, ant keeping equipment, formicariums, ant nest, ant housing, ant feed, ant colonies, queen ants, pet ants, ant outworld, ant terrarium, ant aquarium, ant store, ant shop\",\"publisher\":{\"@id\":\"https:\\\/\\\/antcube.de\\\/#organization\"},\"potentialAction\":[{\"@type\":\"SearchAction\",\"target\":{\"@type\":\"EntryPoint\",\"urlTemplate\":\"https:\\\/\\\/antcube.de\\\/?s={search_term_string}\"},\"query-input\":{\"@type\":\"PropertyValueSpecification\",\"valueRequired\":true,\"valueName\":\"search_term_string\"}}],\"inLanguage\":\"pt-PT\"},{\"@type\":\"Organization\",\"@id\":\"https:\\\/\\\/antcube.de\\\/#organization\",\"name\":\"ANTCUBE\",\"url\":\"https:\\\/\\\/antcube.de\\\/\",\"logo\":{\"@type\":\"ImageObject\",\"inLanguage\":\"pt-PT\",\"@id\":\"https:\\\/\\\/antcube.de\\\/#\\\/schema\\\/logo\\\/image\\\/\",\"url\":\"https:\\\/\\\/antcube.de\\\/wp-content\\\/uploads\\\/2021\\\/02\\\/Antcube-Logo.png\",\"contentUrl\":\"https:\\\/\\\/antcube.de\\\/wp-content\\\/uploads\\\/2021\\\/02\\\/Antcube-Logo.png\",\"width\":5000,\"height\":1469,\"caption\":\"ANTCUBE\"},\"image\":{\"@id\":\"https:\\\/\\\/antcube.de\\\/#\\\/schema\\\/logo\\\/image\\\/\"},\"sameAs\":[\"https:\\\/\\\/www.facebook.com\\\/ANTSTORE\",\"https:\\\/\\\/x.com\\\/Antstore\",\"https:\\\/\\\/www.instagram.com\\\/antstore_world_of_ants\\\/\",\"https:\\\/\\\/www.youtube.com\\\/channel\\\/UCg8ZO8SOJ32swZqT3Eu-86A\"]}]}<\/script>\n<!-- \/ Yoast SEO plugin. -->","yoast_head_json":{"title":"Impress\u00e3o - ANTCUBE","description":"Formic\u00e1rios e equipamentos para formigas para revendedores e lojas de formigas. Veja os nossos produtos ANTCUBE de alta qualidade.","robots":{"index":"index","follow":"follow","max-snippet":"max-snippet:-1","max-image-preview":"max-image-preview:large","max-video-preview":"max-video-preview:-1"},"canonical":"https:\/\/antcube.de\/pt\/imprint\/","og_locale":"pt_PT","og_type":"article","og_title":"Imprint - ANTCUBE","og_description":"Ant Keeping Equipment and Formicariums for resellers and ant shops. Have a look at our high quality ANTCUBE products.","og_url":"https:\/\/antcube.de\/pt\/imprint\/","og_site_name":"ANTCUBE","article_publisher":"https:\/\/www.facebook.com\/ANTSTORE","article_modified_time":"2025-07-23T15:32:45+00:00","twitter_card":"summary_large_image","twitter_site":"@Antstore","twitter_misc":{"Tempo estimado de leitura":"1 minuto"},"schema":{"@context":"https:\/\/schema.org","@graph":[{"@type":"WebPage","@id":"https:\/\/antcube.de\/imprint\/","url":"https:\/\/antcube.de\/imprint\/","name":"Impress\u00e3o - ANTCUBE","isPartOf":{"@id":"https:\/\/antcube.de\/#website"},"datePublished":"2021-02-09T10:04:25+00:00","dateModified":"2025-07-23T15:32:45+00:00","description":"Formic\u00e1rios e equipamentos para formigas para revendedores e lojas de formigas. Veja os nossos produtos ANTCUBE de alta qualidade.","breadcrumb":{"@id":"https:\/\/antcube.de\/imprint\/#breadcrumb"},"inLanguage":"pt-PT","potentialAction":[{"@type":"ReadAction","target":["https:\/\/antcube.de\/imprint\/"]}]},{"@type":"BreadcrumbList","@id":"https:\/\/antcube.de\/imprint\/#breadcrumb","itemListElement":[{"@type":"ListItem","position":1,"name":"Home","item":"https:\/\/antcube.de\/"},{"@type":"ListItem","position":2,"name":"Imprint"}]},{"@type":"WebSite","@id":"https:\/\/antcube.de\/#website","url":"https:\/\/antcube.de\/","name":"ANTCUBE","description":"formigas, formigueiros, formigueiros, formigueiros, formigueiro, formigueiro, formigueiro, formigueiro, formiga, formiga rainha, formiga de estima\u00e7\u00e3o, formigueiro do exterior, formigueiro do exterior, formigueiro do exterior, formigueiro do exterior, formigueiro do exterior, formigueiro do exterior, formigueiro do exterior","publisher":{"@id":"https:\/\/antcube.de\/#organization"},"potentialAction":[{"@type":"SearchAction","target":{"@type":"EntryPoint","urlTemplate":"https:\/\/antcube.de\/?s={search_term_string}"},"query-input":{"@type":"PropertyValueSpecification","valueRequired":true,"valueName":"search_term_string"}}],"inLanguage":"pt-PT"},{"@type":"Organization","@id":"https:\/\/antcube.de\/#organization","name":"ANTCUBE","url":"https:\/\/antcube.de\/","logo":{"@type":"ImageObject","inLanguage":"pt-PT","@id":"https:\/\/antcube.de\/#\/schema\/logo\/image\/","url":"https:\/\/antcube.de\/wp-content\/uploads\/2021\/02\/Antcube-Logo.png","contentUrl":"https:\/\/antcube.de\/wp-content\/uploads\/2021\/02\/Antcube-Logo.png","width":5000,"height":1469,"caption":"ANTCUBE"},"image":{"@id":"https:\/\/antcube.de\/#\/schema\/logo\/image\/"},"sameAs":["https:\/\/www.facebook.com\/ANTSTORE","https:\/\/x.com\/Antstore","https:\/\/www.instagram.com\/antstore_world_of_ants\/","https:\/\/www.youtube.com\/channel\/UCg8ZO8SOJ32swZqT3Eu-86A"]}]}},"_links":{"self":[{"href":"https:\/\/antcube.de\/pt\/wp-json\/wp\/v2\/pages\/65","targetHints":{"allow":["GET"]}}],"collection":[{"href":"https:\/\/antcube.de\/pt\/wp-json\/wp\/v2\/pages"}],"about":[{"href":"https:\/\/antcube.de\/pt\/wp-json\/wp\/v2\/types\/page"}],"author":[{"embeddable":true,"href":"https:\/\/antcube.de\/pt\/wp-json\/wp\/v2\/users\/1"}],"replies":[{"embeddable":true,"href":"https:\/\/antcube.de\/pt\/wp-json\/wp\/v2\/comments?post=65"}],"version-history":[{"count":2,"href":"https:\/\/antcube.de\/pt\/wp-json\/wp\/v2\/pages\/65\/revisions"}],"predecessor-version":[{"id":817,"href":"https:\/\/antcube.de\/pt\/wp-json\/wp\/v2\/pages\/65\/revisions\/817"}],"wp:attachment":[{"href":"https:\/\/antcube.de\/pt\/wp-json\/wp\/v2\/media?parent=65"}],"curies":[{"name":"wp","href":"https:\/\/api.w.org\/{rel}","templated":true}]}}