{"id":192,"date":"2021-02-16T14:40:23","date_gmt":"2021-02-16T13:40:23","guid":{"rendered":"https:\/\/antcube.de\/?page_id=192"},"modified":"2021-09-27T11:13:26","modified_gmt":"2021-09-27T09:13:26","slug":"starter-kits-combi","status":"publish","type":"page","link":"https:\/\/antcube.de\/pt\/starter-kits-combi\/","title":{"rendered":"Kit de Inicia\u00e7\u00e3o Combi"},"content":{"rendered":"<div class=\"wp-block-cover alignfull has-neve-link-color-background-color has-background-dim\"><div class=\"wp-block-cover__inner-container is-layout-flow wp-block-cover-is-layout-flow\">\n<div style=\"height:59px\" aria-hidden=\"true\" class=\"wp-block-spacer\"><\/div>\n\n\n\n<h2 class=\"has-text-align-center has-nv-site-bg-color has-text-color wp-block-heading\" style=\"font-size:30px\">Os nossos Starter Kits Combi est\u00e3o dispon\u00edveis nos tamanhos S, M ou L<\/h2>\n\n\n\n<p class=\"has-text-align-center\" style=\"font-size:22px\">S = 6 mm para esp\u00e9cies de formigas pequenas, tais como. Myrmica sp.<\/p>\n\n\n\n<p class=\"has-text-align-center\" style=\"font-size:22px\">M = 10mm para esp\u00e9cies de formigas m\u00e9dias como Lasius sp. e Formica sp.<\/p>\n\n\n\n<p class=\"has-text-align-center\" style=\"font-size:22px\">L = 20mm para esp\u00e9cies de formigas grandes, como Camponotus sp. ou com ninho de formiga tamb\u00e9m para esp\u00e9cies de formigas menores.<\/p>\n\n\n\n<p class=\"has-text-align-center\" style=\"font-size:22px\">O vidro de todos os nossos Formic\u00e1rios \u00e9 cortado de acordo com a DIN 1249 com uma toler\u00e2ncia de +\/;- 1mm<\/p>\n\n\n\n<div style=\"height:83px\" aria-hidden=\"true\" class=\"wp-block-spacer\"><\/div>\n<\/div><\/div>\n\n\n\n<div class=\"wp-block-cover alignfull has-nv-light-bg-background-color has-background-dim\" style=\"min-height:600px;aspect-ratio:unset;\"><div class=\"wp-block-cover__inner-container is-layout-flow wp-block-cover-is-layout-flow\">\n<div style=\"height:100px\" aria-hidden=\"true\" class=\"wp-block-spacer\"><\/div>\n\n\n\n<div class=\"wp-block-media-text alignwide is-stacked-on-mobile\"><figure class=\"wp-block-media-text__media\"><img loading=\"lazy\" decoding=\"async\" width=\"1024\" height=\"1024\" src=\"https:\/\/antcube.de\/wp-content\/uploads\/2021\/02\/Starter-Set-Combi-3-1024x1024.jpg\" alt=\"\" class=\"wp-image-301 size-full\" srcset=\"https:\/\/antcube.de\/wp-content\/uploads\/2021\/02\/Starter-Set-Combi-3-1024x1024.jpg 1024w, https:\/\/antcube.de\/wp-content\/uploads\/2021\/02\/Starter-Set-Combi-3-300x300.jpg 300w, https:\/\/antcube.de\/wp-content\/uploads\/2021\/02\/Starter-Set-Combi-3-150x150.jpg 150w, https:\/\/antcube.de\/wp-content\/uploads\/2021\/02\/Starter-Set-Combi-3-768x768.jpg 768w, https:\/\/antcube.de\/wp-content\/uploads\/2021\/02\/Starter-Set-Combi-3-1536x1536.jpg 1536w, https:\/\/antcube.de\/wp-content\/uploads\/2021\/02\/Starter-Set-Combi-3.jpg 2000w\" sizes=\"auto, (max-width: 1024px) 100vw, 1024px\" \/><\/figure><div class=\"wp-block-media-text__content\">\n<h2 class=\"has-neve-link-color-color has-text-color wp-block-heading\">Kit para iniciantes Combi<\/h2>\n\n\n\n<p class=\"has-neve-link-color-color has-text-color\" style=\"font-size:24px\">O Starter Kit Combi foi concebido para principiantes na cria\u00e7\u00e3o de formigas. \u00c9 o nosso produto de baixo pre\u00e7o com um m\u00ednimo de equipamento inclu\u00eddo. Al\u00e9m disso, a \u00e1rea de nidifica\u00e7\u00e3o integrada no formic\u00e1rio poupa muito espa\u00e7o, pelo que cabe em quase qualquer lugar. <\/p>\n\n\n\n<ul class=\"has-neve-link-color-color has-text-color wp-block-list\"><li>1x ANTCUBE - Arena 20x20x20 - Combi em tamanho S, M ou L<\/li><li>1x cobertura de arena de formigas 20\u00d720<\/li><li>2x tampas formicarianas para buracos de 27mm<\/li><li>2x tamp\u00f5es Formicarium para furos de 50mm<\/li><li>1x Solo - bege - 1000g<\/li><li>1x bebedouro 2ml - 360 graus<\/li><li>1x prato transparente 1\u00d720 - esponja<\/li><li>1x lupa de m\u00e3o - 2x - 30mm<\/li><li>1x pin\u00e7a de pl\u00e1stico transparente<\/li><li>1 pipetas de pl\u00e1stico 3ml<\/li><li>1x \u00f3leo de protec\u00e7\u00e3o contra a fuga de formigas 10ml<\/li><li>1x limpador de espuma 150x18x2,5mm<\/li><\/ul>\n<\/div><\/div>\n\n\n\n<div style=\"height:100px\" aria-hidden=\"true\" class=\"wp-block-spacer\"><\/div>\n\n\n\n<figure class=\"wp-block-embed is-type-video is-provider-youtube wp-block-embed-youtube wp-embed-aspect-16-9 wp-has-aspect-ratio\"><div class=\"wp-block-embed__wrapper\">\n<div class=\"nv-iframe-embed\"><iframe loading=\"lazy\" title=\"ANTCUBE Starter Kit Combi para formigas\" width=\"1200\" height=\"675\" src=\"https:\/\/www.youtube.com\/embed\/8aplkQJGajI?feature=oembed\" frameborder=\"0\" allow=\"accelerometer; autoplay; clipboard-write; encrypted-media; gyroscope; picture-in-picture\" allowfullscreen><\/iframe><\/div>\n<\/div><\/figure>\n\n\n\n<figure class=\"wp-block-embed is-type-video is-provider-youtube wp-block-embed-youtube wp-embed-aspect-16-9 wp-has-aspect-ratio\"><div class=\"wp-block-embed__wrapper\">\n<div class=\"nv-iframe-embed\"><iframe loading=\"lazy\" title=\"ANTCUBE Starter Set Combi f\u00fcr Ameisen\" width=\"1200\" height=\"675\" src=\"https:\/\/www.youtube.com\/embed\/980s-qPAM9g?feature=oembed\" frameborder=\"0\" allow=\"accelerometer; autoplay; clipboard-write; encrypted-media; gyroscope; picture-in-picture\" allowfullscreen><\/iframe><\/div>\n<\/div><\/figure>\n\n\n\n<figure class=\"wp-block-embed is-type-video is-provider-youtube wp-block-embed-youtube wp-embed-aspect-16-9 wp-has-aspect-ratio\"><div class=\"wp-block-embed__wrapper\">\n<div class=\"nv-iframe-embed\"><iframe loading=\"lazy\" title=\"ANTCUBE Starter Kit Combi pour les fourmis\" width=\"1200\" height=\"675\" src=\"https:\/\/www.youtube.com\/embed\/rfers9j5Cus?feature=oembed\" frameborder=\"0\" allow=\"accelerometer; autoplay; clipboard-write; encrypted-media; gyroscope; picture-in-picture\" allowfullscreen><\/iframe><\/div>\n<\/div><\/figure>\n\n\n\n<figure class=\"wp-block-embed is-type-video is-provider-youtube wp-block-embed-youtube wp-embed-aspect-16-9 wp-has-aspect-ratio\"><div class=\"wp-block-embed__wrapper\">\n<div class=\"nv-iframe-embed\"><iframe loading=\"lazy\" title=\"ANTCUBE Starter Kit Combi para la cr\u00eda de hormigas\" width=\"1200\" height=\"675\" src=\"https:\/\/www.youtube.com\/embed\/JbRLpAjs16Y?feature=oembed\" frameborder=\"0\" allow=\"accelerometer; autoplay; clipboard-write; encrypted-media; gyroscope; picture-in-picture\" allowfullscreen><\/iframe><\/div>\n<\/div><\/figure>\n\n\n\n<figure class=\"wp-block-embed is-type-video is-provider-youtube wp-block-embed-youtube wp-embed-aspect-16-9 wp-has-aspect-ratio\"><div class=\"wp-block-embed__wrapper\">\n<div class=\"nv-iframe-embed\"><iframe loading=\"lazy\" title=\"ANTCUBE Starter Set Combi por formiche\" width=\"1200\" height=\"675\" src=\"https:\/\/www.youtube.com\/embed\/9uuK6I9iHis?feature=oembed\" frameborder=\"0\" allow=\"accelerometer; autoplay; clipboard-write; encrypted-media; gyroscope; picture-in-picture\" allowfullscreen><\/iframe><\/div>\n<\/div><\/figure>\n\n\n\n<figure class=\"wp-block-embed is-type-video is-provider-youtube wp-block-embed-youtube wp-embed-aspect-16-9 wp-has-aspect-ratio\"><div class=\"wp-block-embed__wrapper\">\n<div class=\"nv-iframe-embed\"><iframe loading=\"lazy\" title=\"ANTCUBE Start Kit Combi f\u00f6r myror\" width=\"1200\" height=\"675\" src=\"https:\/\/www.youtube.com\/embed\/1sBxm7dNgos?feature=oembed\" frameborder=\"0\" allow=\"accelerometer; autoplay; clipboard-write; encrypted-media; gyroscope; picture-in-picture\" allowfullscreen><\/iframe><\/div>\n<\/div><\/figure>\n\n\n\n<figure class=\"wp-block-embed is-type-video is-provider-youtube wp-block-embed-youtube wp-embed-aspect-16-9 wp-has-aspect-ratio\"><div class=\"wp-block-embed__wrapper\">\n<div class=\"nv-iframe-embed\"><iframe loading=\"lazy\" title=\"ANTCUBE Zestaw startowy Combi\" width=\"1200\" height=\"675\" src=\"https:\/\/www.youtube.com\/embed\/OhtgGqG0yxs?feature=oembed\" frameborder=\"0\" allow=\"accelerometer; autoplay; clipboard-write; encrypted-media; gyroscope; picture-in-picture\" allowfullscreen><\/iframe><\/div>\n<\/div><\/figure>\n\n\n\n<figure class=\"wp-block-embed is-type-video is-provider-youtube wp-block-embed-youtube wp-embed-aspect-16-9 wp-has-aspect-ratio\"><div class=\"wp-block-embed__wrapper\">\n<div class=\"nv-iframe-embed\"><iframe loading=\"lazy\" title=\"ANTCUBE - \u0441\u0442\u0430\u0440\u0442\u043e\u0432\u044b\u0439 \u043d\u0430\u0431\u043e\u0440 Combi \u0434\u043b\u044f \u043c\u0443\u0440\u0430\u0432\u044c\u0435\u0432\" width=\"1200\" height=\"675\" src=\"https:\/\/www.youtube.com\/embed\/2g1BQZRpdDs?feature=oembed\" frameborder=\"0\" allow=\"accelerometer; autoplay; clipboard-write; encrypted-media; gyroscope; picture-in-picture\" allowfullscreen><\/iframe><\/div>\n<\/div><\/figure>\n\n\n\n<figure class=\"wp-block-embed is-type-video is-provider-youtube wp-block-embed-youtube wp-embed-aspect-16-9 wp-has-aspect-ratio\"><div class=\"wp-block-embed__wrapper\">\n<div class=\"nv-iframe-embed\"><iframe loading=\"lazy\" title=\"\u0645\u062c\u0645\u0648\u0639\u0629\u0627\u0644\u0645\u0628\u062a\u062f\u0626\u064a\u0646 \u0627\u0644\u062e\u0627\u0635\u0629 \u0628\u0627\u0644\u0646\u0645\u0644 - (ANTCUBE Starter Set Combi)\" width=\"1200\" height=\"675\" src=\"https:\/\/www.youtube.com\/embed\/JYufEylbMOE?feature=oembed\" frameborder=\"0\" allow=\"accelerometer; autoplay; clipboard-write; encrypted-media; gyroscope; picture-in-picture\" allowfullscreen><\/iframe><\/div>\n<\/div><\/figure>\n\n\n\n<figure class=\"wp-block-embed is-type-video is-provider-youtube wp-block-embed-youtube wp-embed-aspect-16-9 wp-has-aspect-ratio\"><div class=\"wp-block-embed__wrapper\">\n<div class=\"nv-iframe-embed\"><iframe loading=\"lazy\" title=\"ANTCUBE Kar\u0131ncalar i\u00e7in Ba\u015flang\u0131\u00e7 Seti Kombi\" width=\"1200\" height=\"675\" src=\"https:\/\/www.youtube.com\/embed\/zVfNWK6SjSg?feature=oembed\" frameborder=\"0\" allow=\"accelerometer; autoplay; clipboard-write; encrypted-media; gyroscope; picture-in-picture\" allowfullscreen><\/iframe><\/div>\n<\/div><\/figure>\n\n\n\n<figure class=\"wp-block-embed is-type-video is-provider-youtube wp-block-embed-youtube wp-embed-aspect-16-9 wp-has-aspect-ratio\"><div class=\"wp-block-embed__wrapper\">\n<div class=\"nv-iframe-embed\"><iframe loading=\"lazy\" title=\"ANTCUBE \u30b9\u30bf\u30fc\u30bf\u30fc\u30bb\u30c3\u30c8\u30fb\u30b3\u30f3\u30d3\u3000\u3059\u3079\u3066\u306e\u30a2\u30ea\u98fc\u80b2\u306b\u5bfe\u5fdc\" width=\"1200\" height=\"675\" src=\"https:\/\/www.youtube.com\/embed\/tkmwA6Hv5a0?feature=oembed\" frameborder=\"0\" allow=\"accelerometer; autoplay; clipboard-write; encrypted-media; gyroscope; picture-in-picture\" allowfullscreen><\/iframe><\/div>\n<\/div><\/figure>\n\n\n\n<figure class=\"wp-block-embed is-type-video is-provider-youtube wp-block-embed-youtube wp-embed-aspect-16-9 wp-has-aspect-ratio\"><div class=\"wp-block-embed__wrapper\">\n<div class=\"nv-iframe-embed\"><iframe loading=\"lazy\" title=\"ANTCUBE Starter Kit Combi \uac1c\ubbf8\ub97c \uc704\ud55c \uc2a4\ud0c0\ud130 \uc138\ud2b8 \ucf64\ube44\" width=\"1200\" height=\"675\" src=\"https:\/\/www.youtube.com\/embed\/Wi-S2OnVWG4?feature=oembed\" frameborder=\"0\" allow=\"accelerometer; autoplay; clipboard-write; encrypted-media; gyroscope; picture-in-picture\" allowfullscreen><\/iframe><\/div>\n<\/div><\/figure>\n\n\n\n<figure class=\"wp-block-embed is-type-video is-provider-youtube wp-block-embed-youtube wp-embed-aspect-16-9 wp-has-aspect-ratio\"><div class=\"wp-block-embed__wrapper\">\n<div class=\"nv-iframe-embed\"><iframe loading=\"lazy\" title=\"ANTCUBO \u8682\u8681\u5165\u95e8\u5957\u88c5\u7ec4\u5408COMBI\" width=\"1200\" height=\"675\" src=\"https:\/\/www.youtube.com\/embed\/Ay561auyhMA?feature=oembed\" frameborder=\"0\" allow=\"accelerometer; autoplay; clipboard-write; encrypted-media; gyroscope; picture-in-picture\" allowfullscreen><\/iframe><\/div>\n<\/div><\/figure>\n\n\n\n<p class=\"has-text-align-center has-large-font-size\"><\/p>\n<\/div><\/div>","protected":false},"excerpt":{"rendered":"","protected":false},"author":1,"featured_media":0,"parent":0,"menu_order":0,"comment_status":"closed","ping_status":"closed","template":"","meta":{"neve_meta_sidebar":"full-width","neve_meta_container":"","neve_meta_enable_content_width":"on","neve_meta_content_width":100,"neve_meta_title_alignment":"","neve_meta_author_avatar":"","neve_post_elements_order":"","neve_meta_disable_header":"","neve_meta_disable_footer":"","neve_meta_disable_title":"","footnotes":""},"class_list":["post-192","page","type-page","status-publish","hentry"],"yoast_head":"<!-- This site is optimized with the Yoast SEO plugin v27.3 - https:\/\/yoast.com\/product\/yoast-seo-wordpress\/ -->\n<title>Starter Kits Combi - ANTCUBE<\/title>\n<meta name=\"description\" content=\"Ant Keeping Equipment and Formicariums for resellers and ant shops. Have a look at our high quality ANTCUBE products.\" \/>\n<meta name=\"robots\" content=\"index, follow, max-snippet:-1, max-image-preview:large, max-video-preview:-1\" \/>\n<link rel=\"canonical\" href=\"https:\/\/antcube.de\/pt\/\u30b9\u30bf\u30fc\u30bf\u30fc\u30ad\u30c3\u30c8\u30b3\u30f3\u30d3\/\" \/>\n<meta property=\"og:locale\" content=\"pt_PT\" \/>\n<meta property=\"og:type\" content=\"article\" \/>\n<meta property=\"og:title\" content=\"Starter Kits Combi - ANTCUBE\" \/>\n<meta property=\"og:description\" content=\"Ant Keeping Equipment and Formicariums for resellers and ant shops. Have a look at our high quality ANTCUBE products.\" \/>\n<meta property=\"og:url\" content=\"https:\/\/antcube.de\/pt\/\u30b9\u30bf\u30fc\u30bf\u30fc\u30ad\u30c3\u30c8\u30b3\u30f3\u30d3\/\" \/>\n<meta property=\"og:site_name\" content=\"ANTCUBE\" \/>\n<meta property=\"article:publisher\" content=\"https:\/\/www.facebook.com\/ANTSTORE\" \/>\n<meta property=\"article:modified_time\" content=\"2021-09-27T09:13:26+00:00\" \/>\n<meta property=\"og:image\" content=\"https:\/\/antcube.de\/wp-content\/uploads\/2021\/02\/Starter-Set-Combi-3-1024x1024.jpg\" \/>\n<meta name=\"twitter:card\" content=\"summary_large_image\" \/>\n<meta name=\"twitter:site\" content=\"@Antstore\" \/>\n<meta name=\"twitter:label1\" content=\"Tempo estimado de leitura\" \/>\n\t<meta name=\"twitter:data1\" content=\"2 minutos\" \/>\n<script type=\"application\/ld+json\" class=\"yoast-schema-graph\">{\"@context\":\"https:\\\/\\\/schema.org\",\"@graph\":[{\"@type\":\"WebPage\",\"@id\":\"https:\\\/\\\/antcube.de\\\/ja\\\/%e3%82%b9%e3%82%bf%e3%83%bc%e3%82%bf%e3%83%bc%e3%82%ad%e3%83%83%e3%83%88%e3%82%b3%e3%83%b3%e3%83%93\\\/\",\"url\":\"https:\\\/\\\/antcube.de\\\/ja\\\/%e3%82%b9%e3%82%bf%e3%83%bc%e3%82%bf%e3%83%bc%e3%82%ad%e3%83%83%e3%83%88%e3%82%b3%e3%83%b3%e3%83%93\\\/\",\"name\":\"Starter Kits Combi - ANTCUBE\",\"isPartOf\":{\"@id\":\"https:\\\/\\\/antcube.de\\\/#website\"},\"primaryImageOfPage\":{\"@id\":\"https:\\\/\\\/antcube.de\\\/ja\\\/%e3%82%b9%e3%82%bf%e3%83%bc%e3%82%bf%e3%83%bc%e3%82%ad%e3%83%83%e3%83%88%e3%82%b3%e3%83%b3%e3%83%93\\\/#primaryimage\"},\"image\":{\"@id\":\"https:\\\/\\\/antcube.de\\\/ja\\\/%e3%82%b9%e3%82%bf%e3%83%bc%e3%82%bf%e3%83%bc%e3%82%ad%e3%83%83%e3%83%88%e3%82%b3%e3%83%b3%e3%83%93\\\/#primaryimage\"},\"thumbnailUrl\":\"https:\\\/\\\/antcube.de\\\/wp-content\\\/uploads\\\/2021\\\/02\\\/Starter-Set-Combi-3-1024x1024.jpg\",\"datePublished\":\"2021-02-16T13:40:23+00:00\",\"dateModified\":\"2021-09-27T09:13:26+00:00\",\"description\":\"Ant Keeping Equipment and Formicariums for resellers and ant shops. Have a look at our high quality ANTCUBE products.\",\"breadcrumb\":{\"@id\":\"https:\\\/\\\/antcube.de\\\/ja\\\/%e3%82%b9%e3%82%bf%e3%83%bc%e3%82%bf%e3%83%bc%e3%82%ad%e3%83%83%e3%83%88%e3%82%b3%e3%83%b3%e3%83%93\\\/#breadcrumb\"},\"inLanguage\":\"pt-PT\",\"potentialAction\":[{\"@type\":\"ReadAction\",\"target\":[\"https:\\\/\\\/antcube.de\\\/ja\\\/%e3%82%b9%e3%82%bf%e3%83%bc%e3%82%bf%e3%83%bc%e3%82%ad%e3%83%83%e3%83%88%e3%82%b3%e3%83%b3%e3%83%93\\\/\"]}]},{\"@type\":\"ImageObject\",\"inLanguage\":\"pt-PT\",\"@id\":\"https:\\\/\\\/antcube.de\\\/ja\\\/%e3%82%b9%e3%82%bf%e3%83%bc%e3%82%bf%e3%83%bc%e3%82%ad%e3%83%83%e3%83%88%e3%82%b3%e3%83%b3%e3%83%93\\\/#primaryimage\",\"url\":\"https:\\\/\\\/antcube.de\\\/wp-content\\\/uploads\\\/2021\\\/02\\\/Starter-Set-Combi-3-1024x1024.jpg\",\"contentUrl\":\"https:\\\/\\\/antcube.de\\\/wp-content\\\/uploads\\\/2021\\\/02\\\/Starter-Set-Combi-3-1024x1024.jpg\"},{\"@type\":\"BreadcrumbList\",\"@id\":\"https:\\\/\\\/antcube.de\\\/ja\\\/%e3%82%b9%e3%82%bf%e3%83%bc%e3%82%bf%e3%83%bc%e3%82%ad%e3%83%83%e3%83%88%e3%82%b3%e3%83%b3%e3%83%93\\\/#breadcrumb\",\"itemListElement\":[{\"@type\":\"ListItem\",\"position\":1,\"name\":\"Home\",\"item\":\"https:\\\/\\\/antcube.de\\\/\"},{\"@type\":\"ListItem\",\"position\":2,\"name\":\"Starter Kits Combi\"}]},{\"@type\":\"WebSite\",\"@id\":\"https:\\\/\\\/antcube.de\\\/#website\",\"url\":\"https:\\\/\\\/antcube.de\\\/\",\"name\":\"ANTCUBE\",\"description\":\"ants, ant farms, ant arenas, ant keeping equipment, formicariums, ant nest, ant housing, ant feed, ant colonies, queen ants, pet ants, ant outworld, ant terrarium, ant aquarium, ant store, ant shop\",\"publisher\":{\"@id\":\"https:\\\/\\\/antcube.de\\\/#organization\"},\"potentialAction\":[{\"@type\":\"SearchAction\",\"target\":{\"@type\":\"EntryPoint\",\"urlTemplate\":\"https:\\\/\\\/antcube.de\\\/?s={search_term_string}\"},\"query-input\":{\"@type\":\"PropertyValueSpecification\",\"valueRequired\":true,\"valueName\":\"search_term_string\"}}],\"inLanguage\":\"pt-PT\"},{\"@type\":\"Organization\",\"@id\":\"https:\\\/\\\/antcube.de\\\/#organization\",\"name\":\"ANTCUBE\",\"url\":\"https:\\\/\\\/antcube.de\\\/\",\"logo\":{\"@type\":\"ImageObject\",\"inLanguage\":\"pt-PT\",\"@id\":\"https:\\\/\\\/antcube.de\\\/#\\\/schema\\\/logo\\\/image\\\/\",\"url\":\"https:\\\/\\\/antcube.de\\\/wp-content\\\/uploads\\\/2021\\\/02\\\/Antcube-Logo.png\",\"contentUrl\":\"https:\\\/\\\/antcube.de\\\/wp-content\\\/uploads\\\/2021\\\/02\\\/Antcube-Logo.png\",\"width\":5000,\"height\":1469,\"caption\":\"ANTCUBE\"},\"image\":{\"@id\":\"https:\\\/\\\/antcube.de\\\/#\\\/schema\\\/logo\\\/image\\\/\"},\"sameAs\":[\"https:\\\/\\\/www.facebook.com\\\/ANTSTORE\",\"https:\\\/\\\/x.com\\\/Antstore\",\"https:\\\/\\\/www.instagram.com\\\/antstore_world_of_ants\\\/\",\"https:\\\/\\\/www.youtube.com\\\/channel\\\/UCg8ZO8SOJ32swZqT3Eu-86A\"]}]}<\/script>\n<!-- \/ Yoast SEO plugin. -->","yoast_head_json":{"title":"Kits Iniciantes Combi - ANTCUBE","description":"Formic\u00e1rios e equipamentos para formigas para revendedores e lojas de formigas. Veja os nossos produtos ANTCUBE de alta qualidade.","robots":{"index":"index","follow":"follow","max-snippet":"max-snippet:-1","max-image-preview":"max-image-preview:large","max-video-preview":"max-video-preview:-1"},"canonical":"https:\/\/antcube.de\/pt\/\u30b9\u30bf\u30fc\u30bf\u30fc\u30ad\u30c3\u30c8\u30b3\u30f3\u30d3\/","og_locale":"pt_PT","og_type":"article","og_title":"Starter Kits Combi - ANTCUBE","og_description":"Ant Keeping Equipment and Formicariums for resellers and ant shops. Have a look at our high quality ANTCUBE products.","og_url":"https:\/\/antcube.de\/pt\/\u30b9\u30bf\u30fc\u30bf\u30fc\u30ad\u30c3\u30c8\u30b3\u30f3\u30d3\/","og_site_name":"ANTCUBE","article_publisher":"https:\/\/www.facebook.com\/ANTSTORE","article_modified_time":"2021-09-27T09:13:26+00:00","og_image":[{"url":"https:\/\/antcube.de\/wp-content\/uploads\/2021\/02\/Starter-Set-Combi-3-1024x1024.jpg","type":"","width":"","height":""}],"twitter_card":"summary_large_image","twitter_site":"@Antstore","twitter_misc":{"Tempo estimado de leitura":"2 minutos"},"schema":{"@context":"https:\/\/schema.org","@graph":[{"@type":"WebPage","@id":"https:\/\/antcube.de\/ja\/%e3%82%b9%e3%82%bf%e3%83%bc%e3%82%bf%e3%83%bc%e3%82%ad%e3%83%83%e3%83%88%e3%82%b3%e3%83%b3%e3%83%93\/","url":"https:\/\/antcube.de\/ja\/%e3%82%b9%e3%82%bf%e3%83%bc%e3%82%bf%e3%83%bc%e3%82%ad%e3%83%83%e3%83%88%e3%82%b3%e3%83%b3%e3%83%93\/","name":"Kits Iniciantes Combi - ANTCUBE","isPartOf":{"@id":"https:\/\/antcube.de\/#website"},"primaryImageOfPage":{"@id":"https:\/\/antcube.de\/ja\/%e3%82%b9%e3%82%bf%e3%83%bc%e3%82%bf%e3%83%bc%e3%82%ad%e3%83%83%e3%83%88%e3%82%b3%e3%83%b3%e3%83%93\/#primaryimage"},"image":{"@id":"https:\/\/antcube.de\/ja\/%e3%82%b9%e3%82%bf%e3%83%bc%e3%82%bf%e3%83%bc%e3%82%ad%e3%83%83%e3%83%88%e3%82%b3%e3%83%b3%e3%83%93\/#primaryimage"},"thumbnailUrl":"https:\/\/antcube.de\/wp-content\/uploads\/2021\/02\/Starter-Set-Combi-3-1024x1024.jpg","datePublished":"2021-02-16T13:40:23+00:00","dateModified":"2021-09-27T09:13:26+00:00","description":"Formic\u00e1rios e equipamentos para formigas para revendedores e lojas de formigas. Veja os nossos produtos ANTCUBE de alta qualidade.","breadcrumb":{"@id":"https:\/\/antcube.de\/ja\/%e3%82%b9%e3%82%bf%e3%83%bc%e3%82%bf%e3%83%bc%e3%82%ad%e3%83%83%e3%83%88%e3%82%b3%e3%83%b3%e3%83%93\/#breadcrumb"},"inLanguage":"pt-PT","potentialAction":[{"@type":"ReadAction","target":["https:\/\/antcube.de\/ja\/%e3%82%b9%e3%82%bf%e3%83%bc%e3%82%bf%e3%83%bc%e3%82%ad%e3%83%83%e3%83%88%e3%82%b3%e3%83%b3%e3%83%93\/"]}]},{"@type":"ImageObject","inLanguage":"pt-PT","@id":"https:\/\/antcube.de\/ja\/%e3%82%b9%e3%82%bf%e3%83%bc%e3%82%bf%e3%83%bc%e3%82%ad%e3%83%83%e3%83%88%e3%82%b3%e3%83%b3%e3%83%93\/#primaryimage","url":"https:\/\/antcube.de\/wp-content\/uploads\/2021\/02\/Starter-Set-Combi-3-1024x1024.jpg","contentUrl":"https:\/\/antcube.de\/wp-content\/uploads\/2021\/02\/Starter-Set-Combi-3-1024x1024.jpg"},{"@type":"BreadcrumbList","@id":"https:\/\/antcube.de\/ja\/%e3%82%b9%e3%82%bf%e3%83%bc%e3%82%bf%e3%83%bc%e3%82%ad%e3%83%83%e3%83%88%e3%82%b3%e3%83%b3%e3%83%93\/#breadcrumb","itemListElement":[{"@type":"ListItem","position":1,"name":"Home","item":"https:\/\/antcube.de\/"},{"@type":"ListItem","position":2,"name":"Starter Kits Combi"}]},{"@type":"WebSite","@id":"https:\/\/antcube.de\/#website","url":"https:\/\/antcube.de\/","name":"ANTCUBE","description":"formigas, formigueiros, formigueiros, formigueiros, formigueiro, formigueiro, formigueiro, formigueiro, formiga, formiga rainha, formiga de estima\u00e7\u00e3o, formigueiro do exterior, formigueiro do exterior, formigueiro do exterior, formigueiro do exterior, formigueiro do exterior, formigueiro do exterior, formigueiro do exterior","publisher":{"@id":"https:\/\/antcube.de\/#organization"},"potentialAction":[{"@type":"SearchAction","target":{"@type":"EntryPoint","urlTemplate":"https:\/\/antcube.de\/?s={search_term_string}"},"query-input":{"@type":"PropertyValueSpecification","valueRequired":true,"valueName":"search_term_string"}}],"inLanguage":"pt-PT"},{"@type":"Organization","@id":"https:\/\/antcube.de\/#organization","name":"ANTCUBE","url":"https:\/\/antcube.de\/","logo":{"@type":"ImageObject","inLanguage":"pt-PT","@id":"https:\/\/antcube.de\/#\/schema\/logo\/image\/","url":"https:\/\/antcube.de\/wp-content\/uploads\/2021\/02\/Antcube-Logo.png","contentUrl":"https:\/\/antcube.de\/wp-content\/uploads\/2021\/02\/Antcube-Logo.png","width":5000,"height":1469,"caption":"ANTCUBE"},"image":{"@id":"https:\/\/antcube.de\/#\/schema\/logo\/image\/"},"sameAs":["https:\/\/www.facebook.com\/ANTSTORE","https:\/\/x.com\/Antstore","https:\/\/www.instagram.com\/antstore_world_of_ants\/","https:\/\/www.youtube.com\/channel\/UCg8ZO8SOJ32swZqT3Eu-86A"]}]}},"_links":{"self":[{"href":"https:\/\/antcube.de\/pt\/wp-json\/wp\/v2\/pages\/192","targetHints":{"allow":["GET"]}}],"collection":[{"href":"https:\/\/antcube.de\/pt\/wp-json\/wp\/v2\/pages"}],"about":[{"href":"https:\/\/antcube.de\/pt\/wp-json\/wp\/v2\/types\/page"}],"author":[{"embeddable":true,"href":"https:\/\/antcube.de\/pt\/wp-json\/wp\/v2\/users\/1"}],"replies":[{"embeddable":true,"href":"https:\/\/antcube.de\/pt\/wp-json\/wp\/v2\/comments?post=192"}],"version-history":[{"count":10,"href":"https:\/\/antcube.de\/pt\/wp-json\/wp\/v2\/pages\/192\/revisions"}],"predecessor-version":[{"id":791,"href":"https:\/\/antcube.de\/pt\/wp-json\/wp\/v2\/pages\/192\/revisions\/791"}],"wp:attachment":[{"href":"https:\/\/antcube.de\/pt\/wp-json\/wp\/v2\/media?parent=192"}],"curies":[{"name":"wp","href":"https:\/\/api.w.org\/{rel}","templated":true}]}}