{"id":9,"date":"2021-02-08T10:49:12","date_gmt":"2021-02-08T09:49:12","guid":{"rendered":"https:\/\/antcube.de\/?page_id=9"},"modified":"2021-04-27T14:20:14","modified_gmt":"2021-04-27T12:20:14","slug":"portofolio","status":"publish","type":"page","link":"https:\/\/antcube.de\/pl\/portofolio\/","title":{"rendered":"Produkty"},"content":{"rendered":"<p><\/p>\n\n\n\n<div class=\"wp-block-cover alignfull has-nv-site-bg-background-color has-background-dim\" style=\"min-height:422px;aspect-ratio:unset;\"><img loading=\"lazy\" decoding=\"async\" width=\"2000\" height=\"2000\" class=\"wp-block-cover__image-background wp-image-222\" alt=\"\" src=\"https:\/\/antcube.de\/wp-content\/uploads\/2021\/02\/Farm.jpg\" style=\"object-position:54% 28%\" data-object-fit=\"cover\" data-object-position=\"54% 28%\" srcset=\"https:\/\/antcube.de\/wp-content\/uploads\/2021\/02\/Farm.jpg 2000w, https:\/\/antcube.de\/wp-content\/uploads\/2021\/02\/Farm-300x300.jpg 300w, https:\/\/antcube.de\/wp-content\/uploads\/2021\/02\/Farm-1024x1024.jpg 1024w, https:\/\/antcube.de\/wp-content\/uploads\/2021\/02\/Farm-150x150.jpg 150w, https:\/\/antcube.de\/wp-content\/uploads\/2021\/02\/Farm-768x768.jpg 768w, https:\/\/antcube.de\/wp-content\/uploads\/2021\/02\/Farm-1536x1536.jpg 1536w\" sizes=\"auto, (max-width: 2000px) 100vw, 2000px\" \/><div class=\"wp-block-cover__inner-container is-layout-flow wp-block-cover-is-layout-flow\">\n<div class=\"wp-block-group\"><div class=\"wp-block-group__inner-container is-layout-flow wp-block-group-is-layout-flow\">\n<h2 class=\"has-text-align-center has-neve-link-color-color has-text-color has-large-font-size wp-block-heading\">Profesjonalne, r\u0119cznie robione produkty do hodowli mr\u00f3wek<\/h2>\n<\/div><\/div>\n\n\n\n<h2 class=\"has-text-align-center has-neve-link-color-color has-text-color wp-block-heading\" style=\"font-size:28px\">Wykonane w Niemczech przez mistrza szklarskiego <\/h2>\n\n\n\n<p><\/p>\n<\/div><\/div>\n\n\n\n<div class=\"wp-block-cover alignfull has-nv-light-bg-background-color has-background-dim\" style=\"min-height:600px;aspect-ratio:unset;\"><div class=\"wp-block-cover__inner-container is-layout-flow wp-block-cover-is-layout-flow\">\n<div class=\"wp-block-group\"><div class=\"wp-block-group__inner-container is-layout-flow wp-block-group-is-layout-flow\">\n<div style=\"height:80px\" aria-hidden=\"true\" class=\"wp-block-spacer\"><\/div>\n\n\n\n<div class=\"wp-block-columns are-vertically-aligned-center is-layout-flex wp-container-core-columns-is-layout-9d6595d7 wp-block-columns-is-layout-flex\">\n<div class=\"wp-block-column is-vertically-aligned-center is-layout-flow wp-block-column-is-layout-flow\" style=\"flex-basis:50%\">\n<figure class=\"wp-block-image size-large\"><img loading=\"lazy\" decoding=\"async\" width=\"1024\" height=\"1024\" src=\"https:\/\/antcube.de\/wp-content\/uploads\/2021\/02\/Starter-Set-Regenwald-3-1024x1024.jpg\" alt=\"\" class=\"wp-image-306\" srcset=\"https:\/\/antcube.de\/wp-content\/uploads\/2021\/02\/Starter-Set-Regenwald-3-1024x1024.jpg 1024w, https:\/\/antcube.de\/wp-content\/uploads\/2021\/02\/Starter-Set-Regenwald-3-300x300.jpg 300w, https:\/\/antcube.de\/wp-content\/uploads\/2021\/02\/Starter-Set-Regenwald-3-150x150.jpg 150w, https:\/\/antcube.de\/wp-content\/uploads\/2021\/02\/Starter-Set-Regenwald-3-768x768.jpg 768w, https:\/\/antcube.de\/wp-content\/uploads\/2021\/02\/Starter-Set-Regenwald-3-1536x1536.jpg 1536w, https:\/\/antcube.de\/wp-content\/uploads\/2021\/02\/Starter-Set-Regenwald-3.jpg 2000w\" sizes=\"auto, (max-width: 1024px) 100vw, 1024px\" \/><\/figure>\n\n\n\n<h3 class=\"has-text-align-center has-neve-text-color-color has-text-color wp-block-heading\">Zestawy startowe Siedlisko<\/h3>\n\n\n\n<p class=\"has-text-align-center has-neve-text-color-color has-text-color\"><\/p>\n\n\n\n<div class=\"wp-block-buttons is-content-justification-center is-layout-flex wp-block-buttons-is-layout-flex\">\n<div class=\"wp-block-button is-style-secondary\"><a class=\"wp-block-button__link\" href=\"https:\/\/antcube.de\/starter-kits-habitat\/\">Wi\u0119cej informacji<\/a><\/div>\n<\/div>\n\n\n\n<div style=\"height:40px\" aria-hidden=\"true\" class=\"wp-block-spacer\"><\/div>\n<\/div>\n\n\n\n<div class=\"wp-block-column is-vertically-aligned-center is-layout-flow wp-block-column-is-layout-flow\" style=\"flex-basis:50%\">\n<figure class=\"wp-block-image size-large\"><img loading=\"lazy\" decoding=\"async\" width=\"1024\" height=\"1024\" src=\"https:\/\/antcube.de\/wp-content\/uploads\/2021\/02\/Starter-Set-Combi-3-1024x1024.jpg\" alt=\"\" class=\"wp-image-301\" srcset=\"https:\/\/antcube.de\/wp-content\/uploads\/2021\/02\/Starter-Set-Combi-3-1024x1024.jpg 1024w, https:\/\/antcube.de\/wp-content\/uploads\/2021\/02\/Starter-Set-Combi-3-300x300.jpg 300w, https:\/\/antcube.de\/wp-content\/uploads\/2021\/02\/Starter-Set-Combi-3-150x150.jpg 150w, https:\/\/antcube.de\/wp-content\/uploads\/2021\/02\/Starter-Set-Combi-3-768x768.jpg 768w, https:\/\/antcube.de\/wp-content\/uploads\/2021\/02\/Starter-Set-Combi-3-1536x1536.jpg 1536w, https:\/\/antcube.de\/wp-content\/uploads\/2021\/02\/Starter-Set-Combi-3.jpg 2000w\" sizes=\"auto, (max-width: 1024px) 100vw, 1024px\" \/><\/figure>\n\n\n\n<h3 class=\"has-text-align-center has-neve-text-color-color has-text-color wp-block-heading\">Zestawy startowe Combi<\/h3>\n\n\n\n<p class=\"has-text-align-center has-neve-text-color-color has-text-color\"><\/p>\n\n\n\n<div class=\"wp-block-buttons is-content-justification-center is-layout-flex wp-block-buttons-is-layout-flex\">\n<div class=\"wp-block-button is-style-secondary\"><a class=\"wp-block-button__link\" href=\"https:\/\/antcube.de\/starter-kits-combi\/\">Wi\u0119cej informacji<\/a><\/div>\n<\/div>\n\n\n\n<div style=\"height:40px\" aria-hidden=\"true\" class=\"wp-block-spacer\"><\/div>\n<\/div>\n<\/div>\n\n\n\n<div style=\"height:40px\" aria-hidden=\"true\" class=\"wp-block-spacer\"><\/div>\n<\/div><\/div>\n<\/div><\/div>\n\n\n\n<div class=\"wp-block-cover alignfull has-neve-link-color-background-color has-background-dim\" style=\"min-height:600px;aspect-ratio:unset;\"><div class=\"wp-block-cover__inner-container is-layout-flow wp-block-cover-is-layout-flow\">\n<div class=\"wp-block-group\"><div class=\"wp-block-group__inner-container is-layout-flow wp-block-group-is-layout-flow\">\n<div style=\"height:80px\" aria-hidden=\"true\" class=\"wp-block-spacer\"><\/div>\n\n\n\n<div class=\"wp-block-columns are-vertically-aligned-center is-layout-flex wp-container-core-columns-is-layout-9d6595d7 wp-block-columns-is-layout-flex\">\n<div class=\"wp-block-column is-vertically-aligned-center is-layout-flow wp-block-column-is-layout-flow\" style=\"flex-basis:50%\">\n<figure class=\"wp-block-image size-large\"><img loading=\"lazy\" decoding=\"async\" width=\"1024\" height=\"1024\" src=\"https:\/\/antcube.de\/wp-content\/uploads\/2021\/02\/Starter-Set-Kork-3-1024x1024.jpg\" alt=\"\" class=\"wp-image-304\" srcset=\"https:\/\/antcube.de\/wp-content\/uploads\/2021\/02\/Starter-Set-Kork-3-1024x1024.jpg 1024w, https:\/\/antcube.de\/wp-content\/uploads\/2021\/02\/Starter-Set-Kork-3-300x300.jpg 300w, https:\/\/antcube.de\/wp-content\/uploads\/2021\/02\/Starter-Set-Kork-3-150x150.jpg 150w, https:\/\/antcube.de\/wp-content\/uploads\/2021\/02\/Starter-Set-Kork-3-768x768.jpg 768w, https:\/\/antcube.de\/wp-content\/uploads\/2021\/02\/Starter-Set-Kork-3-1536x1536.jpg 1536w, https:\/\/antcube.de\/wp-content\/uploads\/2021\/02\/Starter-Set-Kork-3.jpg 2000w\" sizes=\"auto, (max-width: 1024px) 100vw, 1024px\" \/><\/figure>\n\n\n\n<h3 class=\"has-text-align-center has-nv-text-dark-bg-color has-text-color wp-block-heading\">Zestawy startowe Cork, Gypsum, Digfix<\/h3>\n\n\n\n<p class=\"has-text-align-center has-nv-text-dark-bg-color has-text-color\"><\/p>\n\n\n\n<div class=\"wp-block-buttons is-content-justification-center is-layout-flex wp-block-buttons-is-layout-flex\">\n<div class=\"wp-block-button is-style-primary\"><a class=\"wp-block-button__link has-nv-text-dark-bg-background-color has-background\" href=\"https:\/\/antcube.de\/starter-kits-cork-gypsum-digfix\/\">Wi\u0119cej informacji<\/a><\/div>\n<\/div>\n\n\n\n<div style=\"height:40px\" aria-hidden=\"true\" class=\"wp-block-spacer\"><\/div>\n<\/div>\n\n\n\n<div class=\"wp-block-column is-vertically-aligned-center is-layout-flow wp-block-column-is-layout-flow\" style=\"flex-basis:50%\">\n<figure class=\"wp-block-image size-large\"><img loading=\"lazy\" decoding=\"async\" width=\"1024\" height=\"1024\" src=\"https:\/\/antcube.de\/wp-content\/uploads\/2021\/02\/Starter-Set-Messor-3-1024x1024.jpg\" alt=\"\" class=\"wp-image-305\" srcset=\"https:\/\/antcube.de\/wp-content\/uploads\/2021\/02\/Starter-Set-Messor-3-1024x1024.jpg 1024w, https:\/\/antcube.de\/wp-content\/uploads\/2021\/02\/Starter-Set-Messor-3-300x300.jpg 300w, https:\/\/antcube.de\/wp-content\/uploads\/2021\/02\/Starter-Set-Messor-3-150x150.jpg 150w, https:\/\/antcube.de\/wp-content\/uploads\/2021\/02\/Starter-Set-Messor-3-768x768.jpg 768w, https:\/\/antcube.de\/wp-content\/uploads\/2021\/02\/Starter-Set-Messor-3-1536x1536.jpg 1536w, https:\/\/antcube.de\/wp-content\/uploads\/2021\/02\/Starter-Set-Messor-3.jpg 2000w\" sizes=\"auto, (max-width: 1024px) 100vw, 1024px\" \/><\/figure>\n\n\n\n<h3 class=\"has-text-align-center has-nv-text-dark-bg-color has-text-color wp-block-heading\">Zestaw startowy Gatunki Messor<\/h3>\n\n\n\n<p class=\"has-text-align-center has-nv-text-dark-bg-color has-text-color\"><\/p>\n\n\n\n<div class=\"wp-block-buttons is-content-justification-center is-layout-flex wp-block-buttons-is-layout-flex\">\n<div class=\"wp-block-button is-style-secondary\"><a class=\"wp-block-button__link has-neve-text-color-color has-nv-text-dark-bg-background-color has-text-color has-background no-border-radius\" href=\"https:\/\/antcube.de\/starter-kit-for-messor-ant-species\/\">Wi\u0119cej informacji<\/a><\/div>\n<\/div>\n\n\n\n<div style=\"height:40px\" aria-hidden=\"true\" class=\"wp-block-spacer\"><\/div>\n<\/div>\n<\/div>\n<\/div><\/div>\n<\/div><\/div>\n\n\n\n<div class=\"wp-block-cover alignfull has-nv-light-bg-background-color has-background-dim\" style=\"min-height:600px;aspect-ratio:unset;\"><div class=\"wp-block-cover__inner-container is-layout-flow wp-block-cover-is-layout-flow\">\n<div style=\"height:100px\" aria-hidden=\"true\" class=\"wp-block-spacer\"><\/div>\n\n\n\n<div class=\"wp-block-media-text alignwide is-stacked-on-mobile\"><figure class=\"wp-block-media-text__media\"><img loading=\"lazy\" decoding=\"async\" width=\"1024\" height=\"1024\" src=\"https:\/\/antcube.de\/wp-content\/uploads\/2021\/02\/Futterrohrchen-Tranke-1024x1024.jpg\" alt=\"\" class=\"wp-image-240 size-full\" srcset=\"https:\/\/antcube.de\/wp-content\/uploads\/2021\/02\/Futterrohrchen-Tranke-1024x1024.jpg 1024w, https:\/\/antcube.de\/wp-content\/uploads\/2021\/02\/Futterrohrchen-Tranke-300x300.jpg 300w, https:\/\/antcube.de\/wp-content\/uploads\/2021\/02\/Futterrohrchen-Tranke-150x150.jpg 150w, https:\/\/antcube.de\/wp-content\/uploads\/2021\/02\/Futterrohrchen-Tranke-768x768.jpg 768w, https:\/\/antcube.de\/wp-content\/uploads\/2021\/02\/Futterrohrchen-Tranke-1536x1536.jpg 1536w, https:\/\/antcube.de\/wp-content\/uploads\/2021\/02\/Futterrohrchen-Tranke.jpg 2000w\" sizes=\"auto, (max-width: 1024px) 100vw, 1024px\" \/><\/figure><div class=\"wp-block-media-text__content\">\n<h3 class=\"has-neve-link-color-color has-text-color wp-block-heading\">Wi\u0119cej sprz\u0119tu do hodowli mr\u00f3wek<\/h3>\n\n\n\n<p class=\"has-neve-link-color-color has-text-color\">Tutaj mo\u017cna znale\u017a\u0107 nasze dodatkowe wyposa\u017cenie do hodowli mr\u00f3wek oraz wszystkie pasuj\u0105ce produkty modu\u0142owe do rozbudowy naszych zestaw\u00f3w startowych.<\/p>\n\n\n\n<div class=\"wp-block-buttons is-layout-flex wp-block-buttons-is-layout-flex\">\n<div class=\"wp-block-button is-style-secondary\"><a class=\"wp-block-button__link no-border-radius\" href=\"https:\/\/antcube.de\/additional-ant-keeping-equipement\/\">Wi\u0119cej informacji<\/a><\/div>\n<\/div>\n<\/div><\/div>\n\n\n\n<div style=\"height:100px\" aria-hidden=\"true\" class=\"wp-block-spacer\"><\/div>\n\n\n\n<p><\/p>\n<\/div><\/div>\n\n\n\n<p><\/p>","protected":false},"excerpt":{"rendered":"","protected":false},"author":1,"featured_media":0,"parent":0,"menu_order":0,"comment_status":"closed","ping_status":"closed","template":"","meta":{"neve_meta_sidebar":"","neve_meta_container":"","neve_meta_enable_content_width":"on","neve_meta_content_width":100,"neve_meta_title_alignment":"","neve_meta_author_avatar":"","neve_post_elements_order":"","neve_meta_disable_header":"","neve_meta_disable_footer":"","neve_meta_disable_title":"on","footnotes":""},"class_list":["post-9","page","type-page","status-publish","hentry"],"yoast_head":"<!-- This site is optimized with the Yoast SEO plugin v27.5 - https:\/\/yoast.com\/product\/yoast-seo-wordpress\/ -->\n<title>Products - ANTCUBE<\/title>\n<meta name=\"description\" content=\"Ant Keeping Equipment and Formicariums for resellers and ant shops. Have a look at our high quality ANTCUBE products.\" \/>\n<meta name=\"robots\" content=\"index, follow, max-snippet:-1, max-image-preview:large, max-video-preview:-1\" \/>\n<link rel=\"canonical\" href=\"https:\/\/antcube.de\/pl\/\u30dd\u30eb\u30c8\u30d5\u30a9\u30ea\u30aa\/\" \/>\n<meta property=\"og:locale\" content=\"pl_PL\" \/>\n<meta property=\"og:type\" content=\"article\" \/>\n<meta property=\"og:title\" content=\"Products - ANTCUBE\" \/>\n<meta property=\"og:description\" content=\"Ant Keeping Equipment and Formicariums for resellers and ant shops. Have a look at our high quality ANTCUBE products.\" \/>\n<meta property=\"og:url\" content=\"https:\/\/antcube.de\/pl\/\u30dd\u30eb\u30c8\u30d5\u30a9\u30ea\u30aa\/\" \/>\n<meta property=\"og:site_name\" content=\"ANTCUBE\" \/>\n<meta property=\"article:publisher\" content=\"https:\/\/www.facebook.com\/ANTSTORE\" \/>\n<meta property=\"article:modified_time\" content=\"2021-04-27T12:20:14+00:00\" \/>\n<meta property=\"og:image\" content=\"https:\/\/antcube.de\/wp-content\/uploads\/2021\/02\/Farm.jpg\" \/>\n<meta name=\"twitter:card\" content=\"summary_large_image\" \/>\n<meta name=\"twitter:site\" content=\"@Antstore\" \/>\n<meta name=\"twitter:label1\" content=\"Szacowany czas czytania\" \/>\n\t<meta name=\"twitter:data1\" content=\"2 minuty\" \/>\n<script type=\"application\/ld+json\" class=\"yoast-schema-graph\">{\"@context\":\"https:\\\/\\\/schema.org\",\"@graph\":[{\"@type\":\"WebPage\",\"@id\":\"https:\\\/\\\/antcube.de\\\/ja\\\/%e3%83%9d%e3%83%ab%e3%83%88%e3%83%95%e3%82%a9%e3%83%aa%e3%82%aa\\\/\",\"url\":\"https:\\\/\\\/antcube.de\\\/ja\\\/%e3%83%9d%e3%83%ab%e3%83%88%e3%83%95%e3%82%a9%e3%83%aa%e3%82%aa\\\/\",\"name\":\"Products - ANTCUBE\",\"isPartOf\":{\"@id\":\"https:\\\/\\\/antcube.de\\\/#website\"},\"primaryImageOfPage\":{\"@id\":\"https:\\\/\\\/antcube.de\\\/ja\\\/%e3%83%9d%e3%83%ab%e3%83%88%e3%83%95%e3%82%a9%e3%83%aa%e3%82%aa\\\/#primaryimage\"},\"image\":{\"@id\":\"https:\\\/\\\/antcube.de\\\/ja\\\/%e3%83%9d%e3%83%ab%e3%83%88%e3%83%95%e3%82%a9%e3%83%aa%e3%82%aa\\\/#primaryimage\"},\"thumbnailUrl\":\"https:\\\/\\\/antcube.de\\\/wp-content\\\/uploads\\\/2021\\\/02\\\/Farm.jpg\",\"datePublished\":\"2021-02-08T09:49:12+00:00\",\"dateModified\":\"2021-04-27T12:20:14+00:00\",\"description\":\"Ant Keeping Equipment and Formicariums for resellers and ant shops. Have a look at our high quality ANTCUBE products.\",\"breadcrumb\":{\"@id\":\"https:\\\/\\\/antcube.de\\\/ja\\\/%e3%83%9d%e3%83%ab%e3%83%88%e3%83%95%e3%82%a9%e3%83%aa%e3%82%aa\\\/#breadcrumb\"},\"inLanguage\":\"pl-PL\",\"potentialAction\":[{\"@type\":\"ReadAction\",\"target\":[\"https:\\\/\\\/antcube.de\\\/ja\\\/%e3%83%9d%e3%83%ab%e3%83%88%e3%83%95%e3%82%a9%e3%83%aa%e3%82%aa\\\/\"]}]},{\"@type\":\"ImageObject\",\"inLanguage\":\"pl-PL\",\"@id\":\"https:\\\/\\\/antcube.de\\\/ja\\\/%e3%83%9d%e3%83%ab%e3%83%88%e3%83%95%e3%82%a9%e3%83%aa%e3%82%aa\\\/#primaryimage\",\"url\":\"https:\\\/\\\/antcube.de\\\/wp-content\\\/uploads\\\/2021\\\/02\\\/Farm.jpg\",\"contentUrl\":\"https:\\\/\\\/antcube.de\\\/wp-content\\\/uploads\\\/2021\\\/02\\\/Farm.jpg\"},{\"@type\":\"BreadcrumbList\",\"@id\":\"https:\\\/\\\/antcube.de\\\/ja\\\/%e3%83%9d%e3%83%ab%e3%83%88%e3%83%95%e3%82%a9%e3%83%aa%e3%82%aa\\\/#breadcrumb\",\"itemListElement\":[{\"@type\":\"ListItem\",\"position\":1,\"name\":\"Home\",\"item\":\"https:\\\/\\\/antcube.de\\\/\"},{\"@type\":\"ListItem\",\"position\":2,\"name\":\"Products\"}]},{\"@type\":\"WebSite\",\"@id\":\"https:\\\/\\\/antcube.de\\\/#website\",\"url\":\"https:\\\/\\\/antcube.de\\\/\",\"name\":\"ANTCUBE\",\"description\":\"ants, ant farms, ant arenas, ant keeping equipment, formicariums, ant nest, ant housing, ant feed, ant colonies, queen ants, pet ants, ant outworld, ant terrarium, ant aquarium, ant store, ant shop\",\"publisher\":{\"@id\":\"https:\\\/\\\/antcube.de\\\/#organization\"},\"potentialAction\":[{\"@type\":\"SearchAction\",\"target\":{\"@type\":\"EntryPoint\",\"urlTemplate\":\"https:\\\/\\\/antcube.de\\\/?s={search_term_string}\"},\"query-input\":{\"@type\":\"PropertyValueSpecification\",\"valueRequired\":true,\"valueName\":\"search_term_string\"}}],\"inLanguage\":\"pl-PL\"},{\"@type\":\"Organization\",\"@id\":\"https:\\\/\\\/antcube.de\\\/#organization\",\"name\":\"ANTCUBE\",\"url\":\"https:\\\/\\\/antcube.de\\\/\",\"logo\":{\"@type\":\"ImageObject\",\"inLanguage\":\"pl-PL\",\"@id\":\"https:\\\/\\\/antcube.de\\\/#\\\/schema\\\/logo\\\/image\\\/\",\"url\":\"https:\\\/\\\/antcube.de\\\/wp-content\\\/uploads\\\/2021\\\/02\\\/Antcube-Logo.png\",\"contentUrl\":\"https:\\\/\\\/antcube.de\\\/wp-content\\\/uploads\\\/2021\\\/02\\\/Antcube-Logo.png\",\"width\":5000,\"height\":1469,\"caption\":\"ANTCUBE\"},\"image\":{\"@id\":\"https:\\\/\\\/antcube.de\\\/#\\\/schema\\\/logo\\\/image\\\/\"},\"sameAs\":[\"https:\\\/\\\/www.facebook.com\\\/ANTSTORE\",\"https:\\\/\\\/x.com\\\/Antstore\",\"https:\\\/\\\/www.instagram.com\\\/antstore_world_of_ants\\\/\",\"https:\\\/\\\/www.youtube.com\\\/channel\\\/UCg8ZO8SOJ32swZqT3Eu-86A\"]}]}<\/script>\n<!-- \/ Yoast SEO plugin. -->","yoast_head_json":{"title":"Produkty - ANTCUBE","description":"Sprz\u0119t do hodowli mr\u00f3wek i formikaria dla sprzedawc\u00f3w i sklep\u00f3w z mr\u00f3wkami. Prosz\u0119 spojrze\u0107 na nasze wysokiej jako\u015bci produkty ANTCUBE.","robots":{"index":"index","follow":"follow","max-snippet":"max-snippet:-1","max-image-preview":"max-image-preview:large","max-video-preview":"max-video-preview:-1"},"canonical":"https:\/\/antcube.de\/pl\/\u30dd\u30eb\u30c8\u30d5\u30a9\u30ea\u30aa\/","og_locale":"pl_PL","og_type":"article","og_title":"Products - ANTCUBE","og_description":"Ant Keeping Equipment and Formicariums for resellers and ant shops. Have a look at our high quality ANTCUBE products.","og_url":"https:\/\/antcube.de\/pl\/\u30dd\u30eb\u30c8\u30d5\u30a9\u30ea\u30aa\/","og_site_name":"ANTCUBE","article_publisher":"https:\/\/www.facebook.com\/ANTSTORE","article_modified_time":"2021-04-27T12:20:14+00:00","og_image":[{"url":"https:\/\/antcube.de\/wp-content\/uploads\/2021\/02\/Farm.jpg","type":"","width":"","height":""}],"twitter_card":"summary_large_image","twitter_site":"@Antstore","twitter_misc":{"Szacowany czas czytania":"2 minuty"},"schema":{"@context":"https:\/\/schema.org","@graph":[{"@type":"WebPage","@id":"https:\/\/antcube.de\/ja\/%e3%83%9d%e3%83%ab%e3%83%88%e3%83%95%e3%82%a9%e3%83%aa%e3%82%aa\/","url":"https:\/\/antcube.de\/ja\/%e3%83%9d%e3%83%ab%e3%83%88%e3%83%95%e3%82%a9%e3%83%aa%e3%82%aa\/","name":"Produkty - ANTCUBE","isPartOf":{"@id":"https:\/\/antcube.de\/#website"},"primaryImageOfPage":{"@id":"https:\/\/antcube.de\/ja\/%e3%83%9d%e3%83%ab%e3%83%88%e3%83%95%e3%82%a9%e3%83%aa%e3%82%aa\/#primaryimage"},"image":{"@id":"https:\/\/antcube.de\/ja\/%e3%83%9d%e3%83%ab%e3%83%88%e3%83%95%e3%82%a9%e3%83%aa%e3%82%aa\/#primaryimage"},"thumbnailUrl":"https:\/\/antcube.de\/wp-content\/uploads\/2021\/02\/Farm.jpg","datePublished":"2021-02-08T09:49:12+00:00","dateModified":"2021-04-27T12:20:14+00:00","description":"Sprz\u0119t do hodowli mr\u00f3wek i formikaria dla sprzedawc\u00f3w i sklep\u00f3w z mr\u00f3wkami. Prosz\u0119 spojrze\u0107 na nasze wysokiej jako\u015bci produkty ANTCUBE.","breadcrumb":{"@id":"https:\/\/antcube.de\/ja\/%e3%83%9d%e3%83%ab%e3%83%88%e3%83%95%e3%82%a9%e3%83%aa%e3%82%aa\/#breadcrumb"},"inLanguage":"pl-PL","potentialAction":[{"@type":"ReadAction","target":["https:\/\/antcube.de\/ja\/%e3%83%9d%e3%83%ab%e3%83%88%e3%83%95%e3%82%a9%e3%83%aa%e3%82%aa\/"]}]},{"@type":"ImageObject","inLanguage":"pl-PL","@id":"https:\/\/antcube.de\/ja\/%e3%83%9d%e3%83%ab%e3%83%88%e3%83%95%e3%82%a9%e3%83%aa%e3%82%aa\/#primaryimage","url":"https:\/\/antcube.de\/wp-content\/uploads\/2021\/02\/Farm.jpg","contentUrl":"https:\/\/antcube.de\/wp-content\/uploads\/2021\/02\/Farm.jpg"},{"@type":"BreadcrumbList","@id":"https:\/\/antcube.de\/ja\/%e3%83%9d%e3%83%ab%e3%83%88%e3%83%95%e3%82%a9%e3%83%aa%e3%82%aa\/#breadcrumb","itemListElement":[{"@type":"ListItem","position":1,"name":"Home","item":"https:\/\/antcube.de\/"},{"@type":"ListItem","position":2,"name":"Products"}]},{"@type":"WebSite","@id":"https:\/\/antcube.de\/#website","url":"https:\/\/antcube.de\/","name":"ANTCUBE","description":"mr\u00f3wki, farmy mr\u00f3wek, areny mr\u00f3wek, sprz\u0119t do hodowli mr\u00f3wek, formikarium, gniazdo mr\u00f3wek, mieszkanie dla mr\u00f3wek, pasza dla mr\u00f3wek, kolonie mr\u00f3wek, kr\u00f3lowa mr\u00f3wek, mr\u00f3wki domowe, \u015bwiat mr\u00f3wek, terrarium dla mr\u00f3wek, akwarium dla mr\u00f3wek, sklep dla mr\u00f3wek, sklep dla mr\u00f3wek","publisher":{"@id":"https:\/\/antcube.de\/#organization"},"potentialAction":[{"@type":"SearchAction","target":{"@type":"EntryPoint","urlTemplate":"https:\/\/antcube.de\/?s={search_term_string}"},"query-input":{"@type":"PropertyValueSpecification","valueRequired":true,"valueName":"search_term_string"}}],"inLanguage":"pl-PL"},{"@type":"Organization","@id":"https:\/\/antcube.de\/#organization","name":"ANTCUBE","url":"https:\/\/antcube.de\/","logo":{"@type":"ImageObject","inLanguage":"pl-PL","@id":"https:\/\/antcube.de\/#\/schema\/logo\/image\/","url":"https:\/\/antcube.de\/wp-content\/uploads\/2021\/02\/Antcube-Logo.png","contentUrl":"https:\/\/antcube.de\/wp-content\/uploads\/2021\/02\/Antcube-Logo.png","width":5000,"height":1469,"caption":"ANTCUBE"},"image":{"@id":"https:\/\/antcube.de\/#\/schema\/logo\/image\/"},"sameAs":["https:\/\/www.facebook.com\/ANTSTORE","https:\/\/x.com\/Antstore","https:\/\/www.instagram.com\/antstore_world_of_ants\/","https:\/\/www.youtube.com\/channel\/UCg8ZO8SOJ32swZqT3Eu-86A"]}]}},"_links":{"self":[{"href":"https:\/\/antcube.de\/pl\/wp-json\/wp\/v2\/pages\/9","targetHints":{"allow":["GET"]}}],"collection":[{"href":"https:\/\/antcube.de\/pl\/wp-json\/wp\/v2\/pages"}],"about":[{"href":"https:\/\/antcube.de\/pl\/wp-json\/wp\/v2\/types\/page"}],"author":[{"embeddable":true,"href":"https:\/\/antcube.de\/pl\/wp-json\/wp\/v2\/users\/1"}],"replies":[{"embeddable":true,"href":"https:\/\/antcube.de\/pl\/wp-json\/wp\/v2\/comments?post=9"}],"version-history":[{"count":11,"href":"https:\/\/antcube.de\/pl\/wp-json\/wp\/v2\/pages\/9\/revisions"}],"predecessor-version":[{"id":703,"href":"https:\/\/antcube.de\/pl\/wp-json\/wp\/v2\/pages\/9\/revisions\/703"}],"wp:attachment":[{"href":"https:\/\/antcube.de\/pl\/wp-json\/wp\/v2\/media?parent=9"}],"curies":[{"name":"wp","href":"https:\/\/api.w.org\/{rel}","templated":true}]}}