{"id":8,"date":"2021-02-08T10:49:12","date_gmt":"2021-02-08T09:49:12","guid":{"rendered":"https:\/\/antcube.de\/?page_id=8"},"modified":"2025-03-24T10:18:14","modified_gmt":"2025-03-24T09:18:14","slug":"contact","status":"publish","type":"page","link":"https:\/\/antcube.de\/it\/contact\/","title":{"rendered":"Lavora con noi"},"content":{"rendered":"<div class=\"wp-block-cover alignfull is-light\" style=\"min-height:300px;aspect-ratio:unset;\"><span aria-hidden=\"true\" class=\"wp-block-cover__background has-nv-site-bg-background-color has-background-dim-100 has-background-dim\"><\/span><div class=\"wp-block-cover__inner-container is-layout-flow wp-block-cover-is-layout-flow\">\n<div class=\"wp-block-group\"><div class=\"wp-block-group__inner-container is-layout-flow wp-block-group-is-layout-flow\">\n<p><\/p>\n<\/div><\/div>\n\n\n\n<h2 class=\"wp-block-heading has-text-align-center has-neve-text-color-color has-text-color\">Sei interessato a vendere i nostri prodotti?<\/h2>\n<\/div><\/div>\n\n\n\n<h2 class=\"wp-block-heading has-text-align-center has-medium-font-size\">Il nostro obiettivo<\/h2>\n\n\n\n<p class=\"has-text-align-center\">Stiamo cercando rivenditori e partner per vendere i nostri prodotti ANTCUBE ai formicai di tutto il mondo. Vogliamo costruire una comunit\u00e0 internazionale di proprietari di negozi e hobbisti per rendere il formicaio pi\u00f9 popolare e professionale. Se hai gi\u00e0 un negozio o stai cercando una nuova opportunit\u00e0 di business, non esitare a contattarci.<\/p>\n\n\n\n<h2 class=\"wp-block-heading has-text-align-center has-medium-font-size\">Il mantenimento delle formiche \u00e8 un business in crescita<\/h2>\n\n\n\n<p class=\"has-text-align-center\">Ant keeping has become very popular in the last few years. We are witnessing&nbsp;a growing community of passionate ant lovers from all around the world. Additionally we are getting more and more requests from companies, zoos, museums, universities, scientific institutions etc. <\/p>\n\n\n\n<h2 class=\"wp-block-heading has-text-align-center has-medium-font-size\">Perch\u00e9 ANTCUBE?<\/h2>\n\n\n\n<p class=\"has-text-align-center\">Siamo uno dei pi\u00f9 grandi e pi\u00f9 longevi negozi di formiche del mondo. Pi\u00f9 di 20 anni di esperienza nell'allevamento di formiche e nella costruzione di formicai ci hanno reso quello che siamo oggi. Siamo convinti che la qualit\u00e0, la durata e la sostenibilit\u00e0 stiano diventando sempre pi\u00f9 importanti. Perci\u00f2 ci concentriamo sul vetro come materiale per i nostri formicai. A differenza dell'acrilico e della plastica, il vetro lascia un'impronta ecologica molto pi\u00f9 piccola. Inoltre, stiamo lavorando su imballaggi completamente riciclabili.<\/p>\n\n\n\n<p class=\"has-text-align-center\">Il vetro ha anche il vantaggio di non deteriorarsi a nessuna temperatura o umidit\u00e0 adatta alla conservazione delle formiche. Le lastre di vetro non si graffiano cos\u00ec rapidamente, non si deformano e non scoloriscono. La pulizia e il funzionamento sono facili, l'aspetto \u00e8 molto naturale e chic. La nostra protezione di fuga \u00e8 molto efficace, anche con specie di formiche particolarmente piccole, e ci sono infinite possibilit\u00e0 di adattamento ed espansione.<\/p>\n\n\n\n<h2 class=\"wp-block-heading has-text-align-center has-medium-font-size\">Perch\u00e9 tenere la formica?<\/h2>\n\n\n\n<p class=\"has-text-align-center\">Le formiche sono molto facili da tenere, a seconda della specie. Avete bisogno di poco spazio e potete nutrirle praticamente con qualsiasi cosa. Le formiche non causano quasi nessun odore, sono animali molto puliti, non fanno rumore e non producono quasi nessun costo dopo l'acquisto della colonia e del formicaio. Inoltre, non devono mai andare dal veterinario.<\/p>\n\n\n\n<p class=\"has-text-align-center\">Le formiche sono incredibilmente affascinanti. Osservare una singola regina che alleva i suoi primi lavoratori in un periodo di anni e poi vedere la sua colonia crescere fino a migliaia di membri nel corso degli anni attraverso una perfetta cooperazione e uso delle risorse \u00e8 un'esperienza unica. Sono animali estremamente sociali e alcune specie formano diverse caste come lavoratori, soldati, agricoltori o anche infermiere e indovina un po', sono tutte femmine. Le formiche sono anche incredibilmente importanti per il nostro ambiente. Non solo sono presenti in ogni ecosistema abitabile del mondo, ma sono pi\u00f9 specializzate e versatili di qualsiasi altra specie. Le formiche sono simili a noi anche nel modo in cui vivono. La divisione del lavoro, il vivere insieme in grandi colonie in uno spazio ristretto, e l'uso di diversi livelli della catena alimentare in tutti gli ecosistemi le rendono cos\u00ec di successo, proprio come noi umani. L'unica differenza \u00e8 che noi non siamo neanche lontanamente cos\u00ec efficienti, e le formiche esistono da pi\u00f9 di 130 milioni di anni, mentre gli umani esistono solo da circa 300.000.<\/p>\n\n\n\n<div style=\"height:52px\" aria-hidden=\"true\" class=\"wp-block-spacer\"><\/div>\n\n\n\n<h2 class=\"wp-block-heading has-text-align-center\">Negozi e rivenditori in tutto il mondo<\/h2>\n\n\n\n<div style=\"height:57px\" aria-hidden=\"true\" class=\"wp-block-spacer\"><\/div>\n\n\n\n<iframe loading=\"lazy\" src=\"https:\/\/www.google.com\/maps\/d\/embed?mid=1kPxcq25KafaY4NWBfKkzf93Lue9W2LBV\" width=\"1200\" height=\"600\"><\/iframe>\n\n\n\n<div style=\"height:100px\" aria-hidden=\"true\" class=\"wp-block-spacer\"><\/div>\n\n\n\n<div class=\"wp-block-cover alignfull is-light\" style=\"min-height:420px;aspect-ratio:unset;\"><span aria-hidden=\"true\" class=\"wp-block-cover__background has-nv-light-bg-background-color has-background-dim-100 has-background-dim\"><\/span><div class=\"wp-block-cover__inner-container is-layout-flow wp-block-cover-is-layout-flow\">\n<div style=\"height:80px\" aria-hidden=\"true\" class=\"wp-block-spacer\"><\/div>\n\n\n\n<h2 class=\"wp-block-heading has-text-align-center has-neve-link-color-color has-text-color\">Contattateci ora per maggiori informazioni<\/h2>\n\n\n\n<div class=\"wp-block-columns is-layout-flex wp-container-core-columns-is-layout-9d6595d7 wp-block-columns-is-layout-flex\">\n<div class=\"wp-block-column is-layout-flow wp-block-column-is-layout-flow\">\n<div style=\"height:24px\" aria-hidden=\"true\" class=\"wp-block-spacer\"><\/div>\n\n\n\n<h3 class=\"wp-block-heading has-text-align-center has-neve-text-color-color has-text-color\">Chiamateci<\/h3>\n\n\n\n<p class=\"has-text-align-center has-neve-text-color-color has-text-color\" style=\"font-size:15px\">+49 30 766 870 -51<\/p>\n\n\n\n<div style=\"height:24px\" aria-hidden=\"true\" class=\"wp-block-spacer\"><\/div>\n<\/div>\n\n\n\n<div class=\"wp-block-column is-layout-flow wp-block-column-is-layout-flow\">\n<div style=\"height:24px\" aria-hidden=\"true\" class=\"wp-block-spacer\"><\/div>\n\n\n\n<h3 class=\"wp-block-heading has-text-align-center has-neve-text-color-color has-text-color\">Email<\/h3>\n\n\n\n<p class=\"has-text-align-center has-neve-text-color-color has-text-color\" style=\"font-size:15px\">sales@antcube.de<\/p>\n\n\n\n<div style=\"height:24px\" aria-hidden=\"true\" class=\"wp-block-spacer\"><\/div>\n<\/div>\n\n\n\n<div class=\"wp-block-column is-layout-flow wp-block-column-is-layout-flow\">\n<div style=\"height:24px\" aria-hidden=\"true\" class=\"wp-block-spacer\"><\/div>\n\n\n\n<h3 class=\"wp-block-heading has-text-align-center has-neve-text-color-color has-text-color\">Uffici<\/h3>\n\n\n\n<p class=\"has-text-align-center has-neve-text-color-color has-text-color\" style=\"font-size:15px\">Berlino, Germania <\/p>\n\n\n\n<p><\/p>\n\n\n\n<div style=\"height:24px\" aria-hidden=\"true\" class=\"wp-block-spacer\"><\/div>\n<\/div>\n<\/div>\n\n\n\n<div style=\"height:30px\" aria-hidden=\"true\" class=\"wp-block-spacer\"><\/div>\n<\/div><\/div>\n\n\n\n<div class=\"wp-block-cover alignfull is-light\" style=\"min-height:600px;aspect-ratio:unset;\"><span aria-hidden=\"true\" class=\"wp-block-cover__background has-nv-dark-bg-background-color has-background-dim-100 has-background-dim\"><\/span><div class=\"wp-block-cover__inner-container is-layout-flow wp-block-cover-is-layout-flow\">\n<div class=\"wp-block-group\"><div class=\"wp-block-group__inner-container is-layout-flow wp-block-group-is-layout-flow\">\n<div style=\"height:80px\" aria-hidden=\"true\" class=\"wp-block-spacer\"><\/div>\n\n\n\n<div class=\"wp-block-columns is-layout-flex wp-container-core-columns-is-layout-9d6595d7 wp-block-columns-is-layout-flex\">\n<div class=\"wp-block-column is-vertically-aligned-center is-layout-flow wp-block-column-is-layout-flow\" style=\"flex-basis:50%\">\n<h2 class=\"wp-block-heading has-nv-text-dark-bg-color has-text-color\">Inviaci un messaggio o vieni a trovarci<\/h2>\n\n\n\n<p class=\"has-white-color has-text-color\">ANTSTORE<\/p>\n\n\n\n<p class=\"has-nv-site-bg-color has-text-color\">Selerweg 41<\/p>\n\n\n\n<p class=\"has-nv-site-bg-color has-text-color\">D - 12169 Berlino<\/p>\n\n\n\n<p><\/p>\n<\/div>\n\n\n\n<div class=\"wp-block-column is-vertically-aligned-center is-layout-flow wp-block-column-is-layout-flow\" style=\"flex-basis:50%\">\n<iframe loading=\"lazy\" src=\"https:\/\/www.google.com\/maps\/embed?pb=!1m18!1m12!1m3!1d9725.394867716039!2d13.337690107945484!3d52.454711742846605!2m3!1f0!2f0!3f0!3m2!1i1024!2i768!4f13.1!3m3!1m2!1s0x47a85a9242e5bc07%3A0xc44ee1d5a0728440!2sANTSTORE!5e0!3m2!1sde!2sde!4v1613477064897!5m2!1sde!2sde\" style=\"border:0;\" allowfullscreen=\"\" aria-hidden=\"false\" tabindex=\"0\" width=\"600\" height=\"450\" frameborder=\"0\"><\/iframe>\n<\/div>\n<\/div>\n\n\n\n<div style=\"height:40px\" aria-hidden=\"true\" class=\"wp-block-spacer\"><\/div>\n<\/div><\/div>\n<\/div><\/div>\n\n\n\n<div style=\"height:100px\" aria-hidden=\"true\" class=\"wp-block-spacer\"><\/div>\n\n\n\n<h2 class=\"wp-block-heading has-text-align-center\">Seguiteci sui social media<\/h2>\n\n\n\n<ul class=\"wp-block-social-links aligncenter is-style-logos-only is-layout-flex wp-block-social-links-is-layout-flex\"><li class=\"wp-social-link wp-social-link-instagram  wp-block-social-link\"><a rel=\"noopener nofollow\" target=\"_blank\" href=\"https:\/\/www.instagram.com\/antstore_world_of_ants\/\" class=\"wp-block-social-link-anchor\"><svg width=\"24\" height=\"24\" viewbox=\"0 0 24 24\" version=\"1.1\" xmlns=\"http:\/\/www.w3.org\/2000\/svg\" aria-hidden=\"true\" focusable=\"false\"><path d=\"M12,4.622c2.403,0,2.688,0.009,3.637,0.052c0.877,0.04,1.354,0.187,1.671,0.31c0.42,0.163,0.72,0.358,1.035,0.673 c0.315,0.315,0.51,0.615,0.673,1.035c0.123,0.317,0.27,0.794,0.31,1.671c0.043,0.949,0.052,1.234,0.052,3.637 s-0.009,2.688-0.052,3.637c-0.04,0.877-0.187,1.354-0.31,1.671c-0.163,0.42-0.358,0.72-0.673,1.035 c-0.315,0.315-0.615,0.51-1.035,0.673c-0.317,0.123-0.794,0.27-1.671,0.31c-0.949,0.043-1.233,0.052-3.637,0.052 s-2.688-0.009-3.637-0.052c-0.877-0.04-1.354-0.187-1.671-0.31c-0.42-0.163-0.72-0.358-1.035-0.673 c-0.315-0.315-0.51-0.615-0.673-1.035c-0.123-0.317-0.27-0.794-0.31-1.671C4.631,14.688,4.622,14.403,4.622,12 s0.009-2.688,0.052-3.637c0.04-0.877,0.187-1.354,0.31-1.671c0.163-0.42,0.358-0.72,0.673-1.035 c0.315-0.315,0.615-0.51,1.035-0.673c0.317-0.123,0.794-0.27,1.671-0.31C9.312,4.631,9.597,4.622,12,4.622 M12,3 C9.556,3,9.249,3.01,8.289,3.054C7.331,3.098,6.677,3.25,6.105,3.472C5.513,3.702,5.011,4.01,4.511,4.511 c-0.5,0.5-0.808,1.002-1.038,1.594C3.25,6.677,3.098,7.331,3.054,8.289C3.01,9.249,3,9.556,3,12c0,2.444,0.01,2.751,0.054,3.711 c0.044,0.958,0.196,1.612,0.418,2.185c0.23,0.592,0.538,1.094,1.038,1.594c0.5,0.5,1.002,0.808,1.594,1.038 c0.572,0.222,1.227,0.375,2.185,0.418C9.249,20.99,9.556,21,12,21s2.751-0.01,3.711-0.054c0.958-0.044,1.612-0.196,2.185-0.418 c0.592-0.23,1.094-0.538,1.594-1.038c0.5-0.5,0.808-1.002,1.038-1.594c0.222-0.572,0.375-1.227,0.418-2.185 C20.99,14.751,21,14.444,21,12s-0.01-2.751-0.054-3.711c-0.044-0.958-0.196-1.612-0.418-2.185c-0.23-0.592-0.538-1.094-1.038-1.594 c-0.5-0.5-1.002-0.808-1.594-1.038c-0.572-0.222-1.227-0.375-2.185-0.418C14.751,3.01,14.444,3,12,3L12,3z M12,7.378 c-2.552,0-4.622,2.069-4.622,4.622S9.448,16.622,12,16.622s4.622-2.069,4.622-4.622S14.552,7.378,12,7.378z M12,15 c-1.657,0-3-1.343-3-3s1.343-3,3-3s3,1.343,3,3S13.657,15,12,15z M16.804,6.116c-0.596,0-1.08,0.484-1.08,1.08 s0.484,1.08,1.08,1.08c0.596,0,1.08-0.484,1.08-1.08S17.401,6.116,16.804,6.116z\"><\/path><\/svg><span class=\"wp-block-social-link-label screen-reader-text\">Instagram<\/span><\/a><\/li>\n\n<li class=\"wp-social-link wp-social-link-youtube  wp-block-social-link\"><a rel=\"noopener nofollow\" target=\"_blank\" href=\"https:\/\/www.youtube.com\/channel\/UCg8ZO8SOJ32swZqT3Eu-86A\" class=\"wp-block-social-link-anchor\"><svg width=\"24\" height=\"24\" viewbox=\"0 0 24 24\" version=\"1.1\" xmlns=\"http:\/\/www.w3.org\/2000\/svg\" aria-hidden=\"true\" focusable=\"false\"><path d=\"M21.8,8.001c0,0-0.195-1.378-0.795-1.985c-0.76-0.797-1.613-0.801-2.004-0.847c-2.799-0.202-6.997-0.202-6.997-0.202 h-0.009c0,0-4.198,0-6.997,0.202C4.608,5.216,3.756,5.22,2.995,6.016C2.395,6.623,2.2,8.001,2.2,8.001S2,9.62,2,11.238v1.517 c0,1.618,0.2,3.237,0.2,3.237s0.195,1.378,0.795,1.985c0.761,0.797,1.76,0.771,2.205,0.855c1.6,0.153,6.8,0.201,6.8,0.201 s4.203-0.006,7.001-0.209c0.391-0.047,1.243-0.051,2.004-0.847c0.6-0.607,0.795-1.985,0.795-1.985s0.2-1.618,0.2-3.237v-1.517 C22,9.62,21.8,8.001,21.8,8.001z M9.935,14.594l-0.001-5.62l5.404,2.82L9.935,14.594z\"><\/path><\/svg><span class=\"wp-block-social-link-label screen-reader-text\">YouTube<\/span><\/a><\/li>\n\n<li class=\"wp-social-link wp-social-link-twitter  wp-block-social-link\"><a rel=\"noopener nofollow\" target=\"_blank\" href=\"https:\/\/twitter.com\/Antstore\" class=\"wp-block-social-link-anchor\"><svg width=\"24\" height=\"24\" viewbox=\"0 0 24 24\" version=\"1.1\" xmlns=\"http:\/\/www.w3.org\/2000\/svg\" aria-hidden=\"true\" focusable=\"false\"><path d=\"M22.23,5.924c-0.736,0.326-1.527,0.547-2.357,0.646c0.847-0.508,1.498-1.312,1.804-2.27 c-0.793,0.47-1.671,0.812-2.606,0.996C18.324,4.498,17.257,4,16.077,4c-2.266,0-4.103,1.837-4.103,4.103 c0,0.322,0.036,0.635,0.106,0.935C8.67,8.867,5.647,7.234,3.623,4.751C3.27,5.357,3.067,6.062,3.067,6.814 c0,1.424,0.724,2.679,1.825,3.415c-0.673-0.021-1.305-0.206-1.859-0.513c0,0.017,0,0.034,0,0.052c0,1.988,1.414,3.647,3.292,4.023 c-0.344,0.094-0.707,0.144-1.081,0.144c-0.264,0-0.521-0.026-0.772-0.074c0.522,1.63,2.038,2.816,3.833,2.85 c-1.404,1.1-3.174,1.756-5.096,1.756c-0.331,0-0.658-0.019-0.979-0.057c1.816,1.164,3.973,1.843,6.29,1.843 c7.547,0,11.675-6.252,11.675-11.675c0-0.178-0.004-0.355-0.012-0.531C20.985,7.47,21.68,6.747,22.23,5.924z\"><\/path><\/svg><span class=\"wp-block-social-link-label screen-reader-text\">Twitter<\/span><\/a><\/li>\n\n<li class=\"wp-social-link wp-social-link-facebook  wp-block-social-link\"><a rel=\"noopener nofollow\" target=\"_blank\" href=\"https:\/\/www.facebook.com\/ANTSTORE\" class=\"wp-block-social-link-anchor\"><svg width=\"24\" height=\"24\" viewbox=\"0 0 24 24\" version=\"1.1\" xmlns=\"http:\/\/www.w3.org\/2000\/svg\" aria-hidden=\"true\" focusable=\"false\"><path d=\"M12 2C6.5 2 2 6.5 2 12c0 5 3.7 9.1 8.4 9.9v-7H7.9V12h2.5V9.8c0-2.5 1.5-3.9 3.8-3.9 1.1 0 2.2.2 2.2.2v2.5h-1.3c-1.2 0-1.6.8-1.6 1.6V12h2.8l-.4 2.9h-2.3v7C18.3 21.1 22 17 22 12c0-5.5-4.5-10-10-10z\"><\/path><\/svg><span class=\"wp-block-social-link-label screen-reader-text\">Facebook<\/span><\/a><\/li><\/ul>","protected":false},"excerpt":{"rendered":"<p>Il nostro obiettivo Stiamo cercando rivenditori e partner per vendere i nostri prodotti ANTCUBE agli allevatori di formiche di tutto il mondo. Vogliamo costruire una comunit\u00e0 internazionale di negozianti e hobbisti per rendere l'allevamento di formiche pi\u00f9 popolare e professionale. Se possiedi gi\u00e0 un negozio o sei alla ricerca di una nuova opportunit\u00e0 commerciale...&nbsp;<a href=\"https:\/\/antcube.de\/it\/contact\/\" rel=\"bookmark\">Leggi tutto \"<span class=\"screen-reader-text\">Lavora con noi<\/span><\/a><\/p>","protected":false},"author":1,"featured_media":0,"parent":0,"menu_order":0,"comment_status":"closed","ping_status":"closed","template":"","meta":{"neve_meta_sidebar":"","neve_meta_container":"","neve_meta_enable_content_width":"on","neve_meta_content_width":100,"neve_meta_title_alignment":"","neve_meta_author_avatar":"","neve_post_elements_order":"","neve_meta_disable_header":"","neve_meta_disable_footer":"","neve_meta_disable_title":"on","footnotes":""},"class_list":["post-8","page","type-page","status-publish","hentry"],"yoast_head":"<!-- This site is optimized with the Yoast SEO plugin v27.4 - https:\/\/yoast.com\/product\/yoast-seo-wordpress\/ -->\n<title>Work with us - ANTCUBE<\/title>\n<meta name=\"description\" content=\"Ant Keeping Equipment and Formicariums for resellers and ant shops. Have a look at our high quality ANTCUBE products.\" \/>\n<meta name=\"robots\" content=\"index, follow, max-snippet:-1, max-image-preview:large, max-video-preview:-1\" \/>\n<link rel=\"canonical\" href=\"https:\/\/antcube.de\/it\/contact\/\" \/>\n<meta property=\"og:locale\" content=\"it_IT\" \/>\n<meta property=\"og:type\" content=\"article\" \/>\n<meta property=\"og:title\" content=\"Work with us - ANTCUBE\" \/>\n<meta property=\"og:description\" content=\"Ant Keeping Equipment and Formicariums for resellers and ant shops. Have a look at our high quality ANTCUBE products.\" \/>\n<meta property=\"og:url\" content=\"https:\/\/antcube.de\/it\/contact\/\" \/>\n<meta property=\"og:site_name\" content=\"ANTCUBE\" \/>\n<meta property=\"article:publisher\" content=\"https:\/\/www.facebook.com\/ANTSTORE\" \/>\n<meta property=\"article:modified_time\" content=\"2025-03-24T09:18:14+00:00\" \/>\n<meta name=\"twitter:card\" content=\"summary_large_image\" \/>\n<meta name=\"twitter:site\" content=\"@Antstore\" \/>\n<meta name=\"twitter:label1\" content=\"Tempo di lettura stimato\" \/>\n\t<meta name=\"twitter:data1\" content=\"6 minuti\" \/>\n<script type=\"application\/ld+json\" class=\"yoast-schema-graph\">{\"@context\":\"https:\\\/\\\/schema.org\",\"@graph\":[{\"@type\":\"WebPage\",\"@id\":\"https:\\\/\\\/antcube.de\\\/contact\\\/\",\"url\":\"https:\\\/\\\/antcube.de\\\/contact\\\/\",\"name\":\"Work with us - ANTCUBE\",\"isPartOf\":{\"@id\":\"https:\\\/\\\/antcube.de\\\/#website\"},\"datePublished\":\"2021-02-08T09:49:12+00:00\",\"dateModified\":\"2025-03-24T09:18:14+00:00\",\"description\":\"Ant Keeping Equipment and Formicariums for resellers and ant shops. Have a look at our high quality ANTCUBE products.\",\"breadcrumb\":{\"@id\":\"https:\\\/\\\/antcube.de\\\/contact\\\/#breadcrumb\"},\"inLanguage\":\"it-IT\",\"potentialAction\":[{\"@type\":\"ReadAction\",\"target\":[\"https:\\\/\\\/antcube.de\\\/contact\\\/\"]}]},{\"@type\":\"BreadcrumbList\",\"@id\":\"https:\\\/\\\/antcube.de\\\/contact\\\/#breadcrumb\",\"itemListElement\":[{\"@type\":\"ListItem\",\"position\":1,\"name\":\"Home\",\"item\":\"https:\\\/\\\/antcube.de\\\/\"},{\"@type\":\"ListItem\",\"position\":2,\"name\":\"Work with us\"}]},{\"@type\":\"WebSite\",\"@id\":\"https:\\\/\\\/antcube.de\\\/#website\",\"url\":\"https:\\\/\\\/antcube.de\\\/\",\"name\":\"ANTCUBE\",\"description\":\"ants, ant farms, ant arenas, ant keeping equipment, formicariums, ant nest, ant housing, ant feed, ant colonies, queen ants, pet ants, ant outworld, ant terrarium, ant aquarium, ant store, ant shop\",\"publisher\":{\"@id\":\"https:\\\/\\\/antcube.de\\\/#organization\"},\"potentialAction\":[{\"@type\":\"SearchAction\",\"target\":{\"@type\":\"EntryPoint\",\"urlTemplate\":\"https:\\\/\\\/antcube.de\\\/?s={search_term_string}\"},\"query-input\":{\"@type\":\"PropertyValueSpecification\",\"valueRequired\":true,\"valueName\":\"search_term_string\"}}],\"inLanguage\":\"it-IT\"},{\"@type\":\"Organization\",\"@id\":\"https:\\\/\\\/antcube.de\\\/#organization\",\"name\":\"ANTCUBE\",\"url\":\"https:\\\/\\\/antcube.de\\\/\",\"logo\":{\"@type\":\"ImageObject\",\"inLanguage\":\"it-IT\",\"@id\":\"https:\\\/\\\/antcube.de\\\/#\\\/schema\\\/logo\\\/image\\\/\",\"url\":\"https:\\\/\\\/antcube.de\\\/wp-content\\\/uploads\\\/2021\\\/02\\\/Antcube-Logo.png\",\"contentUrl\":\"https:\\\/\\\/antcube.de\\\/wp-content\\\/uploads\\\/2021\\\/02\\\/Antcube-Logo.png\",\"width\":5000,\"height\":1469,\"caption\":\"ANTCUBE\"},\"image\":{\"@id\":\"https:\\\/\\\/antcube.de\\\/#\\\/schema\\\/logo\\\/image\\\/\"},\"sameAs\":[\"https:\\\/\\\/www.facebook.com\\\/ANTSTORE\",\"https:\\\/\\\/x.com\\\/Antstore\",\"https:\\\/\\\/www.instagram.com\\\/antstore_world_of_ants\\\/\",\"https:\\\/\\\/www.youtube.com\\\/channel\\\/UCg8ZO8SOJ32swZqT3Eu-86A\"]}]}<\/script>\n<!-- \/ Yoast SEO plugin. -->","yoast_head_json":{"title":"Lavora con noi - ANTCUBE","description":"Attrezzature per l'allevamento delle formiche e formicai per rivenditori e negozi di formiche. Dia un'occhiata ai nostri prodotti ANTCUBE di alta qualit\u00e0.","robots":{"index":"index","follow":"follow","max-snippet":"max-snippet:-1","max-image-preview":"max-image-preview:large","max-video-preview":"max-video-preview:-1"},"canonical":"https:\/\/antcube.de\/it\/contact\/","og_locale":"it_IT","og_type":"article","og_title":"Work with us - ANTCUBE","og_description":"Ant Keeping Equipment and Formicariums for resellers and ant shops. Have a look at our high quality ANTCUBE products.","og_url":"https:\/\/antcube.de\/it\/contact\/","og_site_name":"ANTCUBE","article_publisher":"https:\/\/www.facebook.com\/ANTSTORE","article_modified_time":"2025-03-24T09:18:14+00:00","twitter_card":"summary_large_image","twitter_site":"@Antstore","twitter_misc":{"Tempo di lettura stimato":"6 minuti"},"schema":{"@context":"https:\/\/schema.org","@graph":[{"@type":"WebPage","@id":"https:\/\/antcube.de\/contact\/","url":"https:\/\/antcube.de\/contact\/","name":"Lavora con noi - ANTCUBE","isPartOf":{"@id":"https:\/\/antcube.de\/#website"},"datePublished":"2021-02-08T09:49:12+00:00","dateModified":"2025-03-24T09:18:14+00:00","description":"Attrezzature per l'allevamento delle formiche e formicai per rivenditori e negozi di formiche. Dia un'occhiata ai nostri prodotti ANTCUBE di alta qualit\u00e0.","breadcrumb":{"@id":"https:\/\/antcube.de\/contact\/#breadcrumb"},"inLanguage":"it-IT","potentialAction":[{"@type":"ReadAction","target":["https:\/\/antcube.de\/contact\/"]}]},{"@type":"BreadcrumbList","@id":"https:\/\/antcube.de\/contact\/#breadcrumb","itemListElement":[{"@type":"ListItem","position":1,"name":"Home","item":"https:\/\/antcube.de\/"},{"@type":"ListItem","position":2,"name":"Work with us"}]},{"@type":"WebSite","@id":"https:\/\/antcube.de\/#website","url":"https:\/\/antcube.de\/","name":"ANTCUBO","description":"formiche, fattorie di formica, arene di formica, formica mantenendo attrezzature, formicari, nido di formica, alloggiamento di formica, cibo di formica, colonie di formica, formiche regina, formiche da compagnia, mondo esterno di formica, terrario di formica, acquario di formica, negozio di formica, negozio di formica","publisher":{"@id":"https:\/\/antcube.de\/#organization"},"potentialAction":[{"@type":"SearchAction","target":{"@type":"EntryPoint","urlTemplate":"https:\/\/antcube.de\/?s={search_term_string}"},"query-input":{"@type":"PropertyValueSpecification","valueRequired":true,"valueName":"search_term_string"}}],"inLanguage":"it-IT"},{"@type":"Organization","@id":"https:\/\/antcube.de\/#organization","name":"ANTCUBO","url":"https:\/\/antcube.de\/","logo":{"@type":"ImageObject","inLanguage":"it-IT","@id":"https:\/\/antcube.de\/#\/schema\/logo\/image\/","url":"https:\/\/antcube.de\/wp-content\/uploads\/2021\/02\/Antcube-Logo.png","contentUrl":"https:\/\/antcube.de\/wp-content\/uploads\/2021\/02\/Antcube-Logo.png","width":5000,"height":1469,"caption":"ANTCUBE"},"image":{"@id":"https:\/\/antcube.de\/#\/schema\/logo\/image\/"},"sameAs":["https:\/\/www.facebook.com\/ANTSTORE","https:\/\/x.com\/Antstore","https:\/\/www.instagram.com\/antstore_world_of_ants\/","https:\/\/www.youtube.com\/channel\/UCg8ZO8SOJ32swZqT3Eu-86A"]}]}},"_links":{"self":[{"href":"https:\/\/antcube.de\/it\/wp-json\/wp\/v2\/pages\/8","targetHints":{"allow":["GET"]}}],"collection":[{"href":"https:\/\/antcube.de\/it\/wp-json\/wp\/v2\/pages"}],"about":[{"href":"https:\/\/antcube.de\/it\/wp-json\/wp\/v2\/types\/page"}],"author":[{"embeddable":true,"href":"https:\/\/antcube.de\/it\/wp-json\/wp\/v2\/users\/1"}],"replies":[{"embeddable":true,"href":"https:\/\/antcube.de\/it\/wp-json\/wp\/v2\/comments?post=8"}],"version-history":[{"count":10,"href":"https:\/\/antcube.de\/it\/wp-json\/wp\/v2\/pages\/8\/revisions"}],"predecessor-version":[{"id":815,"href":"https:\/\/antcube.de\/it\/wp-json\/wp\/v2\/pages\/8\/revisions\/815"}],"wp:attachment":[{"href":"https:\/\/antcube.de\/it\/wp-json\/wp\/v2\/media?parent=8"}],"curies":[{"name":"wp","href":"https:\/\/api.w.org\/{rel}","templated":true}]}}