{"id":7,"date":"2021-02-08T10:49:12","date_gmt":"2021-02-08T09:49:12","guid":{"rendered":"https:\/\/antcube.de\/?page_id=7"},"modified":"2021-11-29T12:08:29","modified_gmt":"2021-11-29T11:08:29","slug":"ueber-uns","status":"publish","type":"page","link":"https:\/\/antcube.de\/fr\/ueber-uns\/","title":{"rendered":"\u00c0 propos \/ trouvez votre magasin"},"content":{"rendered":"<div class=\"wp-block-cover alignfull has-nv-light-bg-background-color has-background-dim\" style=\"min-height:600px;aspect-ratio:unset;\"><div class=\"wp-block-cover__inner-container is-layout-flow wp-block-cover-is-layout-flow\">\n<div class=\"wp-block-group\"><div class=\"wp-block-group__inner-container is-layout-flow wp-block-group-is-layout-flow\">\n<div style=\"height:80px\" aria-hidden=\"true\" class=\"wp-block-spacer\"><\/div>\n\n\n\n<div class=\"wp-block-columns are-vertically-aligned-center is-layout-flex wp-container-core-columns-is-layout-9d6595d7 wp-block-columns-is-layout-flex\">\n<div class=\"wp-block-column is-vertically-aligned-center is-layout-flow wp-block-column-is-layout-flow\" style=\"flex-basis:50%\">\n<figure class=\"wp-block-image size-large\"><img loading=\"lazy\" decoding=\"async\" width=\"512\" height=\"512\" src=\"https:\/\/antcube.de\/wp-content\/uploads\/2021\/02\/cropped-Antcube-Logo-1.png\" alt=\"\" class=\"wp-image-15\" srcset=\"https:\/\/antcube.de\/wp-content\/uploads\/2021\/02\/cropped-Antcube-Logo-1.png 512w, https:\/\/antcube.de\/wp-content\/uploads\/2021\/02\/cropped-Antcube-Logo-1-300x300.png 300w, https:\/\/antcube.de\/wp-content\/uploads\/2021\/02\/cropped-Antcube-Logo-1-150x150.png 150w, https:\/\/antcube.de\/wp-content\/uploads\/2021\/02\/cropped-Antcube-Logo-1-270x270.png 270w, https:\/\/antcube.de\/wp-content\/uploads\/2021\/02\/cropped-Antcube-Logo-1-192x192.png 192w, https:\/\/antcube.de\/wp-content\/uploads\/2021\/02\/cropped-Antcube-Logo-1-180x180.png 180w, https:\/\/antcube.de\/wp-content\/uploads\/2021\/02\/cropped-Antcube-Logo-1-32x32.png 32w\" sizes=\"auto, (max-width: 512px) 100vw, 512px\" \/><\/figure>\n<\/div>\n\n\n\n<div class=\"wp-block-column is-vertically-aligned-center is-layout-flow wp-block-column-is-layout-flow\" style=\"flex-basis:50%\">\n<h2 class=\"has-neve-text-color-color has-text-color wp-block-heading\" style=\"font-size:45px\">L'histoire de ANTCUBE\u2122<\/h2>\n\n\n\n<p class=\"has-neve-text-color-color has-text-color has-medium-font-size\">ANTCUBE\u2122 a \u00e9t\u00e9 cr\u00e9\u00e9 d\u00e9but 2015 par Martin Sebesta, le fondateur d'ANTSTORE. Apr\u00e8s 15 ans d'activit\u00e9, il voulait cr\u00e9er un produit parfaitement con\u00e7u pour les fourmiliers et leurs fourmis. Gr\u00e2ce \u00e0 son expertise, apr\u00e8s avoir fait face aux nombreux probl\u00e8mes que les fourmiliers et les fourmis rencontrent avec les produits existants, il a con\u00e7u une nouvelle s\u00e9rie de Formicariums. Le site ANTCUBE\u2122 \u00e9tait n\u00e9. Depuis lors, nous n'avons cess\u00e9 d'am\u00e9liorer nos produits et nous travaillons sans cesse \u00e0 de nouvelles innovations. <\/p>\n<\/div>\n<\/div>\n\n\n\n<div style=\"height:40px\" aria-hidden=\"true\" class=\"wp-block-spacer\"><\/div>\n\n\n\n<h2 class=\"has-text-align-center has-neve-link-color-color has-text-color wp-block-heading\"><strong>Magasins et revendeurs dans le monde entier<\/strong><\/h2>\n\n\n\n<div style=\"height:40px\" aria-hidden=\"true\" class=\"wp-block-spacer\"><\/div>\n<\/div><\/div>\n\n\n\n<iframe loading=\"lazy\" src=\"https:\/\/www.google.com\/maps\/d\/embed?mid=1kPxcq25KafaY4NWBfKkzf93Lue9W2LBV\" width=\"1200\" height=\"600\"><\/iframe>\n\n\n\n<div style=\"height:100px\" aria-hidden=\"true\" class=\"wp-block-spacer\"><\/div>\n<\/div><\/div>\n\n\n\n<div class=\"wp-block-cover alignfull has-nv-dark-bg-background-color has-background-dim\" style=\"min-height:600px;aspect-ratio:unset;\"><div class=\"wp-block-cover__inner-container is-layout-flow wp-block-cover-is-layout-flow\">\n<div class=\"wp-block-group\"><div class=\"wp-block-group__inner-container is-layout-flow wp-block-group-is-layout-flow\">\n<div style=\"height:80px\" aria-hidden=\"true\" class=\"wp-block-spacer\"><\/div>\n\n\n\n<div class=\"wp-block-columns are-vertically-aligned-center is-layout-flex wp-container-core-columns-is-layout-9d6595d7 wp-block-columns-is-layout-flex\">\n<div class=\"wp-block-column is-vertically-aligned-center is-layout-flow wp-block-column-is-layout-flow\" style=\"flex-basis:50%\">\n<h2 class=\"has-nv-text-dark-bg-color has-text-color wp-block-heading\">Notre objectif<\/h2>\n\n\n\n<p class=\"has-nv-text-dark-bg-color has-text-color\">Nous voulons rendre la garde des fourmis plus professionnelle et plus populaire dans le monde entier. <\/p>\n\n\n\n<p class=\"has-nv-text-dark-bg-color has-text-color\">Le verre autre que le plastique ou l'acrylique ne change pas de forme avec le temps (par la chaleur ou l'humidit\u00e9), ce qui maintient les fourmis dans leur installation et facilite au maximum leur entretien. De plus, le verre a une tr\u00e8s longue dur\u00e9e de vie et r\u00e9duit ainsi les d\u00e9chets.<\/p>\n\n\n\n<p class=\"has-nv-text-dark-bg-color has-text-color\">Nous utilisons \u00e9galement des emballages et des mat\u00e9riaux durables pour nos produits chaque fois que nous le pouvons afin de r\u00e9duire notre impact sur le changement climatique.<\/p>\n\n\n\n<div class=\"wp-block-buttons is-layout-flex wp-block-buttons-is-layout-flex\">\n<div class=\"wp-block-button\"><a class=\"wp-block-button__link\" href=\"https:\/\/antcube.de\/contact\/\">En savoir plus ou devenir partenaire<\/a><\/div>\n<\/div>\n\n\n\n<div style=\"height:20px\" aria-hidden=\"true\" class=\"wp-block-spacer\"><\/div>\n\n\n\n<div style=\"height:20px\" aria-hidden=\"true\" class=\"wp-block-spacer\"><\/div>\n<\/div>\n\n\n\n<div class=\"wp-block-column is-vertically-aligned-center is-layout-flow wp-block-column-is-layout-flow\" style=\"flex-basis:50%\">\n<figure class=\"wp-block-image size-large\"><img loading=\"lazy\" decoding=\"async\" width=\"1024\" height=\"1024\" src=\"https:\/\/antcube.de\/wp-content\/uploads\/2021\/02\/Futterrohrchen-Tranke-1024x1024.jpg\" alt=\"\" class=\"wp-image-240\" srcset=\"https:\/\/antcube.de\/wp-content\/uploads\/2021\/02\/Futterrohrchen-Tranke-1024x1024.jpg 1024w, https:\/\/antcube.de\/wp-content\/uploads\/2021\/02\/Futterrohrchen-Tranke-300x300.jpg 300w, https:\/\/antcube.de\/wp-content\/uploads\/2021\/02\/Futterrohrchen-Tranke-150x150.jpg 150w, https:\/\/antcube.de\/wp-content\/uploads\/2021\/02\/Futterrohrchen-Tranke-768x768.jpg 768w, https:\/\/antcube.de\/wp-content\/uploads\/2021\/02\/Futterrohrchen-Tranke-1536x1536.jpg 1536w, https:\/\/antcube.de\/wp-content\/uploads\/2021\/02\/Futterrohrchen-Tranke.jpg 2000w\" sizes=\"auto, (max-width: 1024px) 100vw, 1024px\" \/><\/figure>\n<\/div>\n<\/div>\n\n\n\n<div style=\"height:40px\" aria-hidden=\"true\" class=\"wp-block-spacer\"><\/div>\n<\/div><\/div>\n<\/div><\/div>","protected":false},"excerpt":{"rendered":"","protected":false},"author":1,"featured_media":0,"parent":0,"menu_order":0,"comment_status":"closed","ping_status":"closed","template":"","meta":{"neve_meta_sidebar":"","neve_meta_container":"","neve_meta_enable_content_width":"on","neve_meta_content_width":100,"neve_meta_title_alignment":"","neve_meta_author_avatar":"","neve_post_elements_order":"","neve_meta_disable_header":"","neve_meta_disable_footer":"","neve_meta_disable_title":"on","footnotes":""},"class_list":["post-7","page","type-page","status-publish","hentry"],"yoast_head":"<!-- This site is optimized with the Yoast SEO plugin v27.4 - https:\/\/yoast.com\/product\/yoast-seo-wordpress\/ -->\n<title>About \/ find your Store - ANTCUBE<\/title>\n<meta name=\"description\" content=\"Ant Keeping Equipment and Formicariums for resellers and ant shops. Have a look at our high quality ANTCUBE products.\" \/>\n<meta name=\"robots\" content=\"index, follow, max-snippet:-1, max-image-preview:large, max-video-preview:-1\" \/>\n<link rel=\"canonical\" href=\"https:\/\/antcube.de\/fr\/ueber-uns\/\" \/>\n<meta property=\"og:locale\" content=\"fr_FR\" \/>\n<meta property=\"og:type\" content=\"article\" \/>\n<meta property=\"og:title\" content=\"About \/ find your Store - ANTCUBE\" \/>\n<meta property=\"og:description\" content=\"Ant Keeping Equipment and Formicariums for resellers and ant shops. Have a look at our high quality ANTCUBE products.\" \/>\n<meta property=\"og:url\" content=\"https:\/\/antcube.de\/fr\/ueber-uns\/\" \/>\n<meta property=\"og:site_name\" content=\"ANTCUBE\" \/>\n<meta property=\"article:publisher\" content=\"https:\/\/www.facebook.com\/ANTSTORE\" \/>\n<meta property=\"article:modified_time\" content=\"2021-11-29T11:08:29+00:00\" \/>\n<meta property=\"og:image\" content=\"https:\/\/antcube.de\/wp-content\/uploads\/2021\/02\/cropped-Antcube-Logo-1.png\" \/>\n<meta name=\"twitter:card\" content=\"summary_large_image\" \/>\n<meta name=\"twitter:site\" content=\"@Antstore\" \/>\n<meta name=\"twitter:label1\" content=\"Dur\u00e9e de lecture estim\u00e9e\" \/>\n\t<meta name=\"twitter:data1\" content=\"2 minutes\" \/>\n<script type=\"application\/ld+json\" class=\"yoast-schema-graph\">{\"@context\":\"https:\\\/\\\/schema.org\",\"@graph\":[{\"@type\":\"WebPage\",\"@id\":\"https:\\\/\\\/antcube.de\\\/ueber-uns\\\/\",\"url\":\"https:\\\/\\\/antcube.de\\\/ueber-uns\\\/\",\"name\":\"About \\\/ find your Store - ANTCUBE\",\"isPartOf\":{\"@id\":\"https:\\\/\\\/antcube.de\\\/#website\"},\"primaryImageOfPage\":{\"@id\":\"https:\\\/\\\/antcube.de\\\/ueber-uns\\\/#primaryimage\"},\"image\":{\"@id\":\"https:\\\/\\\/antcube.de\\\/ueber-uns\\\/#primaryimage\"},\"thumbnailUrl\":\"https:\\\/\\\/antcube.de\\\/wp-content\\\/uploads\\\/2021\\\/02\\\/cropped-Antcube-Logo-1.png\",\"datePublished\":\"2021-02-08T09:49:12+00:00\",\"dateModified\":\"2021-11-29T11:08:29+00:00\",\"description\":\"Ant Keeping Equipment and Formicariums for resellers and ant shops. Have a look at our high quality ANTCUBE products.\",\"breadcrumb\":{\"@id\":\"https:\\\/\\\/antcube.de\\\/ueber-uns\\\/#breadcrumb\"},\"inLanguage\":\"fr-FR\",\"potentialAction\":[{\"@type\":\"ReadAction\",\"target\":[\"https:\\\/\\\/antcube.de\\\/ueber-uns\\\/\"]}]},{\"@type\":\"ImageObject\",\"inLanguage\":\"fr-FR\",\"@id\":\"https:\\\/\\\/antcube.de\\\/ueber-uns\\\/#primaryimage\",\"url\":\"https:\\\/\\\/antcube.de\\\/wp-content\\\/uploads\\\/2021\\\/02\\\/cropped-Antcube-Logo-1.png\",\"contentUrl\":\"https:\\\/\\\/antcube.de\\\/wp-content\\\/uploads\\\/2021\\\/02\\\/cropped-Antcube-Logo-1.png\"},{\"@type\":\"BreadcrumbList\",\"@id\":\"https:\\\/\\\/antcube.de\\\/ueber-uns\\\/#breadcrumb\",\"itemListElement\":[{\"@type\":\"ListItem\",\"position\":1,\"name\":\"Home\",\"item\":\"https:\\\/\\\/antcube.de\\\/\"},{\"@type\":\"ListItem\",\"position\":2,\"name\":\"About \\\/ find your Store\"}]},{\"@type\":\"WebSite\",\"@id\":\"https:\\\/\\\/antcube.de\\\/#website\",\"url\":\"https:\\\/\\\/antcube.de\\\/\",\"name\":\"ANTCUBE\",\"description\":\"ants, ant farms, ant arenas, ant keeping equipment, formicariums, ant nest, ant housing, ant feed, ant colonies, queen ants, pet ants, ant outworld, ant terrarium, ant aquarium, ant store, ant shop\",\"publisher\":{\"@id\":\"https:\\\/\\\/antcube.de\\\/#organization\"},\"potentialAction\":[{\"@type\":\"SearchAction\",\"target\":{\"@type\":\"EntryPoint\",\"urlTemplate\":\"https:\\\/\\\/antcube.de\\\/?s={search_term_string}\"},\"query-input\":{\"@type\":\"PropertyValueSpecification\",\"valueRequired\":true,\"valueName\":\"search_term_string\"}}],\"inLanguage\":\"fr-FR\"},{\"@type\":\"Organization\",\"@id\":\"https:\\\/\\\/antcube.de\\\/#organization\",\"name\":\"ANTCUBE\",\"url\":\"https:\\\/\\\/antcube.de\\\/\",\"logo\":{\"@type\":\"ImageObject\",\"inLanguage\":\"fr-FR\",\"@id\":\"https:\\\/\\\/antcube.de\\\/#\\\/schema\\\/logo\\\/image\\\/\",\"url\":\"https:\\\/\\\/antcube.de\\\/wp-content\\\/uploads\\\/2021\\\/02\\\/Antcube-Logo.png\",\"contentUrl\":\"https:\\\/\\\/antcube.de\\\/wp-content\\\/uploads\\\/2021\\\/02\\\/Antcube-Logo.png\",\"width\":5000,\"height\":1469,\"caption\":\"ANTCUBE\"},\"image\":{\"@id\":\"https:\\\/\\\/antcube.de\\\/#\\\/schema\\\/logo\\\/image\\\/\"},\"sameAs\":[\"https:\\\/\\\/www.facebook.com\\\/ANTSTORE\",\"https:\\\/\\\/x.com\\\/Antstore\",\"https:\\\/\\\/www.instagram.com\\\/antstore_world_of_ants\\\/\",\"https:\\\/\\\/www.youtube.com\\\/channel\\\/UCg8ZO8SOJ32swZqT3Eu-86A\"]}]}<\/script>\n<!-- \/ Yoast SEO plugin. -->","yoast_head_json":{"title":"\u00c0 propos \/ trouvez votre magasin - ANTCUBE","description":"Mat\u00e9riel de fourmili\u00e8re et formicariums pour les revendeurs et les fourmili\u00e8res. Jetez un coup d'oeil \u00e0 nos produits ANTCUBE de haute qualit\u00e9.","robots":{"index":"index","follow":"follow","max-snippet":"max-snippet:-1","max-image-preview":"max-image-preview:large","max-video-preview":"max-video-preview:-1"},"canonical":"https:\/\/antcube.de\/fr\/ueber-uns\/","og_locale":"fr_FR","og_type":"article","og_title":"About \/ find your Store - ANTCUBE","og_description":"Ant Keeping Equipment and Formicariums for resellers and ant shops. Have a look at our high quality ANTCUBE products.","og_url":"https:\/\/antcube.de\/fr\/ueber-uns\/","og_site_name":"ANTCUBE","article_publisher":"https:\/\/www.facebook.com\/ANTSTORE","article_modified_time":"2021-11-29T11:08:29+00:00","og_image":[{"url":"https:\/\/antcube.de\/wp-content\/uploads\/2021\/02\/cropped-Antcube-Logo-1.png","type":"","width":"","height":""}],"twitter_card":"summary_large_image","twitter_site":"@Antstore","twitter_misc":{"Dur\u00e9e de lecture estim\u00e9e":"2 minutes"},"schema":{"@context":"https:\/\/schema.org","@graph":[{"@type":"WebPage","@id":"https:\/\/antcube.de\/ueber-uns\/","url":"https:\/\/antcube.de\/ueber-uns\/","name":"\u00c0 propos \/ trouvez votre magasin - ANTCUBE","isPartOf":{"@id":"https:\/\/antcube.de\/#website"},"primaryImageOfPage":{"@id":"https:\/\/antcube.de\/ueber-uns\/#primaryimage"},"image":{"@id":"https:\/\/antcube.de\/ueber-uns\/#primaryimage"},"thumbnailUrl":"https:\/\/antcube.de\/wp-content\/uploads\/2021\/02\/cropped-Antcube-Logo-1.png","datePublished":"2021-02-08T09:49:12+00:00","dateModified":"2021-11-29T11:08:29+00:00","description":"Mat\u00e9riel de fourmili\u00e8re et formicariums pour les revendeurs et les fourmili\u00e8res. Jetez un coup d'oeil \u00e0 nos produits ANTCUBE de haute qualit\u00e9.","breadcrumb":{"@id":"https:\/\/antcube.de\/ueber-uns\/#breadcrumb"},"inLanguage":"fr-FR","potentialAction":[{"@type":"ReadAction","target":["https:\/\/antcube.de\/ueber-uns\/"]}]},{"@type":"ImageObject","inLanguage":"fr-FR","@id":"https:\/\/antcube.de\/ueber-uns\/#primaryimage","url":"https:\/\/antcube.de\/wp-content\/uploads\/2021\/02\/cropped-Antcube-Logo-1.png","contentUrl":"https:\/\/antcube.de\/wp-content\/uploads\/2021\/02\/cropped-Antcube-Logo-1.png"},{"@type":"BreadcrumbList","@id":"https:\/\/antcube.de\/ueber-uns\/#breadcrumb","itemListElement":[{"@type":"ListItem","position":1,"name":"Home","item":"https:\/\/antcube.de\/"},{"@type":"ListItem","position":2,"name":"About \/ find your Store"}]},{"@type":"WebSite","@id":"https:\/\/antcube.de\/#website","url":"https:\/\/antcube.de\/","name":"ANTCUBE","description":"fourmis, fermes de fourmis, ar\u00e8nes de fourmis, \u00e9quipement pour fourmis, formicariums, nid de fourmis, logement de fourmis, nourriture pour fourmis, colonies de fourmis, fourmis reines, fourmis de compagnie, fourmili\u00e8re, terrarium de fourmis, aquarium de fourmis, magasin de fourmis, boutique de fourmis","publisher":{"@id":"https:\/\/antcube.de\/#organization"},"potentialAction":[{"@type":"SearchAction","target":{"@type":"EntryPoint","urlTemplate":"https:\/\/antcube.de\/?s={search_term_string}"},"query-input":{"@type":"PropertyValueSpecification","valueRequired":true,"valueName":"search_term_string"}}],"inLanguage":"fr-FR"},{"@type":"Organization","@id":"https:\/\/antcube.de\/#organization","name":"ANTCUBE","url":"https:\/\/antcube.de\/","logo":{"@type":"ImageObject","inLanguage":"fr-FR","@id":"https:\/\/antcube.de\/#\/schema\/logo\/image\/","url":"https:\/\/antcube.de\/wp-content\/uploads\/2021\/02\/Antcube-Logo.png","contentUrl":"https:\/\/antcube.de\/wp-content\/uploads\/2021\/02\/Antcube-Logo.png","width":5000,"height":1469,"caption":"ANTCUBE"},"image":{"@id":"https:\/\/antcube.de\/#\/schema\/logo\/image\/"},"sameAs":["https:\/\/www.facebook.com\/ANTSTORE","https:\/\/x.com\/Antstore","https:\/\/www.instagram.com\/antstore_world_of_ants\/","https:\/\/www.youtube.com\/channel\/UCg8ZO8SOJ32swZqT3Eu-86A"]}]}},"_links":{"self":[{"href":"https:\/\/antcube.de\/fr\/wp-json\/wp\/v2\/pages\/7","targetHints":{"allow":["GET"]}}],"collection":[{"href":"https:\/\/antcube.de\/fr\/wp-json\/wp\/v2\/pages"}],"about":[{"href":"https:\/\/antcube.de\/fr\/wp-json\/wp\/v2\/types\/page"}],"author":[{"embeddable":true,"href":"https:\/\/antcube.de\/fr\/wp-json\/wp\/v2\/users\/1"}],"replies":[{"embeddable":true,"href":"https:\/\/antcube.de\/fr\/wp-json\/wp\/v2\/comments?post=7"}],"version-history":[{"count":9,"href":"https:\/\/antcube.de\/fr\/wp-json\/wp\/v2\/pages\/7\/revisions"}],"predecessor-version":[{"id":783,"href":"https:\/\/antcube.de\/fr\/wp-json\/wp\/v2\/pages\/7\/revisions\/783"}],"wp:attachment":[{"href":"https:\/\/antcube.de\/fr\/wp-json\/wp\/v2\/media?parent=7"}],"curies":[{"name":"wp","href":"https:\/\/api.w.org\/{rel}","templated":true}]}}