{"id":65,"date":"2021-02-09T11:04:25","date_gmt":"2021-02-09T10:04:25","guid":{"rendered":"https:\/\/antcube.de\/?page_id=65"},"modified":"2025-07-23T17:32:45","modified_gmt":"2025-07-23T15:32:45","slug":"imprint","status":"publish","type":"page","link":"https:\/\/antcube.de\/fr\/imprint\/","title":{"rendered":"Mentions l\u00e9gales"},"content":{"rendered":"<p>ANTSTORE, Martin Sebesta<br>Selerweg 41<br>D-12169 Berlin<br><br>T\u00e9l : 030 766 870 -51<br>Fax : 030 766 870 -54<br>Courriel : verkauf (at) antstore . de<br><br>Num\u00e9ro d'immatriculation \u00e0 la TVA : DE215167549<br><br>Num\u00e9ro d'enregistrement DEEE : DE 54590387<br><br>Responsable du contenu en vertu de l'article 55, paragraphe 2, du D.I.S. RstV : Martin Sebesta (voir ci-dessus)<br><\/p>\n\n\n\n<h3 class=\"wp-block-heading\">Conditions d'utilisation<\/h3>\n\n\n\n<p>Le t\u00e9l\u00e9chargement ou l'impression de pages individuelles et\/ou de sections de nos sites web pour un usage priv\u00e9 est autoris\u00e9. Toutefois, \u00e0 des fins publiques ou commerciales, aucun des \u00e9l\u00e9ments contenus dans ce site ne peut \u00eatre copi\u00e9, modifi\u00e9, distribu\u00e9, publi\u00e9, t\u00e9l\u00e9charg\u00e9, affich\u00e9 ou transmis, en tout ou en partie, sous quelque forme que ce soit ou de quelque mani\u00e8re que ce soit, sans l'autorisation \u00e9crite pr\u00e9alable de ANTCUBE\u2122.<br><br>Dans les conditions suivantes, il est autoris\u00e9 d'utiliser les images de nos produits \u00e0 des fins non commerciales et de promouvoir nos produits dans les magasins locaux :<br><br>Toutes les images doivent \u00eatre marqu\u00e9es d'une r\u00e9f\u00e9rence. Cela devrait ressembler \u00e0 ce qui suit :<br><br>les imprim\u00e9s : \"r\u00e9f\u00e9rence : www.antcube.de\"<br>page web : \"r\u00e9f\u00e9rence\" : <a rel=\"noreferrer noopener\" href=\"https:\/\/www.antcube.de\" target=\"_blank\">www.antcube.de<\/a> (comme lien <a rel=\"noreferrer noopener\" href=\"https:\/\/www.antcube.de\" target=\"_blank\">www.antcube.de<\/a>)\u201c<br><br>Nos images ne peuvent pas \u00eatre utilis\u00e9es pour des boutiques en ligne ou \u00e0 toute autre fin industrielle sans l'autorisation \u00e9crite pr\u00e9alable du ANTCUBE\u2122 !<\/p>","protected":false},"excerpt":{"rendered":"<p>ANTSTORE, Martin SebestaSelerweg 41D-12169 Berlin Tel.: 030 766 870 -51Fax: 030 766 870 -54Email: verkauf (at) antstore . de VAT registration number: DE215167549 WEEE registration number: DE 54590387 Responsible for content under i.S.d. \u00a7 55 para. 2 RstV: Martin Sebesta (see above) Terms of use Downloading or printing individual pages and \/or sections of our&hellip;&nbsp;<a href=\"https:\/\/antcube.de\/fr\/imprint\/\" rel=\"bookmark\">Lire la suite \"<span class=\"screen-reader-text\">Mentions l\u00e9gales<\/span><\/a><\/p>","protected":false},"author":1,"featured_media":0,"parent":0,"menu_order":0,"comment_status":"closed","ping_status":"closed","template":"","meta":{"neve_meta_sidebar":"full-width","neve_meta_container":"","neve_meta_enable_content_width":"on","neve_meta_content_width":100,"neve_meta_title_alignment":"","neve_meta_author_avatar":"","neve_post_elements_order":"","neve_meta_disable_header":"","neve_meta_disable_footer":"","neve_meta_disable_title":"","footnotes":""},"class_list":["post-65","page","type-page","status-publish","hentry"],"yoast_head":"<!-- This site is optimized with the Yoast SEO plugin v27.5 - https:\/\/yoast.com\/product\/yoast-seo-wordpress\/ -->\n<title>Imprint - ANTCUBE<\/title>\n<meta name=\"description\" content=\"Ant Keeping Equipment and Formicariums for resellers and ant shops. Have a look at our high quality ANTCUBE products.\" \/>\n<meta name=\"robots\" content=\"index, follow, max-snippet:-1, max-image-preview:large, max-video-preview:-1\" \/>\n<link rel=\"canonical\" href=\"https:\/\/antcube.de\/fr\/imprint\/\" \/>\n<meta property=\"og:locale\" content=\"fr_FR\" \/>\n<meta property=\"og:type\" content=\"article\" \/>\n<meta property=\"og:title\" content=\"Imprint - ANTCUBE\" \/>\n<meta property=\"og:description\" content=\"Ant Keeping Equipment and Formicariums for resellers and ant shops. Have a look at our high quality ANTCUBE products.\" \/>\n<meta property=\"og:url\" content=\"https:\/\/antcube.de\/fr\/imprint\/\" \/>\n<meta property=\"og:site_name\" content=\"ANTCUBE\" \/>\n<meta property=\"article:publisher\" content=\"https:\/\/www.facebook.com\/ANTSTORE\" \/>\n<meta property=\"article:modified_time\" content=\"2025-07-23T15:32:45+00:00\" \/>\n<meta name=\"twitter:card\" content=\"summary_large_image\" \/>\n<meta name=\"twitter:site\" content=\"@Antstore\" \/>\n<meta name=\"twitter:label1\" content=\"Dur\u00e9e de lecture estim\u00e9e\" \/>\n\t<meta name=\"twitter:data1\" content=\"1 minute\" \/>\n<script type=\"application\/ld+json\" class=\"yoast-schema-graph\">{\"@context\":\"https:\\\/\\\/schema.org\",\"@graph\":[{\"@type\":\"WebPage\",\"@id\":\"https:\\\/\\\/antcube.de\\\/imprint\\\/\",\"url\":\"https:\\\/\\\/antcube.de\\\/imprint\\\/\",\"name\":\"Imprint - ANTCUBE\",\"isPartOf\":{\"@id\":\"https:\\\/\\\/antcube.de\\\/#website\"},\"datePublished\":\"2021-02-09T10:04:25+00:00\",\"dateModified\":\"2025-07-23T15:32:45+00:00\",\"description\":\"Ant Keeping Equipment and Formicariums for resellers and ant shops. Have a look at our high quality ANTCUBE products.\",\"breadcrumb\":{\"@id\":\"https:\\\/\\\/antcube.de\\\/imprint\\\/#breadcrumb\"},\"inLanguage\":\"fr-FR\",\"potentialAction\":[{\"@type\":\"ReadAction\",\"target\":[\"https:\\\/\\\/antcube.de\\\/imprint\\\/\"]}]},{\"@type\":\"BreadcrumbList\",\"@id\":\"https:\\\/\\\/antcube.de\\\/imprint\\\/#breadcrumb\",\"itemListElement\":[{\"@type\":\"ListItem\",\"position\":1,\"name\":\"Home\",\"item\":\"https:\\\/\\\/antcube.de\\\/\"},{\"@type\":\"ListItem\",\"position\":2,\"name\":\"Imprint\"}]},{\"@type\":\"WebSite\",\"@id\":\"https:\\\/\\\/antcube.de\\\/#website\",\"url\":\"https:\\\/\\\/antcube.de\\\/\",\"name\":\"ANTCUBE\",\"description\":\"ants, ant farms, ant arenas, ant keeping equipment, formicariums, ant nest, ant housing, ant feed, ant colonies, queen ants, pet ants, ant outworld, ant terrarium, ant aquarium, ant store, ant shop\",\"publisher\":{\"@id\":\"https:\\\/\\\/antcube.de\\\/#organization\"},\"potentialAction\":[{\"@type\":\"SearchAction\",\"target\":{\"@type\":\"EntryPoint\",\"urlTemplate\":\"https:\\\/\\\/antcube.de\\\/?s={search_term_string}\"},\"query-input\":{\"@type\":\"PropertyValueSpecification\",\"valueRequired\":true,\"valueName\":\"search_term_string\"}}],\"inLanguage\":\"fr-FR\"},{\"@type\":\"Organization\",\"@id\":\"https:\\\/\\\/antcube.de\\\/#organization\",\"name\":\"ANTCUBE\",\"url\":\"https:\\\/\\\/antcube.de\\\/\",\"logo\":{\"@type\":\"ImageObject\",\"inLanguage\":\"fr-FR\",\"@id\":\"https:\\\/\\\/antcube.de\\\/#\\\/schema\\\/logo\\\/image\\\/\",\"url\":\"https:\\\/\\\/antcube.de\\\/wp-content\\\/uploads\\\/2021\\\/02\\\/Antcube-Logo.png\",\"contentUrl\":\"https:\\\/\\\/antcube.de\\\/wp-content\\\/uploads\\\/2021\\\/02\\\/Antcube-Logo.png\",\"width\":5000,\"height\":1469,\"caption\":\"ANTCUBE\"},\"image\":{\"@id\":\"https:\\\/\\\/antcube.de\\\/#\\\/schema\\\/logo\\\/image\\\/\"},\"sameAs\":[\"https:\\\/\\\/www.facebook.com\\\/ANTSTORE\",\"https:\\\/\\\/x.com\\\/Antstore\",\"https:\\\/\\\/www.instagram.com\\\/antstore_world_of_ants\\\/\",\"https:\\\/\\\/www.youtube.com\\\/channel\\\/UCg8ZO8SOJ32swZqT3Eu-86A\"]}]}<\/script>\n<!-- \/ Yoast SEO plugin. -->","yoast_head_json":{"title":"Mentions l\u00e9gales - ANTCUBE","description":"Mat\u00e9riel de fourmili\u00e8re et formicariums pour les revendeurs et les fourmili\u00e8res. Jetez un coup d'oeil \u00e0 nos produits ANTCUBE de haute qualit\u00e9.","robots":{"index":"index","follow":"follow","max-snippet":"max-snippet:-1","max-image-preview":"max-image-preview:large","max-video-preview":"max-video-preview:-1"},"canonical":"https:\/\/antcube.de\/fr\/imprint\/","og_locale":"fr_FR","og_type":"article","og_title":"Imprint - ANTCUBE","og_description":"Ant Keeping Equipment and Formicariums for resellers and ant shops. Have a look at our high quality ANTCUBE products.","og_url":"https:\/\/antcube.de\/fr\/imprint\/","og_site_name":"ANTCUBE","article_publisher":"https:\/\/www.facebook.com\/ANTSTORE","article_modified_time":"2025-07-23T15:32:45+00:00","twitter_card":"summary_large_image","twitter_site":"@Antstore","twitter_misc":{"Dur\u00e9e de lecture estim\u00e9e":"1 minute"},"schema":{"@context":"https:\/\/schema.org","@graph":[{"@type":"WebPage","@id":"https:\/\/antcube.de\/imprint\/","url":"https:\/\/antcube.de\/imprint\/","name":"Mentions l\u00e9gales - ANTCUBE","isPartOf":{"@id":"https:\/\/antcube.de\/#website"},"datePublished":"2021-02-09T10:04:25+00:00","dateModified":"2025-07-23T15:32:45+00:00","description":"Mat\u00e9riel de fourmili\u00e8re et formicariums pour les revendeurs et les fourmili\u00e8res. Jetez un coup d'oeil \u00e0 nos produits ANTCUBE de haute qualit\u00e9.","breadcrumb":{"@id":"https:\/\/antcube.de\/imprint\/#breadcrumb"},"inLanguage":"fr-FR","potentialAction":[{"@type":"ReadAction","target":["https:\/\/antcube.de\/imprint\/"]}]},{"@type":"BreadcrumbList","@id":"https:\/\/antcube.de\/imprint\/#breadcrumb","itemListElement":[{"@type":"ListItem","position":1,"name":"Home","item":"https:\/\/antcube.de\/"},{"@type":"ListItem","position":2,"name":"Imprint"}]},{"@type":"WebSite","@id":"https:\/\/antcube.de\/#website","url":"https:\/\/antcube.de\/","name":"ANTCUBE","description":"fourmis, fermes de fourmis, ar\u00e8nes de fourmis, \u00e9quipement pour fourmis, formicariums, nid de fourmis, logement de fourmis, nourriture pour fourmis, colonies de fourmis, fourmis reines, fourmis de compagnie, fourmili\u00e8re, terrarium de fourmis, aquarium de fourmis, magasin de fourmis, boutique de fourmis","publisher":{"@id":"https:\/\/antcube.de\/#organization"},"potentialAction":[{"@type":"SearchAction","target":{"@type":"EntryPoint","urlTemplate":"https:\/\/antcube.de\/?s={search_term_string}"},"query-input":{"@type":"PropertyValueSpecification","valueRequired":true,"valueName":"search_term_string"}}],"inLanguage":"fr-FR"},{"@type":"Organization","@id":"https:\/\/antcube.de\/#organization","name":"ANTCUBE","url":"https:\/\/antcube.de\/","logo":{"@type":"ImageObject","inLanguage":"fr-FR","@id":"https:\/\/antcube.de\/#\/schema\/logo\/image\/","url":"https:\/\/antcube.de\/wp-content\/uploads\/2021\/02\/Antcube-Logo.png","contentUrl":"https:\/\/antcube.de\/wp-content\/uploads\/2021\/02\/Antcube-Logo.png","width":5000,"height":1469,"caption":"ANTCUBE"},"image":{"@id":"https:\/\/antcube.de\/#\/schema\/logo\/image\/"},"sameAs":["https:\/\/www.facebook.com\/ANTSTORE","https:\/\/x.com\/Antstore","https:\/\/www.instagram.com\/antstore_world_of_ants\/","https:\/\/www.youtube.com\/channel\/UCg8ZO8SOJ32swZqT3Eu-86A"]}]}},"_links":{"self":[{"href":"https:\/\/antcube.de\/fr\/wp-json\/wp\/v2\/pages\/65","targetHints":{"allow":["GET"]}}],"collection":[{"href":"https:\/\/antcube.de\/fr\/wp-json\/wp\/v2\/pages"}],"about":[{"href":"https:\/\/antcube.de\/fr\/wp-json\/wp\/v2\/types\/page"}],"author":[{"embeddable":true,"href":"https:\/\/antcube.de\/fr\/wp-json\/wp\/v2\/users\/1"}],"replies":[{"embeddable":true,"href":"https:\/\/antcube.de\/fr\/wp-json\/wp\/v2\/comments?post=65"}],"version-history":[{"count":2,"href":"https:\/\/antcube.de\/fr\/wp-json\/wp\/v2\/pages\/65\/revisions"}],"predecessor-version":[{"id":817,"href":"https:\/\/antcube.de\/fr\/wp-json\/wp\/v2\/pages\/65\/revisions\/817"}],"wp:attachment":[{"href":"https:\/\/antcube.de\/fr\/wp-json\/wp\/v2\/media?parent=65"}],"curies":[{"name":"wp","href":"https:\/\/api.w.org\/{rel}","templated":true}]}}