{"id":75,"date":"2021-02-09T11:43:34","date_gmt":"2021-02-09T10:43:34","guid":{"rendered":"https:\/\/antcube.de\/?page_id=75"},"modified":"2021-08-13T17:40:24","modified_gmt":"2021-08-13T15:40:24","slug":"starter-kits-habitat","status":"publish","type":"page","link":"https:\/\/antcube.de\/es\/starter-kits-habitat\/","title":{"rendered":"Kits de iniciaci\u00f3n H\u00e1bitat"},"content":{"rendered":"<div class=\"wp-block-cover alignfull has-nv-site-bg-background-color has-background-dim\" style=\"min-height:600px;aspect-ratio:unset;\"><div class=\"wp-block-cover__inner-container is-layout-flow wp-block-cover-is-layout-flow\">\n<h2 class=\"has-text-align-center has-neve-link-color-color has-text-color wp-block-heading\" style=\"font-size:28px\">Nuestros Starter Kits Habitat est\u00e1n disponibles en las tallas S, M o L<\/h2>\n\n\n\n<p class=\"has-text-align-center has-neve-link-color-color has-text-color\">S = 6 mm para especies de hormigas peque\u00f1as como. Myrmica sp.<\/p>\n\n\n\n<p class=\"has-text-align-center has-neve-link-color-color has-text-color\">M = 10mm para especies de hormigas medianas como Lasius sp. y Formica sp.<\/p>\n\n\n\n<p class=\"has-text-align-center has-neve-link-color-color has-text-color\">L = 20 mm para las especies de hormigas grandes como Camponotus sp. o con el nido encajado tambi\u00e9n para las especies de hormigas m\u00e1s peque\u00f1as.<\/p>\n\n\n\n<p class=\"has-text-align-center has-neve-link-color-color has-text-color\">El vidrio de todos nuestros Formicariums se corta seg\u00fan la norma DIN 1249 con una tolerancia de +\/;- 1mm<\/p>\n<\/div><\/div>\n\n\n\n<div class=\"wp-block-cover alignfull has-neve-link-color-background-color has-background-dim\" style=\"min-height:600px;aspect-ratio:unset;\"><div class=\"wp-block-cover__inner-container is-layout-flow wp-block-cover-is-layout-flow\">\n<div style=\"height:100px\" aria-hidden=\"true\" class=\"wp-block-spacer\"><\/div>\n\n\n\n<h2 class=\"has-nv-text-dark-bg-color has-text-color wp-block-heading\" style=\"font-size:39px\">Kits de inicio \"Desierto\", \"Pradera\", \"Bosque\" y \"Selva\"<\/h2>\n\n\n\n<div style=\"height:35px\" aria-hidden=\"true\" class=\"wp-block-spacer\"><\/div>\n\n\n\n<div class=\"wp-block-media-text alignwide is-stacked-on-mobile\"><figure class=\"wp-block-media-text__media\"><img loading=\"lazy\" decoding=\"async\" width=\"1024\" height=\"1024\" src=\"https:\/\/antcube.de\/wp-content\/uploads\/2021\/02\/Starter-Set-Wuste-2-1024x1024.jpg\" alt=\"ANTCUBE Starter Set Desierto \" class=\"wp-image-309 size-full\" srcset=\"https:\/\/antcube.de\/wp-content\/uploads\/2021\/02\/Starter-Set-Wuste-2-1024x1024.jpg 1024w, https:\/\/antcube.de\/wp-content\/uploads\/2021\/02\/Starter-Set-Wuste-2-300x300.jpg 300w, https:\/\/antcube.de\/wp-content\/uploads\/2021\/02\/Starter-Set-Wuste-2-150x150.jpg 150w, https:\/\/antcube.de\/wp-content\/uploads\/2021\/02\/Starter-Set-Wuste-2-768x768.jpg 768w, https:\/\/antcube.de\/wp-content\/uploads\/2021\/02\/Starter-Set-Wuste-2-1536x1536.jpg 1536w, https:\/\/antcube.de\/wp-content\/uploads\/2021\/02\/Starter-Set-Wuste-2.jpg 2000w\" sizes=\"auto, (max-width: 1024px) 100vw, 1024px\" \/><\/figure><div class=\"wp-block-media-text__content\">\n<h2 class=\"has-nv-text-dark-bg-color has-text-color wp-block-heading\">Kit de inicio Desierto<\/h2>\n\n\n\n<p class=\"has-nv-text-dark-bg-color has-text-color has-medium-font-size\">El Starter Kit Desert est\u00e1 dise\u00f1ado para las especies de hormigas que viven en desiertos, p\u00e1ramos o estepas o que simplemente provienen de zonas mediterr\u00e1neas<\/p>\n\n\n\n<ul class=\"has-nv-site-bg-color has-text-color wp-block-list\"><li>1x ANTCUBE arena 20x20x10<\/li><li>1x Marco de arena para hormigas 20\u00d720<\/li><li>1x Arena para hormigas que cubre 20\u00d720<\/li><li>1x ANTCUBE antfarm 20\u00d720 tama\u00f1o S, M o L <\/li><li>1 tubo flexible de 0,5 m transparente de tama\u00f1o S, M o L<\/li><li>1x ANTCUBE - Pantalla roja 20\u00d720<\/li><li>1x Tierra \"desierto\" 1kg<\/li><li>1x granulado de formicario 200ml - beige<\/li><li>1x rejilla - 50mm - acero inoxidable<\/li><li>1x Tap\u00f3n de Formicarium para un agujero de 50mm<\/li><li>1x Tap\u00f3n de Formicarium para un agujero de 27mm<\/li><li>1x tapa de rejilla - acero inoxidable tama\u00f1o S, M o L<\/li><li>1x Conector de lavabo agujero 27 y manguera 10-16 mm - M25<\/li><li>1x Tuerca Formicarium M25 - gris<\/li><li>1x bebedero 2ml - 360 grados<\/li><li>1x dispensador de alimento de 2ml - dosificaci\u00f3n<\/li><li>1x Mini termohigr\u00f3metro anal\u00f3gico - Pantalla - suspendido<\/li><li>1x aceite de protecci\u00f3n contra las hormigas 10ml<\/li><li>1x pinza de acero para muelles - ancha - suave<\/li><li>1x pinzas de pl\u00e1stico transparentes<\/li><li>1x pipeta de pl\u00e1stico de 3ml<\/li><li>1x Lupa de mano 2fold - 30mm<\/li><li>1x Juego de mezcla de alimentos - est\u00e1ndar<\/li><li>1x limpiador de espuma 150x18x2.5mm<\/li><li>1x Fondo de fotos - desierto - 20\u00d710<\/li><\/ul>\n\n\n\n<p><\/p>\n<\/div><\/div>\n\n\n\n<div style=\"height:100px\" aria-hidden=\"true\" class=\"wp-block-spacer\"><\/div>\n<\/div><\/div>\n\n\n\n<div class=\"wp-block-cover alignfull has-nv-light-bg-background-color has-background-dim\" style=\"min-height:600px;aspect-ratio:unset;\"><div class=\"wp-block-cover__inner-container is-layout-flow wp-block-cover-is-layout-flow\">\n<div style=\"height:59px\" aria-hidden=\"true\" class=\"wp-block-spacer\"><\/div>\n\n\n\n<div class=\"wp-block-media-text alignwide is-stacked-on-mobile\"><figure class=\"wp-block-media-text__media\"><img loading=\"lazy\" decoding=\"async\" width=\"1024\" height=\"1024\" src=\"https:\/\/antcube.de\/wp-content\/uploads\/2021\/02\/Starter-Set-Wiese-2-1024x1024.jpg\" alt=\"\" class=\"wp-image-308 size-full\" srcset=\"https:\/\/antcube.de\/wp-content\/uploads\/2021\/02\/Starter-Set-Wiese-2-1024x1024.jpg 1024w, https:\/\/antcube.de\/wp-content\/uploads\/2021\/02\/Starter-Set-Wiese-2-300x300.jpg 300w, https:\/\/antcube.de\/wp-content\/uploads\/2021\/02\/Starter-Set-Wiese-2-150x150.jpg 150w, https:\/\/antcube.de\/wp-content\/uploads\/2021\/02\/Starter-Set-Wiese-2-768x768.jpg 768w, https:\/\/antcube.de\/wp-content\/uploads\/2021\/02\/Starter-Set-Wiese-2-1536x1536.jpg 1536w, https:\/\/antcube.de\/wp-content\/uploads\/2021\/02\/Starter-Set-Wiese-2.jpg 2000w\" sizes=\"auto, (max-width: 1024px) 100vw, 1024px\" \/><\/figure><div class=\"wp-block-media-text__content\">\n<h2 class=\"has-neve-link-color-color has-text-color wp-block-heading\">Kit de inicio Pradera<\/h2>\n\n\n\n<p class=\"has-neve-link-color-color has-text-color\" style=\"font-size:21px\">El Starter Kit Meadow est\u00e1 dise\u00f1ado para especies de hormigas que viven en prados, campos o simplemente en clima templado.<\/p>\n\n\n\n<ul class=\"has-neve-link-color-color has-text-color wp-block-list\"><li>1x ANTCUBO - arena 20x20x10 - plano<\/li><li>1x Marco de arena para hormigas 20\u00d720<\/li><li>1x Arena para hormigas que cubre 20\u00d720<\/li><li>1x ANTCUBE - antfarm 20\u00d720 - tama\u00f1o individual S, M o L<\/li><li>1 tubo flexible de 0,5 m transparente de tama\u00f1o S, M o L<\/li><li>1x ANTCUBE - Pantalla roja 20\u00d720 - autoadhesiva<\/li><li>1x Tierra - Pradera - 1kg<\/li><li>1x granulado de formicario 200ml - beige<\/li><li>1x rejilla - 50mm - acero inoxidable<\/li><li>1x Tap\u00f3n de Formicarium para un agujero de 50mm<\/li><li>1x Tap\u00f3n de Formicarium para un agujero de 27mm<\/li><li>1x tapa de rejilla - acero inoxidable tama\u00f1o S, M o L<\/li><li>1x Conector de lavabo agujero 27 y manguera 10-16 mm - M25<\/li><li>1x Tuerca Formicarium M25 - gris<\/li><li>1x bebedero 2ml - 360 grados<\/li><li>1x dispensador de alimento de 2ml - dosificaci\u00f3n<\/li><li>1x Mini termohigr\u00f3metro anal\u00f3gico - Pantalla - suspendido<\/li><li>1x aceite de protecci\u00f3n contra las hormigas 10ml<\/li><li>1x pinza de acero para muelles - ancha - suave<\/li><li>1x pinzas de pl\u00e1stico transparentes<\/li><li>1x pipeta de pl\u00e1stico de 3ml<\/li><li>1x Lupa de mano 2fold - 30mm<\/li><li>1x Juego de mezcla de alimentos - est\u00e1ndar<\/li><li>1x limpiador de espuma 150x18x2.5mm<\/li><li>1x Fondo de fotos - Pradera - 20\u00d710<\/li><\/ul>\n\n\n\n<p><\/p>\n<\/div><\/div>\n\n\n\n<div style=\"height:68px\" aria-hidden=\"true\" class=\"wp-block-spacer\"><\/div>\n\n\n\n<p class=\"has-text-align-center has-large-font-size\"><\/p>\n<\/div><\/div>\n\n\n\n<div class=\"wp-block-cover alignfull has-neve-link-color-background-color has-background-dim\" style=\"min-height:600px;aspect-ratio:unset;\"><div class=\"wp-block-cover__inner-container is-layout-flow wp-block-cover-is-layout-flow\">\n<div style=\"height:91px\" aria-hidden=\"true\" class=\"wp-block-spacer\"><\/div>\n\n\n\n<div class=\"wp-block-media-text alignwide is-stacked-on-mobile\"><figure class=\"wp-block-media-text__media\"><img loading=\"lazy\" decoding=\"async\" width=\"1024\" height=\"1024\" src=\"https:\/\/antcube.de\/wp-content\/uploads\/2021\/02\/Starter-Set-Wald-2-1024x1024.jpg\" alt=\"\" class=\"wp-image-307 size-full\" srcset=\"https:\/\/antcube.de\/wp-content\/uploads\/2021\/02\/Starter-Set-Wald-2-1024x1024.jpg 1024w, https:\/\/antcube.de\/wp-content\/uploads\/2021\/02\/Starter-Set-Wald-2-300x300.jpg 300w, https:\/\/antcube.de\/wp-content\/uploads\/2021\/02\/Starter-Set-Wald-2-150x150.jpg 150w, https:\/\/antcube.de\/wp-content\/uploads\/2021\/02\/Starter-Set-Wald-2-768x768.jpg 768w, https:\/\/antcube.de\/wp-content\/uploads\/2021\/02\/Starter-Set-Wald-2-1536x1536.jpg 1536w, https:\/\/antcube.de\/wp-content\/uploads\/2021\/02\/Starter-Set-Wald-2.jpg 2000w\" sizes=\"auto, (max-width: 1024px) 100vw, 1024px\" \/><\/figure><div class=\"wp-block-media-text__content\">\n<h2 class=\"has-nv-site-bg-color has-text-color wp-block-heading\">Kit de inicio del bosque<\/h2>\n\n\n\n<p class=\"has-nv-site-bg-color has-text-color\" style=\"font-size:21px\">El Starter Kit Forest est\u00e1 dise\u00f1ado para todas las especies de hormigas que viven en los bosques, <\/p>\n\n\n\n<ul class=\"has-nv-site-bg-color has-text-color wp-block-list\"><li>1x ANTCUBO - arena 20x20x10 - plano<\/li><li>1x Marco de arena para hormigas 20\u00d720<\/li><li>1x Arena para hormigas que cubre 20\u00d720<\/li><li>1x ANTCUBE - antfarm - 20\u00d720 - tama\u00f1o individual S, M o L<\/li><li>1 tubo flexible de 0,5 m transparente de tama\u00f1o S, M o L<\/li><li>1x ANTCUBE - Pantalla roja 20\u00d720 - autoadhesiva<\/li><li>1x Tierra - bosque - 1 Kg<\/li><li>1x Formicarium granulado 200ml - negro<\/li><li>2x tap\u00f3n Formicarium para un agujero de 50mm<\/li><li>1x Tap\u00f3n de Formicarium para un agujero de 27mm<\/li><li>1x Tapa de formicario - conector S, M o L<\/li><li>1x Conector de lavabo agujero 27 y manguera 10-16 mm - M25<\/li><li>1x Tuerca Formicarium M25 - gris<\/li><li>1x bebedero 2ml - 360 grados<\/li><li>1x dispensador de alimento de 2ml - dosificaci\u00f3n<\/li><li>1x Mini termohigr\u00f3metro anal\u00f3gico - Pantalla - suspendido<\/li><li>1x aceite de protecci\u00f3n contra las hormigas 10ml<\/li><li>1x pinza de acero para muelles - ancha - suave<\/li><li>1x pinzas de pl\u00e1stico transparentes<\/li><li>1x pipeta de pl\u00e1stico de 3ml<\/li><li>1x Lupa de mano 2fold - 30mm<\/li><li>1x Juego de mezcla de alimentos - est\u00e1ndar<\/li><li>1x limpiador de espuma 150x18x2.5mm<\/li><li>1x Fondo fotogr\u00e1fico - bosque - 20\u00d710<\/li><\/ul>\n\n\n\n<p class=\"has-large-font-size\"><\/p>\n<\/div><\/div>\n\n\n\n<div style=\"height:100px\" aria-hidden=\"true\" class=\"wp-block-spacer\"><\/div>\n<\/div><\/div>\n\n\n\n<div class=\"wp-block-cover alignfull has-nv-light-bg-background-color has-background-dim\" style=\"min-height:600px;aspect-ratio:unset;\"><div class=\"wp-block-cover__inner-container is-layout-flow wp-block-cover-is-layout-flow\">\n<div style=\"height:100px\" aria-hidden=\"true\" class=\"wp-block-spacer\"><\/div>\n\n\n\n<div class=\"wp-block-media-text alignwide is-stacked-on-mobile\"><figure class=\"wp-block-media-text__media\"><img loading=\"lazy\" decoding=\"async\" width=\"1024\" height=\"1024\" src=\"https:\/\/antcube.de\/wp-content\/uploads\/2021\/02\/Starter-Set-Regenwald-3-1024x1024.jpg\" alt=\"\" class=\"wp-image-306 size-full\" srcset=\"https:\/\/antcube.de\/wp-content\/uploads\/2021\/02\/Starter-Set-Regenwald-3-1024x1024.jpg 1024w, https:\/\/antcube.de\/wp-content\/uploads\/2021\/02\/Starter-Set-Regenwald-3-300x300.jpg 300w, https:\/\/antcube.de\/wp-content\/uploads\/2021\/02\/Starter-Set-Regenwald-3-150x150.jpg 150w, https:\/\/antcube.de\/wp-content\/uploads\/2021\/02\/Starter-Set-Regenwald-3-768x768.jpg 768w, https:\/\/antcube.de\/wp-content\/uploads\/2021\/02\/Starter-Set-Regenwald-3-1536x1536.jpg 1536w, https:\/\/antcube.de\/wp-content\/uploads\/2021\/02\/Starter-Set-Regenwald-3.jpg 2000w\" sizes=\"auto, (max-width: 1024px) 100vw, 1024px\" \/><\/figure><div class=\"wp-block-media-text__content\">\n<h2 class=\"has-neve-link-color-color has-text-color wp-block-heading\">Kit de iniciaci\u00f3n Rainforest<\/h2>\n\n\n\n<p class=\"has-neve-link-color-color has-text-color\" style=\"font-size:21px\">El Starter Kit Rainforest est\u00e1 dise\u00f1ado para todas las hormigas que viven en las selvas tropicales, <\/p>\n\n\n\n<ul class=\"has-neve-link-color-color has-text-color wp-block-list\"><li>1x ANTCUBO - arena 20x20x10 - plano<\/li><li>1x Marco de arena para hormigas 20\u00d720<\/li><li>1x Arena para hormigas que cubre 20\u00d720<\/li><li>1x ANTCUBE - antfarm - 20\u00d720 - separado S, M o L<\/li><li>1x tubo flexible de 0,5m transparente S, M o L<\/li><li>1x ANTCUBE - Pantalla roja 20\u00d720 - autoadhesiva<\/li><li>1x Tierra - bosque - 1 Kg<\/li><li>1x Formicarium granulado 200ml - negro<\/li><li>2x tap\u00f3n Formicarium para un agujero de 50mm<\/li><li>1x Tap\u00f3n de Formicarium para un agujero de 27mm<\/li><li>1x Tapa de formicario - conector S, M o L<\/li><li>1x Conector de lavabo agujero 27 y manguera 10-16 mm - M25<\/li><li>1x Tuerca Formicarium M25 - gris<\/li><li>1x bebedero 2ml - 360 grados<\/li><li>1x dispensador de alimento de 2ml - dosificaci\u00f3n<\/li><li>1x Mini termohigr\u00f3metro anal\u00f3gico - Pantalla - suspendido<\/li><li>1x aceite de protecci\u00f3n contra las hormigas 10ml<\/li><li>1x pinza de acero para muelles - ancha - suave<\/li><li>1x pinzas de pl\u00e1stico transparentes<\/li><li>1x pipeta de pl\u00e1stico de 3ml<\/li><li>1x Lupa de mano 2fold - 30mm<\/li><li>1x Juego de mezcla de alimentos - est\u00e1ndar<\/li><li>1x limpiador de espuma 150x18x2.5mm<\/li><li>1x Fondo fotogr\u00e1fico - bosque - 20\u00d710<\/li><\/ul>\n\n\n\n<p class=\"has-neve-link-color-color has-text-color\"><\/p>\n<\/div><\/div>\n\n\n\n<figure class=\"wp-block-embed is-type-video is-provider-youtube wp-block-embed-youtube wp-embed-aspect-16-9 wp-has-aspect-ratio\"><div class=\"wp-block-embed__wrapper\">\n<div class=\"nv-iframe-embed\"><iframe loading=\"lazy\" title=\"ANTCUBE Starter Kit H\u00e1bitat con pradera, bosque, desierto y selva tropical para hormigas\" width=\"1200\" height=\"675\" src=\"https:\/\/www.youtube.com\/embed\/KopEadiiTFA?feature=oembed\" frameborder=\"0\" allow=\"accelerometer; autoplay; clipboard-write; encrypted-media; gyroscope; picture-in-picture\" allowfullscreen><\/iframe><\/div>\n<\/div><\/figure>\n\n\n\n<figure class=\"wp-block-embed is-type-video is-provider-youtube wp-block-embed-youtube wp-embed-aspect-16-9 wp-has-aspect-ratio\"><div class=\"wp-block-embed__wrapper\">\n<div class=\"nv-iframe-embed\"><iframe loading=\"lazy\" title=\"Inicio ANTCUBE Siedlisko z \u0142\u0105k\u0105, lasem, pustyni\u0105 i lasem deszczowym\" width=\"1200\" height=\"675\" src=\"https:\/\/www.youtube.com\/embed\/QYgLvNTb0CI?feature=oembed\" frameborder=\"0\" allow=\"accelerometer; autoplay; clipboard-write; encrypted-media; gyroscope; picture-in-picture\" allowfullscreen><\/iframe><\/div>\n<\/div><\/figure>\n\n\n\n<div style=\"height:100px\" aria-hidden=\"true\" class=\"wp-block-spacer\"><\/div>\n<\/div><\/div>\n\n\n\n<p><\/p>","protected":false},"excerpt":{"rendered":"","protected":false},"author":1,"featured_media":0,"parent":0,"menu_order":0,"comment_status":"closed","ping_status":"closed","template":"","meta":{"neve_meta_sidebar":"full-width","neve_meta_container":"","neve_meta_enable_content_width":"on","neve_meta_content_width":100,"neve_meta_title_alignment":"","neve_meta_author_avatar":"","neve_post_elements_order":"","neve_meta_disable_header":"","neve_meta_disable_footer":"","neve_meta_disable_title":"","footnotes":""},"class_list":["post-75","page","type-page","status-publish","hentry"],"yoast_head":"<!-- This site is optimized with the Yoast SEO plugin v27.5 - https:\/\/yoast.com\/product\/yoast-seo-wordpress\/ -->\n<title>Starter Kits Habitat - ANTCUBE<\/title>\n<meta name=\"description\" content=\"Ant Keeping Equipment and Formicariums for resellers and ant shops. Have a look at our high quality ANTCUBE products.\" \/>\n<meta name=\"robots\" content=\"index, follow, max-snippet:-1, max-image-preview:large, max-video-preview:-1\" \/>\n<link rel=\"canonical\" href=\"https:\/\/antcube.de\/es\/\u30b9\u30bf\u30fc\u30bf\u30fc\u30ad\u30c3\u30c8\/\" \/>\n<meta property=\"og:locale\" content=\"es_ES\" \/>\n<meta property=\"og:type\" content=\"article\" \/>\n<meta property=\"og:title\" content=\"Starter Kits Habitat - ANTCUBE\" \/>\n<meta property=\"og:description\" content=\"Ant Keeping Equipment and Formicariums for resellers and ant shops. Have a look at our high quality ANTCUBE products.\" \/>\n<meta property=\"og:url\" content=\"https:\/\/antcube.de\/es\/\u30b9\u30bf\u30fc\u30bf\u30fc\u30ad\u30c3\u30c8\/\" \/>\n<meta property=\"og:site_name\" content=\"ANTCUBE\" \/>\n<meta property=\"article:publisher\" content=\"https:\/\/www.facebook.com\/ANTSTORE\" \/>\n<meta property=\"article:modified_time\" content=\"2021-08-13T15:40:24+00:00\" \/>\n<meta property=\"og:image\" content=\"https:\/\/antcube.de\/wp-content\/uploads\/2021\/02\/Starter-Set-Wuste-2-1024x1024.jpg\" \/>\n<meta name=\"twitter:card\" content=\"summary_large_image\" \/>\n<meta name=\"twitter:site\" content=\"@Antstore\" \/>\n<meta name=\"twitter:label1\" content=\"Tiempo de lectura\" \/>\n\t<meta name=\"twitter:data1\" content=\"5 minutos\" \/>\n<script type=\"application\/ld+json\" class=\"yoast-schema-graph\">{\"@context\":\"https:\\\/\\\/schema.org\",\"@graph\":[{\"@type\":\"WebPage\",\"@id\":\"https:\\\/\\\/antcube.de\\\/ja\\\/%e3%82%b9%e3%82%bf%e3%83%bc%e3%82%bf%e3%83%bc%e3%82%ad%e3%83%83%e3%83%88\\\/\",\"url\":\"https:\\\/\\\/antcube.de\\\/ja\\\/%e3%82%b9%e3%82%bf%e3%83%bc%e3%82%bf%e3%83%bc%e3%82%ad%e3%83%83%e3%83%88\\\/\",\"name\":\"Starter Kits Habitat - ANTCUBE\",\"isPartOf\":{\"@id\":\"https:\\\/\\\/antcube.de\\\/#website\"},\"primaryImageOfPage\":{\"@id\":\"https:\\\/\\\/antcube.de\\\/ja\\\/%e3%82%b9%e3%82%bf%e3%83%bc%e3%82%bf%e3%83%bc%e3%82%ad%e3%83%83%e3%83%88\\\/#primaryimage\"},\"image\":{\"@id\":\"https:\\\/\\\/antcube.de\\\/ja\\\/%e3%82%b9%e3%82%bf%e3%83%bc%e3%82%bf%e3%83%bc%e3%82%ad%e3%83%83%e3%83%88\\\/#primaryimage\"},\"thumbnailUrl\":\"https:\\\/\\\/antcube.de\\\/wp-content\\\/uploads\\\/2021\\\/02\\\/Starter-Set-Wuste-2-1024x1024.jpg\",\"datePublished\":\"2021-02-09T10:43:34+00:00\",\"dateModified\":\"2021-08-13T15:40:24+00:00\",\"description\":\"Ant Keeping Equipment and Formicariums for resellers and ant shops. Have a look at our high quality ANTCUBE products.\",\"breadcrumb\":{\"@id\":\"https:\\\/\\\/antcube.de\\\/ja\\\/%e3%82%b9%e3%82%bf%e3%83%bc%e3%82%bf%e3%83%bc%e3%82%ad%e3%83%83%e3%83%88\\\/#breadcrumb\"},\"inLanguage\":\"es\",\"potentialAction\":[{\"@type\":\"ReadAction\",\"target\":[\"https:\\\/\\\/antcube.de\\\/ja\\\/%e3%82%b9%e3%82%bf%e3%83%bc%e3%82%bf%e3%83%bc%e3%82%ad%e3%83%83%e3%83%88\\\/\"]}]},{\"@type\":\"ImageObject\",\"inLanguage\":\"es\",\"@id\":\"https:\\\/\\\/antcube.de\\\/ja\\\/%e3%82%b9%e3%82%bf%e3%83%bc%e3%82%bf%e3%83%bc%e3%82%ad%e3%83%83%e3%83%88\\\/#primaryimage\",\"url\":\"https:\\\/\\\/antcube.de\\\/wp-content\\\/uploads\\\/2021\\\/02\\\/Starter-Set-Wuste-2-1024x1024.jpg\",\"contentUrl\":\"https:\\\/\\\/antcube.de\\\/wp-content\\\/uploads\\\/2021\\\/02\\\/Starter-Set-Wuste-2-1024x1024.jpg\"},{\"@type\":\"BreadcrumbList\",\"@id\":\"https:\\\/\\\/antcube.de\\\/ja\\\/%e3%82%b9%e3%82%bf%e3%83%bc%e3%82%bf%e3%83%bc%e3%82%ad%e3%83%83%e3%83%88\\\/#breadcrumb\",\"itemListElement\":[{\"@type\":\"ListItem\",\"position\":1,\"name\":\"Home\",\"item\":\"https:\\\/\\\/antcube.de\\\/\"},{\"@type\":\"ListItem\",\"position\":2,\"name\":\"Starter Kits Habitat\"}]},{\"@type\":\"WebSite\",\"@id\":\"https:\\\/\\\/antcube.de\\\/#website\",\"url\":\"https:\\\/\\\/antcube.de\\\/\",\"name\":\"ANTCUBE\",\"description\":\"ants, ant farms, ant arenas, ant keeping equipment, formicariums, ant nest, ant housing, ant feed, ant colonies, queen ants, pet ants, ant outworld, ant terrarium, ant aquarium, ant store, ant shop\",\"publisher\":{\"@id\":\"https:\\\/\\\/antcube.de\\\/#organization\"},\"potentialAction\":[{\"@type\":\"SearchAction\",\"target\":{\"@type\":\"EntryPoint\",\"urlTemplate\":\"https:\\\/\\\/antcube.de\\\/?s={search_term_string}\"},\"query-input\":{\"@type\":\"PropertyValueSpecification\",\"valueRequired\":true,\"valueName\":\"search_term_string\"}}],\"inLanguage\":\"es\"},{\"@type\":\"Organization\",\"@id\":\"https:\\\/\\\/antcube.de\\\/#organization\",\"name\":\"ANTCUBE\",\"url\":\"https:\\\/\\\/antcube.de\\\/\",\"logo\":{\"@type\":\"ImageObject\",\"inLanguage\":\"es\",\"@id\":\"https:\\\/\\\/antcube.de\\\/#\\\/schema\\\/logo\\\/image\\\/\",\"url\":\"https:\\\/\\\/antcube.de\\\/wp-content\\\/uploads\\\/2021\\\/02\\\/Antcube-Logo.png\",\"contentUrl\":\"https:\\\/\\\/antcube.de\\\/wp-content\\\/uploads\\\/2021\\\/02\\\/Antcube-Logo.png\",\"width\":5000,\"height\":1469,\"caption\":\"ANTCUBE\"},\"image\":{\"@id\":\"https:\\\/\\\/antcube.de\\\/#\\\/schema\\\/logo\\\/image\\\/\"},\"sameAs\":[\"https:\\\/\\\/www.facebook.com\\\/ANTSTORE\",\"https:\\\/\\\/x.com\\\/Antstore\",\"https:\\\/\\\/www.instagram.com\\\/antstore_world_of_ants\\\/\",\"https:\\\/\\\/www.youtube.com\\\/channel\\\/UCg8ZO8SOJ32swZqT3Eu-86A\"]}]}<\/script>\n<!-- \/ Yoast SEO plugin. -->","yoast_head_json":{"title":"Kits de inicio Habitat - ANTCUBE","description":"Accesorios para la cr\u00eda de hormigas y formicarios para revendedores y tiendas de hormigas. Echa un vistazo a nuestros productos de alta calidad ANTCUBE.","robots":{"index":"index","follow":"follow","max-snippet":"max-snippet:-1","max-image-preview":"max-image-preview:large","max-video-preview":"max-video-preview:-1"},"canonical":"https:\/\/antcube.de\/es\/\u30b9\u30bf\u30fc\u30bf\u30fc\u30ad\u30c3\u30c8\/","og_locale":"es_ES","og_type":"article","og_title":"Starter Kits Habitat - ANTCUBE","og_description":"Ant Keeping Equipment and Formicariums for resellers and ant shops. Have a look at our high quality ANTCUBE products.","og_url":"https:\/\/antcube.de\/es\/\u30b9\u30bf\u30fc\u30bf\u30fc\u30ad\u30c3\u30c8\/","og_site_name":"ANTCUBE","article_publisher":"https:\/\/www.facebook.com\/ANTSTORE","article_modified_time":"2021-08-13T15:40:24+00:00","og_image":[{"url":"https:\/\/antcube.de\/wp-content\/uploads\/2021\/02\/Starter-Set-Wuste-2-1024x1024.jpg","type":"","width":"","height":""}],"twitter_card":"summary_large_image","twitter_site":"@Antstore","twitter_misc":{"Tiempo de lectura":"5 minutos"},"schema":{"@context":"https:\/\/schema.org","@graph":[{"@type":"WebPage","@id":"https:\/\/antcube.de\/ja\/%e3%82%b9%e3%82%bf%e3%83%bc%e3%82%bf%e3%83%bc%e3%82%ad%e3%83%83%e3%83%88\/","url":"https:\/\/antcube.de\/ja\/%e3%82%b9%e3%82%bf%e3%83%bc%e3%82%bf%e3%83%bc%e3%82%ad%e3%83%83%e3%83%88\/","name":"Kits de inicio Habitat - ANTCUBE","isPartOf":{"@id":"https:\/\/antcube.de\/#website"},"primaryImageOfPage":{"@id":"https:\/\/antcube.de\/ja\/%e3%82%b9%e3%82%bf%e3%83%bc%e3%82%bf%e3%83%bc%e3%82%ad%e3%83%83%e3%83%88\/#primaryimage"},"image":{"@id":"https:\/\/antcube.de\/ja\/%e3%82%b9%e3%82%bf%e3%83%bc%e3%82%bf%e3%83%bc%e3%82%ad%e3%83%83%e3%83%88\/#primaryimage"},"thumbnailUrl":"https:\/\/antcube.de\/wp-content\/uploads\/2021\/02\/Starter-Set-Wuste-2-1024x1024.jpg","datePublished":"2021-02-09T10:43:34+00:00","dateModified":"2021-08-13T15:40:24+00:00","description":"Accesorios para la cr\u00eda de hormigas y formicarios para revendedores y tiendas de hormigas. Echa un vistazo a nuestros productos de alta calidad ANTCUBE.","breadcrumb":{"@id":"https:\/\/antcube.de\/ja\/%e3%82%b9%e3%82%bf%e3%83%bc%e3%82%bf%e3%83%bc%e3%82%ad%e3%83%83%e3%83%88\/#breadcrumb"},"inLanguage":"es","potentialAction":[{"@type":"ReadAction","target":["https:\/\/antcube.de\/ja\/%e3%82%b9%e3%82%bf%e3%83%bc%e3%82%bf%e3%83%bc%e3%82%ad%e3%83%83%e3%83%88\/"]}]},{"@type":"ImageObject","inLanguage":"es","@id":"https:\/\/antcube.de\/ja\/%e3%82%b9%e3%82%bf%e3%83%bc%e3%82%bf%e3%83%bc%e3%82%ad%e3%83%83%e3%83%88\/#primaryimage","url":"https:\/\/antcube.de\/wp-content\/uploads\/2021\/02\/Starter-Set-Wuste-2-1024x1024.jpg","contentUrl":"https:\/\/antcube.de\/wp-content\/uploads\/2021\/02\/Starter-Set-Wuste-2-1024x1024.jpg"},{"@type":"BreadcrumbList","@id":"https:\/\/antcube.de\/ja\/%e3%82%b9%e3%82%bf%e3%83%bc%e3%82%bf%e3%83%bc%e3%82%ad%e3%83%83%e3%83%88\/#breadcrumb","itemListElement":[{"@type":"ListItem","position":1,"name":"Home","item":"https:\/\/antcube.de\/"},{"@type":"ListItem","position":2,"name":"Starter Kits Habitat"}]},{"@type":"WebSite","@id":"https:\/\/antcube.de\/#website","url":"https:\/\/antcube.de\/","name":"ANTCUBE","description":"hormigas, granjas de hormigas, arenas de hormigas, equipos de mantenimiento de hormigas, formicarios, nido de hormigas, alojamiento de hormigas, alimentaci\u00f3n de hormigas, colonias de hormigas, hormigas reina, hormigas de compa\u00f1\u00eda, terrario de hormigas, acuario de hormigas, tienda de hormigas","publisher":{"@id":"https:\/\/antcube.de\/#organization"},"potentialAction":[{"@type":"SearchAction","target":{"@type":"EntryPoint","urlTemplate":"https:\/\/antcube.de\/?s={search_term_string}"},"query-input":{"@type":"PropertyValueSpecification","valueRequired":true,"valueName":"search_term_string"}}],"inLanguage":"es"},{"@type":"Organization","@id":"https:\/\/antcube.de\/#organization","name":"ANTCUBE","url":"https:\/\/antcube.de\/","logo":{"@type":"ImageObject","inLanguage":"es","@id":"https:\/\/antcube.de\/#\/schema\/logo\/image\/","url":"https:\/\/antcube.de\/wp-content\/uploads\/2021\/02\/Antcube-Logo.png","contentUrl":"https:\/\/antcube.de\/wp-content\/uploads\/2021\/02\/Antcube-Logo.png","width":5000,"height":1469,"caption":"ANTCUBE"},"image":{"@id":"https:\/\/antcube.de\/#\/schema\/logo\/image\/"},"sameAs":["https:\/\/www.facebook.com\/ANTSTORE","https:\/\/x.com\/Antstore","https:\/\/www.instagram.com\/antstore_world_of_ants\/","https:\/\/www.youtube.com\/channel\/UCg8ZO8SOJ32swZqT3Eu-86A"]}]}},"_links":{"self":[{"href":"https:\/\/antcube.de\/es\/wp-json\/wp\/v2\/pages\/75","targetHints":{"allow":["GET"]}}],"collection":[{"href":"https:\/\/antcube.de\/es\/wp-json\/wp\/v2\/pages"}],"about":[{"href":"https:\/\/antcube.de\/es\/wp-json\/wp\/v2\/types\/page"}],"author":[{"embeddable":true,"href":"https:\/\/antcube.de\/es\/wp-json\/wp\/v2\/users\/1"}],"replies":[{"embeddable":true,"href":"https:\/\/antcube.de\/es\/wp-json\/wp\/v2\/comments?post=75"}],"version-history":[{"count":10,"href":"https:\/\/antcube.de\/es\/wp-json\/wp\/v2\/pages\/75\/revisions"}],"predecessor-version":[{"id":754,"href":"https:\/\/antcube.de\/es\/wp-json\/wp\/v2\/pages\/75\/revisions\/754"}],"wp:attachment":[{"href":"https:\/\/antcube.de\/es\/wp-json\/wp\/v2\/media?parent=75"}],"curies":[{"name":"wp","href":"https:\/\/api.w.org\/{rel}","templated":true}]}}