{"id":206,"date":"2021-02-16T14:45:50","date_gmt":"2021-02-16T13:45:50","guid":{"rendered":"https:\/\/antcube.de\/?page_id=206"},"modified":"2021-09-27T11:18:18","modified_gmt":"2021-09-27T09:18:18","slug":"starter-kit-for-messor-ant-species","status":"publish","type":"page","link":"https:\/\/antcube.de\/es\/starter-kit-for-messor-ant-species\/","title":{"rendered":"Kit de inicio para especies de hormigas cosechadoras o Messor"},"content":{"rendered":"<div class=\"wp-block-cover alignfull has-nv-light-bg-background-color has-background-dim\" style=\"min-height:600px;aspect-ratio:unset;\"><div class=\"wp-block-cover__inner-container is-layout-flow wp-block-cover-is-layout-flow\">\n<div style=\"height:100px\" aria-hidden=\"true\" class=\"wp-block-spacer\"><\/div>\n\n\n\n<div class=\"wp-block-media-text alignwide is-stacked-on-mobile\"><figure class=\"wp-block-media-text__media\"><img loading=\"lazy\" decoding=\"async\" width=\"1024\" height=\"1024\" src=\"https:\/\/antcube.de\/wp-content\/uploads\/2021\/02\/Starter-Set-Messor-3-1024x1024.jpg\" alt=\"\" class=\"wp-image-305 size-full\" srcset=\"https:\/\/antcube.de\/wp-content\/uploads\/2021\/02\/Starter-Set-Messor-3-1024x1024.jpg 1024w, https:\/\/antcube.de\/wp-content\/uploads\/2021\/02\/Starter-Set-Messor-3-300x300.jpg 300w, https:\/\/antcube.de\/wp-content\/uploads\/2021\/02\/Starter-Set-Messor-3-150x150.jpg 150w, https:\/\/antcube.de\/wp-content\/uploads\/2021\/02\/Starter-Set-Messor-3-768x768.jpg 768w, https:\/\/antcube.de\/wp-content\/uploads\/2021\/02\/Starter-Set-Messor-3-1536x1536.jpg 1536w, https:\/\/antcube.de\/wp-content\/uploads\/2021\/02\/Starter-Set-Messor-3.jpg 2000w\" sizes=\"auto, (max-width: 1024px) 100vw, 1024px\" \/><\/figure><div class=\"wp-block-media-text__content\">\n<h2 class=\"has-neve-link-color-color has-text-color wp-block-heading\">Kit de inicio Hormigas cosechadoras\/ Messor<\/h2>\n\n\n\n<p class=\"has-neve-link-color-color has-text-color\" style=\"font-size:24px\">Nuestro kit de inicio Messor est\u00e1 especialmente dise\u00f1ado para satisfacer las necesidades de todas las especies de hormigas cosechadoras o Messor. La segunda granja de hormigas incluida se utiliza para almacenar sus granos recolectados<\/p>\n\n\n\n<ul class=\"has-neve-link-color-color has-text-color wp-block-list\"><li>1x ANTCUBE - Arena 20x20x10 - plano<\/li><li>1x marco de arena para hormigas 20\u00d720<\/li><li>1x cubierta de hormiguero 20\u00d720 + esquinas de fijaci\u00f3n<\/li><li>2x ANTCUBE - granja de hormigas - M - 20\u00d720 - de pie<\/li><li>2x ANTCUBE - Placa Digfix 20\u00d720 - M<\/li><li>1x 1m de manguera transparente 14\/10 mm<\/li><li>2x ANTCUBE - l\u00e1mina roja 20\u00d720 - autoadhesivo<\/li><li>1x tierra - desierto - 1 kg<\/li><li>2x rejilla - 50mm - acero inoxidable<\/li><li>1x rejilla - 27mm - acero inoxidable<\/li><li>1x tapa de malla - 10mm - acero inoxidable<\/li><li>1x conector de cuenca para el agujero 27 y la manguera de 10-16 mm - M25<\/li><li>1x Tuerca Formicarium M25 - gris<\/li><li>1x dispensador de alimento de 2ml - puede ser dosificado<\/li><li>1x bebedero 2ml - 360 grados<\/li><li>1x bol transparente 1\u00d720 - esponja<\/li><li>1x mini termohigr\u00f3metro anal\u00f3gico - pantalla - colgante<\/li><li>1x Aceite protector contra los brotes de hormigas 10ml<\/li><li>1x pinzas de acero para muelles - anchas - suaves<\/li><li>1x pinzas de pl\u00e1stico transparente<\/li><li>1x pipeta de pl\u00e1stico de 3ml<\/li><li>1x Lupa de mano - 2 pliegues - 30mm<\/li><li>1x Juego de mezcla de alimentos - para recolectores de granos<\/li><li>1x limpiador de espuma 150x18x2.5mm<\/li><li>1 pared trasera de fotos - desierto - 20\u00d710<\/li><\/ul>\n<\/div><\/div>\n\n\n\n<div style=\"height:100px\" aria-hidden=\"true\" class=\"wp-block-spacer\"><\/div>\n\n\n\n<figure class=\"wp-block-embed is-type-video is-provider-youtube wp-block-embed-youtube wp-embed-aspect-16-9 wp-has-aspect-ratio\"><div class=\"wp-block-embed__wrapper\">\n<div class=\"nv-iframe-embed\"><iframe loading=\"lazy\" title=\"ANTCUBE Starter Kit Messor para hormigas cosechadoras\" width=\"1200\" height=\"675\" src=\"https:\/\/www.youtube.com\/embed\/UN5rBw2UX_k?feature=oembed\" frameborder=\"0\" allow=\"accelerometer; autoplay; clipboard-write; encrypted-media; gyroscope; picture-in-picture\" allowfullscreen><\/iframe><\/div>\n<\/div><\/figure>\n\n\n\n<figure class=\"wp-block-embed is-type-video is-provider-youtube wp-block-embed-youtube wp-embed-aspect-16-9 wp-has-aspect-ratio\"><div class=\"wp-block-embed__wrapper\">\n<div class=\"nv-iframe-embed\"><iframe loading=\"lazy\" title=\"ANTCUBE Zestaw startowy Messor dla mr\u00f3wek\" width=\"1200\" height=\"675\" src=\"https:\/\/www.youtube.com\/embed\/VUfDQTS-Kl8?feature=oembed\" frameborder=\"0\" allow=\"accelerometer; autoplay; clipboard-write; encrypted-media; gyroscope; picture-in-picture\" allowfullscreen><\/iframe><\/div>\n<\/div><\/figure>\n\n\n\n<figure class=\"wp-block-embed is-type-video is-provider-youtube wp-block-embed-youtube wp-embed-aspect-16-9 wp-has-aspect-ratio\"><div class=\"wp-block-embed__wrapper\">\n<div class=\"nv-iframe-embed\"><iframe loading=\"lazy\" title=\"ANTCUBE Starter Kit Messor pour les fourmis moissonneuses\" width=\"1200\" height=\"675\" src=\"https:\/\/www.youtube.com\/embed\/icQd-a58rl4?feature=oembed\" frameborder=\"0\" allow=\"accelerometer; autoplay; clipboard-write; encrypted-media; gyroscope; picture-in-picture\" allowfullscreen><\/iframe><\/div>\n<\/div><\/figure>\n\n\n\n<figure class=\"wp-block-embed is-type-video is-provider-youtube wp-block-embed-youtube wp-embed-aspect-16-9 wp-has-aspect-ratio\"><div class=\"wp-block-embed__wrapper\">\n<div class=\"nv-iframe-embed\"><iframe loading=\"lazy\" title=\"\u0645\u062c\u0645\u0648\u0639\u0629\u0627\u0644\u0645\u0628\u062a\u062f\u0626\u064a\u0646 \u0644\u0644\u0646\u0645\u0644 \u0645\u0646 \u0627\u0644\u0646\u0648\u0639 \u0627\u0644\u062d\u0627\u0635\u062f - (ANTCUBE Starter Set Messor)\" width=\"1200\" height=\"675\" src=\"https:\/\/www.youtube.com\/embed\/Qorx24mUzjE?feature=oembed\" frameborder=\"0\" allow=\"accelerometer; autoplay; clipboard-write; encrypted-media; gyroscope; picture-in-picture\" allowfullscreen><\/iframe><\/div>\n<\/div><\/figure>\n\n\n\n<figure class=\"wp-block-embed is-type-video is-provider-youtube wp-block-embed-youtube wp-embed-aspect-16-9 wp-has-aspect-ratio\"><div class=\"wp-block-embed__wrapper\">\n<div class=\"nv-iframe-embed\"><iframe loading=\"lazy\" title=\"ANTCUBE \u30af\u30ed\u30ca\u30ac\u30a2\u30ea\u30fb\u30b9\u30bf\u30fc\u30bf\u30fc\u30ad\u30c3\u30c8 \u7a40\u7269\u63a1\u96c6\u578b\u306e\u30a2\u30ea\u306b\u5bfe\u5fdc\" width=\"1200\" height=\"675\" src=\"https:\/\/www.youtube.com\/embed\/RmeGLgTS9s8?feature=oembed\" frameborder=\"0\" allow=\"accelerometer; autoplay; clipboard-write; encrypted-media; gyroscope; picture-in-picture\" allowfullscreen><\/iframe><\/div>\n<\/div><\/figure>\n\n\n\n<figure class=\"wp-block-embed is-type-video is-provider-youtube wp-block-embed-youtube wp-embed-aspect-16-9 wp-has-aspect-ratio\"><div class=\"wp-block-embed__wrapper\">\n<div class=\"nv-iframe-embed\"><iframe loading=\"lazy\" title=\"ANTCUBE Starter Kit Messor para hormigas cosechadoras \uc218\ud655\uac1c\ubbf8\ub97c \uc704\ud55c ANTCUBE \uc2a4\ud0c0\ud130 \uc138\ud2b8\" width=\"1200\" height=\"675\" src=\"https:\/\/www.youtube.com\/embed\/85WbwIwBIP4?feature=oembed\" frameborder=\"0\" allow=\"accelerometer; autoplay; clipboard-write; encrypted-media; gyroscope; picture-in-picture\" allowfullscreen><\/iframe><\/div>\n<\/div><\/figure>\n\n\n\n<p class=\"has-text-align-center has-large-font-size\"><\/p>\n<\/div><\/div>","protected":false},"excerpt":{"rendered":"","protected":false},"author":1,"featured_media":0,"parent":0,"menu_order":0,"comment_status":"closed","ping_status":"closed","template":"","meta":{"neve_meta_sidebar":"full-width","neve_meta_container":"","neve_meta_enable_content_width":"on","neve_meta_content_width":100,"neve_meta_title_alignment":"","neve_meta_author_avatar":"","neve_post_elements_order":"","neve_meta_disable_header":"","neve_meta_disable_footer":"","neve_meta_disable_title":"","footnotes":""},"class_list":["post-206","page","type-page","status-publish","hentry"],"yoast_head":"<!-- This site is optimized with the Yoast SEO plugin v27.3 - https:\/\/yoast.com\/product\/yoast-seo-wordpress\/ -->\n<title>Starter Kit for Harvester or Messor Ant Species - ANTCUBE<\/title>\n<meta name=\"description\" content=\"Ant Keeping Equipment and Formicariums for resellers and ant shops. Have a look at our high quality ANTCUBE products.\" \/>\n<meta name=\"robots\" content=\"index, follow, max-snippet:-1, max-image-preview:large, max-video-preview:-1\" \/>\n<link rel=\"canonical\" href=\"https:\/\/antcube.de\/es\/kit-de-demarrage-pour-lespece-professeur\/\" \/>\n<meta property=\"og:locale\" content=\"es_ES\" \/>\n<meta property=\"og:type\" content=\"article\" \/>\n<meta property=\"og:title\" content=\"Starter Kit for Harvester or Messor Ant Species - ANTCUBE\" \/>\n<meta property=\"og:description\" content=\"Ant Keeping Equipment and Formicariums for resellers and ant shops. Have a look at our high quality ANTCUBE products.\" \/>\n<meta property=\"og:url\" content=\"https:\/\/antcube.de\/es\/kit-de-demarrage-pour-lespece-professeur\/\" \/>\n<meta property=\"og:site_name\" content=\"ANTCUBE\" \/>\n<meta property=\"article:publisher\" content=\"https:\/\/www.facebook.com\/ANTSTORE\" \/>\n<meta property=\"article:modified_time\" content=\"2021-09-27T09:18:18+00:00\" \/>\n<meta property=\"og:image\" content=\"https:\/\/antcube.de\/wp-content\/uploads\/2021\/02\/Starter-Set-Messor-3-1024x1024.jpg\" \/>\n<meta name=\"twitter:card\" content=\"summary_large_image\" \/>\n<meta name=\"twitter:site\" content=\"@Antstore\" \/>\n<meta name=\"twitter:label1\" content=\"Tiempo de lectura\" \/>\n\t<meta name=\"twitter:data1\" content=\"2 minutos\" \/>\n<script type=\"application\/ld+json\" class=\"yoast-schema-graph\">{\"@context\":\"https:\\\/\\\/schema.org\",\"@graph\":[{\"@type\":\"WebPage\",\"@id\":\"https:\\\/\\\/antcube.de\\\/fr\\\/kit-de-demarrage-pour-lespece-professeur\\\/\",\"url\":\"https:\\\/\\\/antcube.de\\\/fr\\\/kit-de-demarrage-pour-lespece-professeur\\\/\",\"name\":\"Starter Kit for Harvester or Messor Ant Species - ANTCUBE\",\"isPartOf\":{\"@id\":\"https:\\\/\\\/antcube.de\\\/#website\"},\"primaryImageOfPage\":{\"@id\":\"https:\\\/\\\/antcube.de\\\/fr\\\/kit-de-demarrage-pour-lespece-professeur\\\/#primaryimage\"},\"image\":{\"@id\":\"https:\\\/\\\/antcube.de\\\/fr\\\/kit-de-demarrage-pour-lespece-professeur\\\/#primaryimage\"},\"thumbnailUrl\":\"https:\\\/\\\/antcube.de\\\/wp-content\\\/uploads\\\/2021\\\/02\\\/Starter-Set-Messor-3-1024x1024.jpg\",\"datePublished\":\"2021-02-16T13:45:50+00:00\",\"dateModified\":\"2021-09-27T09:18:18+00:00\",\"description\":\"Ant Keeping Equipment and Formicariums for resellers and ant shops. Have a look at our high quality ANTCUBE products.\",\"breadcrumb\":{\"@id\":\"https:\\\/\\\/antcube.de\\\/fr\\\/kit-de-demarrage-pour-lespece-professeur\\\/#breadcrumb\"},\"inLanguage\":\"es\",\"potentialAction\":[{\"@type\":\"ReadAction\",\"target\":[\"https:\\\/\\\/antcube.de\\\/fr\\\/kit-de-demarrage-pour-lespece-professeur\\\/\"]}]},{\"@type\":\"ImageObject\",\"inLanguage\":\"es\",\"@id\":\"https:\\\/\\\/antcube.de\\\/fr\\\/kit-de-demarrage-pour-lespece-professeur\\\/#primaryimage\",\"url\":\"https:\\\/\\\/antcube.de\\\/wp-content\\\/uploads\\\/2021\\\/02\\\/Starter-Set-Messor-3-1024x1024.jpg\",\"contentUrl\":\"https:\\\/\\\/antcube.de\\\/wp-content\\\/uploads\\\/2021\\\/02\\\/Starter-Set-Messor-3-1024x1024.jpg\"},{\"@type\":\"BreadcrumbList\",\"@id\":\"https:\\\/\\\/antcube.de\\\/fr\\\/kit-de-demarrage-pour-lespece-professeur\\\/#breadcrumb\",\"itemListElement\":[{\"@type\":\"ListItem\",\"position\":1,\"name\":\"Home\",\"item\":\"https:\\\/\\\/antcube.de\\\/\"},{\"@type\":\"ListItem\",\"position\":2,\"name\":\"Starter Kit for Harvester or Messor Ant Species\"}]},{\"@type\":\"WebSite\",\"@id\":\"https:\\\/\\\/antcube.de\\\/#website\",\"url\":\"https:\\\/\\\/antcube.de\\\/\",\"name\":\"ANTCUBE\",\"description\":\"ants, ant farms, ant arenas, ant keeping equipment, formicariums, ant nest, ant housing, ant feed, ant colonies, queen ants, pet ants, ant outworld, ant terrarium, ant aquarium, ant store, ant shop\",\"publisher\":{\"@id\":\"https:\\\/\\\/antcube.de\\\/#organization\"},\"potentialAction\":[{\"@type\":\"SearchAction\",\"target\":{\"@type\":\"EntryPoint\",\"urlTemplate\":\"https:\\\/\\\/antcube.de\\\/?s={search_term_string}\"},\"query-input\":{\"@type\":\"PropertyValueSpecification\",\"valueRequired\":true,\"valueName\":\"search_term_string\"}}],\"inLanguage\":\"es\"},{\"@type\":\"Organization\",\"@id\":\"https:\\\/\\\/antcube.de\\\/#organization\",\"name\":\"ANTCUBE\",\"url\":\"https:\\\/\\\/antcube.de\\\/\",\"logo\":{\"@type\":\"ImageObject\",\"inLanguage\":\"es\",\"@id\":\"https:\\\/\\\/antcube.de\\\/#\\\/schema\\\/logo\\\/image\\\/\",\"url\":\"https:\\\/\\\/antcube.de\\\/wp-content\\\/uploads\\\/2021\\\/02\\\/Antcube-Logo.png\",\"contentUrl\":\"https:\\\/\\\/antcube.de\\\/wp-content\\\/uploads\\\/2021\\\/02\\\/Antcube-Logo.png\",\"width\":5000,\"height\":1469,\"caption\":\"ANTCUBE\"},\"image\":{\"@id\":\"https:\\\/\\\/antcube.de\\\/#\\\/schema\\\/logo\\\/image\\\/\"},\"sameAs\":[\"https:\\\/\\\/www.facebook.com\\\/ANTSTORE\",\"https:\\\/\\\/x.com\\\/Antstore\",\"https:\\\/\\\/www.instagram.com\\\/antstore_world_of_ants\\\/\",\"https:\\\/\\\/www.youtube.com\\\/channel\\\/UCg8ZO8SOJ32swZqT3Eu-86A\"]}]}<\/script>\n<!-- \/ Yoast SEO plugin. -->","yoast_head_json":{"title":"Kit de inicio para especies de hormigas cosechadoras o Messor - ANTCUBE","description":"Accesorios para la cr\u00eda de hormigas y formicarios para revendedores y tiendas de hormigas. Echa un vistazo a nuestros productos de alta calidad ANTCUBE.","robots":{"index":"index","follow":"follow","max-snippet":"max-snippet:-1","max-image-preview":"max-image-preview:large","max-video-preview":"max-video-preview:-1"},"canonical":"https:\/\/antcube.de\/es\/kit-de-demarrage-pour-lespece-professeur\/","og_locale":"es_ES","og_type":"article","og_title":"Starter Kit for Harvester or Messor Ant Species - ANTCUBE","og_description":"Ant Keeping Equipment and Formicariums for resellers and ant shops. Have a look at our high quality ANTCUBE products.","og_url":"https:\/\/antcube.de\/es\/kit-de-demarrage-pour-lespece-professeur\/","og_site_name":"ANTCUBE","article_publisher":"https:\/\/www.facebook.com\/ANTSTORE","article_modified_time":"2021-09-27T09:18:18+00:00","og_image":[{"url":"https:\/\/antcube.de\/wp-content\/uploads\/2021\/02\/Starter-Set-Messor-3-1024x1024.jpg","type":"","width":"","height":""}],"twitter_card":"summary_large_image","twitter_site":"@Antstore","twitter_misc":{"Tiempo de lectura":"2 minutos"},"schema":{"@context":"https:\/\/schema.org","@graph":[{"@type":"WebPage","@id":"https:\/\/antcube.de\/fr\/kit-de-demarrage-pour-lespece-professeur\/","url":"https:\/\/antcube.de\/fr\/kit-de-demarrage-pour-lespece-professeur\/","name":"Kit de inicio para especies de hormigas cosechadoras o Messor - ANTCUBE","isPartOf":{"@id":"https:\/\/antcube.de\/#website"},"primaryImageOfPage":{"@id":"https:\/\/antcube.de\/fr\/kit-de-demarrage-pour-lespece-professeur\/#primaryimage"},"image":{"@id":"https:\/\/antcube.de\/fr\/kit-de-demarrage-pour-lespece-professeur\/#primaryimage"},"thumbnailUrl":"https:\/\/antcube.de\/wp-content\/uploads\/2021\/02\/Starter-Set-Messor-3-1024x1024.jpg","datePublished":"2021-02-16T13:45:50+00:00","dateModified":"2021-09-27T09:18:18+00:00","description":"Accesorios para la cr\u00eda de hormigas y formicarios para revendedores y tiendas de hormigas. Echa un vistazo a nuestros productos de alta calidad ANTCUBE.","breadcrumb":{"@id":"https:\/\/antcube.de\/fr\/kit-de-demarrage-pour-lespece-professeur\/#breadcrumb"},"inLanguage":"es","potentialAction":[{"@type":"ReadAction","target":["https:\/\/antcube.de\/fr\/kit-de-demarrage-pour-lespece-professeur\/"]}]},{"@type":"ImageObject","inLanguage":"es","@id":"https:\/\/antcube.de\/fr\/kit-de-demarrage-pour-lespece-professeur\/#primaryimage","url":"https:\/\/antcube.de\/wp-content\/uploads\/2021\/02\/Starter-Set-Messor-3-1024x1024.jpg","contentUrl":"https:\/\/antcube.de\/wp-content\/uploads\/2021\/02\/Starter-Set-Messor-3-1024x1024.jpg"},{"@type":"BreadcrumbList","@id":"https:\/\/antcube.de\/fr\/kit-de-demarrage-pour-lespece-professeur\/#breadcrumb","itemListElement":[{"@type":"ListItem","position":1,"name":"Home","item":"https:\/\/antcube.de\/"},{"@type":"ListItem","position":2,"name":"Starter Kit for Harvester or Messor Ant Species"}]},{"@type":"WebSite","@id":"https:\/\/antcube.de\/#website","url":"https:\/\/antcube.de\/","name":"ANTCUBE","description":"hormigas, granjas de hormigas, arenas de hormigas, equipos de mantenimiento de hormigas, formicarios, nido de hormigas, alojamiento de hormigas, alimentaci\u00f3n de hormigas, colonias de hormigas, hormigas reina, hormigas de compa\u00f1\u00eda, terrario de hormigas, acuario de hormigas, tienda de hormigas","publisher":{"@id":"https:\/\/antcube.de\/#organization"},"potentialAction":[{"@type":"SearchAction","target":{"@type":"EntryPoint","urlTemplate":"https:\/\/antcube.de\/?s={search_term_string}"},"query-input":{"@type":"PropertyValueSpecification","valueRequired":true,"valueName":"search_term_string"}}],"inLanguage":"es"},{"@type":"Organization","@id":"https:\/\/antcube.de\/#organization","name":"ANTCUBE","url":"https:\/\/antcube.de\/","logo":{"@type":"ImageObject","inLanguage":"es","@id":"https:\/\/antcube.de\/#\/schema\/logo\/image\/","url":"https:\/\/antcube.de\/wp-content\/uploads\/2021\/02\/Antcube-Logo.png","contentUrl":"https:\/\/antcube.de\/wp-content\/uploads\/2021\/02\/Antcube-Logo.png","width":5000,"height":1469,"caption":"ANTCUBE"},"image":{"@id":"https:\/\/antcube.de\/#\/schema\/logo\/image\/"},"sameAs":["https:\/\/www.facebook.com\/ANTSTORE","https:\/\/x.com\/Antstore","https:\/\/www.instagram.com\/antstore_world_of_ants\/","https:\/\/www.youtube.com\/channel\/UCg8ZO8SOJ32swZqT3Eu-86A"]}]}},"_links":{"self":[{"href":"https:\/\/antcube.de\/es\/wp-json\/wp\/v2\/pages\/206","targetHints":{"allow":["GET"]}}],"collection":[{"href":"https:\/\/antcube.de\/es\/wp-json\/wp\/v2\/pages"}],"about":[{"href":"https:\/\/antcube.de\/es\/wp-json\/wp\/v2\/types\/page"}],"author":[{"embeddable":true,"href":"https:\/\/antcube.de\/es\/wp-json\/wp\/v2\/users\/1"}],"replies":[{"embeddable":true,"href":"https:\/\/antcube.de\/es\/wp-json\/wp\/v2\/comments?post=206"}],"version-history":[{"count":10,"href":"https:\/\/antcube.de\/es\/wp-json\/wp\/v2\/pages\/206\/revisions"}],"predecessor-version":[{"id":794,"href":"https:\/\/antcube.de\/es\/wp-json\/wp\/v2\/pages\/206\/revisions\/794"}],"wp:attachment":[{"href":"https:\/\/antcube.de\/es\/wp-json\/wp\/v2\/media?parent=206"}],"curies":[{"name":"wp","href":"https:\/\/api.w.org\/{rel}","templated":true}]}}