{"id":75,"date":"2021-02-09T11:43:34","date_gmt":"2021-02-09T10:43:34","guid":{"rendered":"https:\/\/antcube.de\/?page_id=75"},"modified":"2021-08-13T17:40:24","modified_gmt":"2021-08-13T15:40:24","slug":"starter-kits-habitat","status":"publish","type":"page","link":"https:\/\/antcube.de\/de\/starter-kits-habitat\/","title":{"rendered":"Starter-Kits Habitat"},"content":{"rendered":"<div class=\"wp-block-cover alignfull has-nv-site-bg-background-color has-background-dim\" style=\"min-height:600px;aspect-ratio:unset;\"><div class=\"wp-block-cover__inner-container is-layout-flow wp-block-cover-is-layout-flow\">\n<h2 class=\"has-text-align-center has-neve-link-color-color has-text-color wp-block-heading\" style=\"font-size:28px\">Unsere Starter Kits Habitat sind in den Gr\u00f6\u00dfen S, M oder L erh\u00e4ltlich<\/h2>\n\n\n\n<p class=\"has-text-align-center has-neve-link-color-color has-text-color\">S = 6 mm f\u00fcr kleine Ameisenarten wie z. B.. Myrmica sp.<\/p>\n\n\n\n<p class=\"has-text-align-center has-neve-link-color-color has-text-color\">M = 10mm f\u00fcr mittlere Ameisenarten wie Lasius sp. und Formica sp.<\/p>\n\n\n\n<p class=\"has-text-align-center has-neve-link-color-color has-text-color\">L = 20mm f\u00fcr gro\u00dfe Ameisenarten wie z.B. Camponotus sp. oder mit Nesteinsatz auch f\u00fcr kleinere Ameisenarten.<\/p>\n\n\n\n<p class=\"has-text-align-center has-neve-link-color-color has-text-color\">Das Glas aller unserer Formikarien wird nach DIN 1249 mit einer Toleranz von +\/;- 1mm geschnitten<\/p>\n<\/div><\/div>\n\n\n\n<div class=\"wp-block-cover alignfull has-neve-link-color-background-color has-background-dim\" style=\"min-height:600px;aspect-ratio:unset;\"><div class=\"wp-block-cover__inner-container is-layout-flow wp-block-cover-is-layout-flow\">\n<div style=\"height:100px\" aria-hidden=\"true\" class=\"wp-block-spacer\"><\/div>\n\n\n\n<h2 class=\"has-nv-text-dark-bg-color has-text-color wp-block-heading\" style=\"font-size:39px\">Starter Kits \"W\u00fcste\", \"Wiese\", \"Wald\" und \"Regenwald\"<\/h2>\n\n\n\n<div style=\"height:35px\" aria-hidden=\"true\" class=\"wp-block-spacer\"><\/div>\n\n\n\n<div class=\"wp-block-media-text alignwide is-stacked-on-mobile\"><figure class=\"wp-block-media-text__media\"><img loading=\"lazy\" decoding=\"async\" width=\"1024\" height=\"1024\" src=\"https:\/\/antcube.de\/wp-content\/uploads\/2021\/02\/Starter-Set-Wuste-2-1024x1024.jpg\" alt=\"ANTCUBE Starter Set W\u00fcste \" class=\"wp-image-309 size-full\" srcset=\"https:\/\/antcube.de\/wp-content\/uploads\/2021\/02\/Starter-Set-Wuste-2-1024x1024.jpg 1024w, https:\/\/antcube.de\/wp-content\/uploads\/2021\/02\/Starter-Set-Wuste-2-300x300.jpg 300w, https:\/\/antcube.de\/wp-content\/uploads\/2021\/02\/Starter-Set-Wuste-2-150x150.jpg 150w, https:\/\/antcube.de\/wp-content\/uploads\/2021\/02\/Starter-Set-Wuste-2-768x768.jpg 768w, https:\/\/antcube.de\/wp-content\/uploads\/2021\/02\/Starter-Set-Wuste-2-1536x1536.jpg 1536w, https:\/\/antcube.de\/wp-content\/uploads\/2021\/02\/Starter-Set-Wuste-2.jpg 2000w\" sizes=\"auto, (max-width: 1024px) 100vw, 1024px\" \/><\/figure><div class=\"wp-block-media-text__content\">\n<h2 class=\"has-nv-text-dark-bg-color has-text-color wp-block-heading\">Starter Kit W\u00fcste<\/h2>\n\n\n\n<p class=\"has-nv-text-dark-bg-color has-text-color has-medium-font-size\">Das Starter Kit Desert ist f\u00fcr Ameisenarten konzipiert, die in W\u00fcsten, \u00d6dland oder Steppen leben oder einfach aus mediterranen Gebieten stammen<\/p>\n\n\n\n<ul class=\"has-nv-site-bg-color has-text-color wp-block-list\"><li>1x ANTCUBE arena 20x20x10<\/li><li>1x Ameisen-Arena-Rahmen 20\u00d720<\/li><li>1x Ameisenarena Abdeckung 20\u00d720<\/li><li>1x ANTCUBE Ameisenfarm 20\u00d720 Gr\u00f6\u00dfe S, M oder L <\/li><li>1x 0,5m flexibler Schlauch transparent Gr\u00f6\u00dfe S, M oder L<\/li><li>1x ANTCUBE - Roter Bildschirm 20\u00d720<\/li><li>1x Boden \"W\u00fcste\" 1kg<\/li><li>1x Formicarium-Granulat 200ml - beige<\/li><li>1x Gittereinsatz - 50mm - Edelstahl<\/li><li>1x Formicarium-Stopfen f\u00fcr 50mm Bohrung<\/li><li>1x Formicarium-Stopfen f\u00fcr 27mm Bohrung<\/li><li>1x Gitterkappe - Edelstahl Gr\u00f6\u00dfe S, M oder L<\/li><li>1x Waschbeckenanschluss Loch 27 und Schlauch 10-16 mm - M25<\/li><li>1x Formicarium-Mutter M25 - grau<\/li><li>1x Tr\u00e4nkewanne 2ml - 360 Grad<\/li><li>1x Futtermittelspender 2ml - Dosierung<\/li><li>1x Mini-Thermo- Hygrometer analog - Anzeige - h\u00e4ngend<\/li><li>1x Ameisenflucht-Schutz\u00f6l 10ml<\/li><li>1x Pinzette Federstahl - breit - weich<\/li><li>1x Kunststoffpinzette transparent<\/li><li>1x Kunststoffpipette 3ml<\/li><li>1x Handlupe 2-fach - 30mm<\/li><li>1x Food Mix Set - Standard<\/li><li>1x Schaumstoffwischer 150x18x2,5mm<\/li><li>1x Fotohintergrund - W\u00fcste - 20\u00d710<\/li><\/ul>\n\n\n\n<p><\/p>\n<\/div><\/div>\n\n\n\n<div style=\"height:100px\" aria-hidden=\"true\" class=\"wp-block-spacer\"><\/div>\n<\/div><\/div>\n\n\n\n<div class=\"wp-block-cover alignfull has-nv-light-bg-background-color has-background-dim\" style=\"min-height:600px;aspect-ratio:unset;\"><div class=\"wp-block-cover__inner-container is-layout-flow wp-block-cover-is-layout-flow\">\n<div style=\"height:59px\" aria-hidden=\"true\" class=\"wp-block-spacer\"><\/div>\n\n\n\n<div class=\"wp-block-media-text alignwide is-stacked-on-mobile\"><figure class=\"wp-block-media-text__media\"><img loading=\"lazy\" decoding=\"async\" width=\"1024\" height=\"1024\" src=\"https:\/\/antcube.de\/wp-content\/uploads\/2021\/02\/Starter-Set-Wiese-2-1024x1024.jpg\" alt=\"\" class=\"wp-image-308 size-full\" srcset=\"https:\/\/antcube.de\/wp-content\/uploads\/2021\/02\/Starter-Set-Wiese-2-1024x1024.jpg 1024w, https:\/\/antcube.de\/wp-content\/uploads\/2021\/02\/Starter-Set-Wiese-2-300x300.jpg 300w, https:\/\/antcube.de\/wp-content\/uploads\/2021\/02\/Starter-Set-Wiese-2-150x150.jpg 150w, https:\/\/antcube.de\/wp-content\/uploads\/2021\/02\/Starter-Set-Wiese-2-768x768.jpg 768w, https:\/\/antcube.de\/wp-content\/uploads\/2021\/02\/Starter-Set-Wiese-2-1536x1536.jpg 1536w, https:\/\/antcube.de\/wp-content\/uploads\/2021\/02\/Starter-Set-Wiese-2.jpg 2000w\" sizes=\"auto, (max-width: 1024px) 100vw, 1024px\" \/><\/figure><div class=\"wp-block-media-text__content\">\n<h2 class=\"has-neve-link-color-color has-text-color wp-block-heading\">Starter Kit Wiese<\/h2>\n\n\n\n<p class=\"has-neve-link-color-color has-text-color\" style=\"font-size:21px\">Das Starter Kit Meadow ist f\u00fcr Ameisenarten gedacht, die auf Wiesen, Feldern oder einfach in gem\u00e4\u00dfigtem Klima leben.<\/p>\n\n\n\n<ul class=\"has-neve-link-color-color has-text-color wp-block-list\"><li>1x ANTCUBE - arena 20x20x10 - flach<\/li><li>1x Ameisen-Arena-Rahmen 20\u00d720<\/li><li>1x Ameisenarena Abdeckung 20\u00d720<\/li><li>1x ANTCUBE - Ameisenfarm 20\u00d720 - losgel\u00f6st Gr\u00f6\u00dfe S, M oder L<\/li><li>1x 0,5m flexibler Schlauch transparent Gr\u00f6\u00dfe S, M oder L<\/li><li>1x ANTCUBE - Rote Leinwand 20\u00d720 - selbstklebend<\/li><li>1x Soil - Wiese - 1kg<\/li><li>1x Formicarium-Granulat 200ml - beige<\/li><li>1x Gittereinsatz - 50mm - Edelstahl<\/li><li>1x Formicarium-Stopfen f\u00fcr 50mm Bohrung<\/li><li>1x Formicarium-Stopfen f\u00fcr 27mm Bohrung<\/li><li>1x Gitterkappe - Edelstahl Gr\u00f6\u00dfe S, M oder L<\/li><li>1x Waschbeckenanschluss Loch 27 und Schlauch 10-16 mm - M25<\/li><li>1x Formicarium-Mutter M25 - grau<\/li><li>1x Tr\u00e4nkewanne 2ml - 360 Grad<\/li><li>1x Futtermittelspender 2ml - Dosierung<\/li><li>1x Mini-Thermo- Hygrometer analog - Anzeige - h\u00e4ngend<\/li><li>1x Ameisenflucht-Schutz\u00f6l 10ml<\/li><li>1x Pinzette Federstahl - breit - weich<\/li><li>1x Kunststoffpinzette transparent<\/li><li>1x Kunststoffpipette 3ml<\/li><li>1x Handlupe 2-fach - 30mm<\/li><li>1x Food Mix Set - Standard<\/li><li>1x Schaumstoffwischer 150x18x2,5mm<\/li><li>1x Fotohintergrund - Wiese - 20\u00d710<\/li><\/ul>\n\n\n\n<p><\/p>\n<\/div><\/div>\n\n\n\n<div style=\"height:68px\" aria-hidden=\"true\" class=\"wp-block-spacer\"><\/div>\n\n\n\n<p class=\"has-text-align-center has-large-font-size\"><\/p>\n<\/div><\/div>\n\n\n\n<div class=\"wp-block-cover alignfull has-neve-link-color-background-color has-background-dim\" style=\"min-height:600px;aspect-ratio:unset;\"><div class=\"wp-block-cover__inner-container is-layout-flow wp-block-cover-is-layout-flow\">\n<div style=\"height:91px\" aria-hidden=\"true\" class=\"wp-block-spacer\"><\/div>\n\n\n\n<div class=\"wp-block-media-text alignwide is-stacked-on-mobile\"><figure class=\"wp-block-media-text__media\"><img loading=\"lazy\" decoding=\"async\" width=\"1024\" height=\"1024\" src=\"https:\/\/antcube.de\/wp-content\/uploads\/2021\/02\/Starter-Set-Wald-2-1024x1024.jpg\" alt=\"\" class=\"wp-image-307 size-full\" srcset=\"https:\/\/antcube.de\/wp-content\/uploads\/2021\/02\/Starter-Set-Wald-2-1024x1024.jpg 1024w, https:\/\/antcube.de\/wp-content\/uploads\/2021\/02\/Starter-Set-Wald-2-300x300.jpg 300w, https:\/\/antcube.de\/wp-content\/uploads\/2021\/02\/Starter-Set-Wald-2-150x150.jpg 150w, https:\/\/antcube.de\/wp-content\/uploads\/2021\/02\/Starter-Set-Wald-2-768x768.jpg 768w, https:\/\/antcube.de\/wp-content\/uploads\/2021\/02\/Starter-Set-Wald-2-1536x1536.jpg 1536w, https:\/\/antcube.de\/wp-content\/uploads\/2021\/02\/Starter-Set-Wald-2.jpg 2000w\" sizes=\"auto, (max-width: 1024px) 100vw, 1024px\" \/><\/figure><div class=\"wp-block-media-text__content\">\n<h2 class=\"has-nv-site-bg-color has-text-color wp-block-heading\">Starter Kit Wald<\/h2>\n\n\n\n<p class=\"has-nv-site-bg-color has-text-color\" style=\"font-size:21px\">Das Starter Kit Forest ist f\u00fcr alle Ameisenarten gedacht, die in W\u00e4ldern leben, <\/p>\n\n\n\n<ul class=\"has-nv-site-bg-color has-text-color wp-block-list\"><li>1x ANTCUBE - arena 20x20x10 - flach<\/li><li>1x Ameisen-Arena-Rahmen 20\u00d720<\/li><li>1x Ameisenarena Abdeckung 20\u00d720<\/li><li>1x ANTCUBE - Ameisenfarm - 20\u00d720 - losgel\u00f6st Gr\u00f6\u00dfe S, M oder L<\/li><li>1x 0,5m flexibler Schlauch transparent Gr\u00f6\u00dfe S, M oder L<\/li><li>1x ANTCUBE - Rote Leinwand 20\u00d720 - selbstklebend<\/li><li>1x Boden - Wald - 1 Kg<\/li><li>1x Formicarium-Granulat 200ml - schwarz<\/li><li>2x Formicarium-Stopfen f\u00fcr 50mm Bohrung<\/li><li>1x Formicarium-Stopfen f\u00fcr 27mm Bohrung<\/li><li>1x Formicarium-Kappe - Anschluss S, M oder L<\/li><li>1x Waschbeckenanschluss Loch 27 und Schlauch 10-16 mm - M25<\/li><li>1x Formicarium-Mutter M25 - grau<\/li><li>1x Tr\u00e4nkewanne 2ml - 360 Grad<\/li><li>1x Futtermittelspender 2ml - Dosierung<\/li><li>1x Mini-Thermo- Hygrometer analog - Anzeige - h\u00e4ngend<\/li><li>1x Ameisenflucht-Schutz\u00f6l 10ml<\/li><li>1x Pinzette Federstahl - breit - weich<\/li><li>1x Kunststoffpinzette transparent<\/li><li>1x Kunststoffpipette 3ml<\/li><li>1x Handlupe 2-fach - 30mm<\/li><li>1x Food Mix Set - Standard<\/li><li>1x Schaumstoffwischer 150x18x2,5mm<\/li><li>1x Fotohintergrund - Wald - 20\u00d710<\/li><\/ul>\n\n\n\n<p class=\"has-large-font-size\"><\/p>\n<\/div><\/div>\n\n\n\n<div style=\"height:100px\" aria-hidden=\"true\" class=\"wp-block-spacer\"><\/div>\n<\/div><\/div>\n\n\n\n<div class=\"wp-block-cover alignfull has-nv-light-bg-background-color has-background-dim\" style=\"min-height:600px;aspect-ratio:unset;\"><div class=\"wp-block-cover__inner-container is-layout-flow wp-block-cover-is-layout-flow\">\n<div style=\"height:100px\" aria-hidden=\"true\" class=\"wp-block-spacer\"><\/div>\n\n\n\n<div class=\"wp-block-media-text alignwide is-stacked-on-mobile\"><figure class=\"wp-block-media-text__media\"><img loading=\"lazy\" decoding=\"async\" width=\"1024\" height=\"1024\" src=\"https:\/\/antcube.de\/wp-content\/uploads\/2021\/02\/Starter-Set-Regenwald-3-1024x1024.jpg\" alt=\"\" class=\"wp-image-306 size-full\" srcset=\"https:\/\/antcube.de\/wp-content\/uploads\/2021\/02\/Starter-Set-Regenwald-3-1024x1024.jpg 1024w, https:\/\/antcube.de\/wp-content\/uploads\/2021\/02\/Starter-Set-Regenwald-3-300x300.jpg 300w, https:\/\/antcube.de\/wp-content\/uploads\/2021\/02\/Starter-Set-Regenwald-3-150x150.jpg 150w, https:\/\/antcube.de\/wp-content\/uploads\/2021\/02\/Starter-Set-Regenwald-3-768x768.jpg 768w, https:\/\/antcube.de\/wp-content\/uploads\/2021\/02\/Starter-Set-Regenwald-3-1536x1536.jpg 1536w, https:\/\/antcube.de\/wp-content\/uploads\/2021\/02\/Starter-Set-Regenwald-3.jpg 2000w\" sizes=\"auto, (max-width: 1024px) 100vw, 1024px\" \/><\/figure><div class=\"wp-block-media-text__content\">\n<h2 class=\"has-neve-link-color-color has-text-color wp-block-heading\">Starter Kit Regenwald<\/h2>\n\n\n\n<p class=\"has-neve-link-color-color has-text-color\" style=\"font-size:21px\">Das Starter Kit Rainforest ist f\u00fcr alle Ameisen gedacht, die in tropischen Regenw\u00e4ldern leben, <\/p>\n\n\n\n<ul class=\"has-neve-link-color-color has-text-color wp-block-list\"><li>1x ANTCUBE - arena 20x20x10 - flach<\/li><li>1x Ameisen-Arena-Rahmen 20\u00d720<\/li><li>1x Ameisenarena Abdeckung 20\u00d720<\/li><li>1x ANTCUBE - antfarm - 20\u00d720 - freistehend S, M oder L<\/li><li>1x 0,5m flexibler Schlauch transparent S, M oder L<\/li><li>1x ANTCUBE - Rote Leinwand 20\u00d720 - selbstklebend<\/li><li>1x Boden - Wald - 1 Kg<\/li><li>1x Formicarium-Granulat 200ml - schwarz<\/li><li>2x Formicarium-Stopfen f\u00fcr 50mm Bohrung<\/li><li>1x Formicarium-Stopfen f\u00fcr 27mm Bohrung<\/li><li>1x Formicarium-Kappe - Anschluss S, M oder L<\/li><li>1x Waschbeckenanschluss Loch 27 und Schlauch 10-16 mm - M25<\/li><li>1x Formicarium-Mutter M25 - grau<\/li><li>1x Tr\u00e4nkewanne 2ml - 360 Grad<\/li><li>1x Futtermittelspender 2ml - Dosierung<\/li><li>1x Mini-Thermo- Hygrometer analog - Anzeige - h\u00e4ngend<\/li><li>1x Ameisenflucht-Schutz\u00f6l 10ml<\/li><li>1x Pinzette Federstahl - breit - weich<\/li><li>1x Kunststoffpinzette transparent<\/li><li>1x Kunststoffpipette 3ml<\/li><li>1x Handlupe 2-fach - 30mm<\/li><li>1x Food Mix Set - Standard<\/li><li>1x Schaumstoffwischer 150x18x2,5mm<\/li><li>1x Fotohintergrund - Wald - 20\u00d710<\/li><\/ul>\n\n\n\n<p class=\"has-neve-link-color-color has-text-color\"><\/p>\n<\/div><\/div>\n\n\n\n<figure class=\"wp-block-embed is-type-video is-provider-youtube wp-block-embed-youtube wp-embed-aspect-16-9 wp-has-aspect-ratio\"><div class=\"wp-block-embed__wrapper\">\n<div class=\"nv-iframe-embed\"><iframe loading=\"lazy\" title=\"ANTCUBE Starter Kit Habitat mit Wiese, Wald, W\u00fcste und Regenwald f\u00fcr Ameisen\" width=\"1200\" height=\"675\" src=\"https:\/\/www.youtube.com\/embed\/KopEadiiTFA?feature=oembed\" frameborder=\"0\" allow=\"accelerometer; autoplay; clipboard-write; encrypted-media; gyroscope; picture-in-picture\" allowfullscreen><\/iframe><\/div>\n<\/div><\/figure>\n\n\n\n<figure class=\"wp-block-embed is-type-video is-provider-youtube wp-block-embed-youtube wp-embed-aspect-16-9 wp-has-aspect-ratio\"><div class=\"wp-block-embed__wrapper\">\n<div class=\"nv-iframe-embed\"><iframe loading=\"lazy\" title=\"Zestaw startowy ANTCUBE Siedlisko z \u0142\u0105k\u0105, lasem, pustyni\u0105 i lasem deszczowym\" width=\"1200\" height=\"675\" src=\"https:\/\/www.youtube.com\/embed\/QYgLvNTb0CI?feature=oembed\" frameborder=\"0\" allow=\"accelerometer; autoplay; clipboard-write; encrypted-media; gyroscope; picture-in-picture\" allowfullscreen><\/iframe><\/div>\n<\/div><\/figure>\n\n\n\n<div style=\"height:100px\" aria-hidden=\"true\" class=\"wp-block-spacer\"><\/div>\n<\/div><\/div>\n\n\n\n<p><\/p>","protected":false},"excerpt":{"rendered":"","protected":false},"author":1,"featured_media":0,"parent":0,"menu_order":0,"comment_status":"closed","ping_status":"closed","template":"","meta":{"neve_meta_sidebar":"full-width","neve_meta_container":"","neve_meta_enable_content_width":"on","neve_meta_content_width":100,"neve_meta_title_alignment":"","neve_meta_author_avatar":"","neve_post_elements_order":"","neve_meta_disable_header":"","neve_meta_disable_footer":"","neve_meta_disable_title":"","footnotes":""},"class_list":["post-75","page","type-page","status-publish","hentry"],"yoast_head":"<!-- This site is optimized with the Yoast SEO plugin v27.3 - https:\/\/yoast.com\/product\/yoast-seo-wordpress\/ -->\n<title>Starter Kits Habitat - ANTCUBE<\/title>\n<meta name=\"description\" content=\"Ant Keeping Equipment and Formicariums for resellers and ant shops. Have a look at our high quality ANTCUBE products.\" \/>\n<meta name=\"robots\" content=\"index, follow, max-snippet:-1, max-image-preview:large, max-video-preview:-1\" \/>\n<link rel=\"canonical\" href=\"https:\/\/antcube.de\/de\/\u30b9\u30bf\u30fc\u30bf\u30fc\u30ad\u30c3\u30c8\/\" \/>\n<meta property=\"og:locale\" content=\"de_DE\" \/>\n<meta property=\"og:type\" content=\"article\" \/>\n<meta property=\"og:title\" content=\"Starter Kits Habitat - ANTCUBE\" \/>\n<meta property=\"og:description\" content=\"Ant Keeping Equipment and Formicariums for resellers and ant shops. Have a look at our high quality ANTCUBE products.\" \/>\n<meta property=\"og:url\" content=\"https:\/\/antcube.de\/de\/\u30b9\u30bf\u30fc\u30bf\u30fc\u30ad\u30c3\u30c8\/\" \/>\n<meta property=\"og:site_name\" content=\"ANTCUBE\" \/>\n<meta property=\"article:publisher\" content=\"https:\/\/www.facebook.com\/ANTSTORE\" \/>\n<meta property=\"article:modified_time\" content=\"2021-08-13T15:40:24+00:00\" \/>\n<meta property=\"og:image\" content=\"https:\/\/antcube.de\/wp-content\/uploads\/2021\/02\/Starter-Set-Wuste-2-1024x1024.jpg\" \/>\n<meta name=\"twitter:card\" content=\"summary_large_image\" \/>\n<meta name=\"twitter:site\" content=\"@Antstore\" \/>\n<meta name=\"twitter:label1\" content=\"Gesch\u00e4tzte Lesezeit\" \/>\n\t<meta name=\"twitter:data1\" content=\"5\u00a0Minuten\" \/>\n<script type=\"application\/ld+json\" class=\"yoast-schema-graph\">{\"@context\":\"https:\\\/\\\/schema.org\",\"@graph\":[{\"@type\":\"WebPage\",\"@id\":\"https:\\\/\\\/antcube.de\\\/ja\\\/%e3%82%b9%e3%82%bf%e3%83%bc%e3%82%bf%e3%83%bc%e3%82%ad%e3%83%83%e3%83%88\\\/\",\"url\":\"https:\\\/\\\/antcube.de\\\/ja\\\/%e3%82%b9%e3%82%bf%e3%83%bc%e3%82%bf%e3%83%bc%e3%82%ad%e3%83%83%e3%83%88\\\/\",\"name\":\"Starter Kits Habitat - ANTCUBE\",\"isPartOf\":{\"@id\":\"https:\\\/\\\/antcube.de\\\/#website\"},\"primaryImageOfPage\":{\"@id\":\"https:\\\/\\\/antcube.de\\\/ja\\\/%e3%82%b9%e3%82%bf%e3%83%bc%e3%82%bf%e3%83%bc%e3%82%ad%e3%83%83%e3%83%88\\\/#primaryimage\"},\"image\":{\"@id\":\"https:\\\/\\\/antcube.de\\\/ja\\\/%e3%82%b9%e3%82%bf%e3%83%bc%e3%82%bf%e3%83%bc%e3%82%ad%e3%83%83%e3%83%88\\\/#primaryimage\"},\"thumbnailUrl\":\"https:\\\/\\\/antcube.de\\\/wp-content\\\/uploads\\\/2021\\\/02\\\/Starter-Set-Wuste-2-1024x1024.jpg\",\"datePublished\":\"2021-02-09T10:43:34+00:00\",\"dateModified\":\"2021-08-13T15:40:24+00:00\",\"description\":\"Ant Keeping Equipment and Formicariums for resellers and ant shops. Have a look at our high quality ANTCUBE products.\",\"breadcrumb\":{\"@id\":\"https:\\\/\\\/antcube.de\\\/ja\\\/%e3%82%b9%e3%82%bf%e3%83%bc%e3%82%bf%e3%83%bc%e3%82%ad%e3%83%83%e3%83%88\\\/#breadcrumb\"},\"inLanguage\":\"de\",\"potentialAction\":[{\"@type\":\"ReadAction\",\"target\":[\"https:\\\/\\\/antcube.de\\\/ja\\\/%e3%82%b9%e3%82%bf%e3%83%bc%e3%82%bf%e3%83%bc%e3%82%ad%e3%83%83%e3%83%88\\\/\"]}]},{\"@type\":\"ImageObject\",\"inLanguage\":\"de\",\"@id\":\"https:\\\/\\\/antcube.de\\\/ja\\\/%e3%82%b9%e3%82%bf%e3%83%bc%e3%82%bf%e3%83%bc%e3%82%ad%e3%83%83%e3%83%88\\\/#primaryimage\",\"url\":\"https:\\\/\\\/antcube.de\\\/wp-content\\\/uploads\\\/2021\\\/02\\\/Starter-Set-Wuste-2-1024x1024.jpg\",\"contentUrl\":\"https:\\\/\\\/antcube.de\\\/wp-content\\\/uploads\\\/2021\\\/02\\\/Starter-Set-Wuste-2-1024x1024.jpg\"},{\"@type\":\"BreadcrumbList\",\"@id\":\"https:\\\/\\\/antcube.de\\\/ja\\\/%e3%82%b9%e3%82%bf%e3%83%bc%e3%82%bf%e3%83%bc%e3%82%ad%e3%83%83%e3%83%88\\\/#breadcrumb\",\"itemListElement\":[{\"@type\":\"ListItem\",\"position\":1,\"name\":\"Home\",\"item\":\"https:\\\/\\\/antcube.de\\\/\"},{\"@type\":\"ListItem\",\"position\":2,\"name\":\"Starter Kits Habitat\"}]},{\"@type\":\"WebSite\",\"@id\":\"https:\\\/\\\/antcube.de\\\/#website\",\"url\":\"https:\\\/\\\/antcube.de\\\/\",\"name\":\"ANTCUBE\",\"description\":\"ants, ant farms, ant arenas, ant keeping equipment, formicariums, ant nest, ant housing, ant feed, ant colonies, queen ants, pet ants, ant outworld, ant terrarium, ant aquarium, ant store, ant shop\",\"publisher\":{\"@id\":\"https:\\\/\\\/antcube.de\\\/#organization\"},\"potentialAction\":[{\"@type\":\"SearchAction\",\"target\":{\"@type\":\"EntryPoint\",\"urlTemplate\":\"https:\\\/\\\/antcube.de\\\/?s={search_term_string}\"},\"query-input\":{\"@type\":\"PropertyValueSpecification\",\"valueRequired\":true,\"valueName\":\"search_term_string\"}}],\"inLanguage\":\"de\"},{\"@type\":\"Organization\",\"@id\":\"https:\\\/\\\/antcube.de\\\/#organization\",\"name\":\"ANTCUBE\",\"url\":\"https:\\\/\\\/antcube.de\\\/\",\"logo\":{\"@type\":\"ImageObject\",\"inLanguage\":\"de\",\"@id\":\"https:\\\/\\\/antcube.de\\\/#\\\/schema\\\/logo\\\/image\\\/\",\"url\":\"https:\\\/\\\/antcube.de\\\/wp-content\\\/uploads\\\/2021\\\/02\\\/Antcube-Logo.png\",\"contentUrl\":\"https:\\\/\\\/antcube.de\\\/wp-content\\\/uploads\\\/2021\\\/02\\\/Antcube-Logo.png\",\"width\":5000,\"height\":1469,\"caption\":\"ANTCUBE\"},\"image\":{\"@id\":\"https:\\\/\\\/antcube.de\\\/#\\\/schema\\\/logo\\\/image\\\/\"},\"sameAs\":[\"https:\\\/\\\/www.facebook.com\\\/ANTSTORE\",\"https:\\\/\\\/x.com\\\/Antstore\",\"https:\\\/\\\/www.instagram.com\\\/antstore_world_of_ants\\\/\",\"https:\\\/\\\/www.youtube.com\\\/channel\\\/UCg8ZO8SOJ32swZqT3Eu-86A\"]}]}<\/script>\n<!-- \/ Yoast SEO plugin. -->","yoast_head_json":{"title":"Starter-Kits Habitat - ANTCUBE","description":"Ameisenhaltungsger\u00e4te und Formikarien f\u00fcr Wiederverk\u00e4ufer und Ameisenl\u00e4den. Werfen Sie einen Blick auf unsere hochwertigen ANTCUBE Produkte.","robots":{"index":"index","follow":"follow","max-snippet":"max-snippet:-1","max-image-preview":"max-image-preview:large","max-video-preview":"max-video-preview:-1"},"canonical":"https:\/\/antcube.de\/de\/\u30b9\u30bf\u30fc\u30bf\u30fc\u30ad\u30c3\u30c8\/","og_locale":"de_DE","og_type":"article","og_title":"Starter Kits Habitat - ANTCUBE","og_description":"Ant Keeping Equipment and Formicariums for resellers and ant shops. Have a look at our high quality ANTCUBE products.","og_url":"https:\/\/antcube.de\/de\/\u30b9\u30bf\u30fc\u30bf\u30fc\u30ad\u30c3\u30c8\/","og_site_name":"ANTCUBE","article_publisher":"https:\/\/www.facebook.com\/ANTSTORE","article_modified_time":"2021-08-13T15:40:24+00:00","og_image":[{"url":"https:\/\/antcube.de\/wp-content\/uploads\/2021\/02\/Starter-Set-Wuste-2-1024x1024.jpg","type":"","width":"","height":""}],"twitter_card":"summary_large_image","twitter_site":"@Antstore","twitter_misc":{"Gesch\u00e4tzte Lesezeit":"5\u00a0Minuten"},"schema":{"@context":"https:\/\/schema.org","@graph":[{"@type":"WebPage","@id":"https:\/\/antcube.de\/ja\/%e3%82%b9%e3%82%bf%e3%83%bc%e3%82%bf%e3%83%bc%e3%82%ad%e3%83%83%e3%83%88\/","url":"https:\/\/antcube.de\/ja\/%e3%82%b9%e3%82%bf%e3%83%bc%e3%82%bf%e3%83%bc%e3%82%ad%e3%83%83%e3%83%88\/","name":"Starter-Kits Habitat - ANTCUBE","isPartOf":{"@id":"https:\/\/antcube.de\/#website"},"primaryImageOfPage":{"@id":"https:\/\/antcube.de\/ja\/%e3%82%b9%e3%82%bf%e3%83%bc%e3%82%bf%e3%83%bc%e3%82%ad%e3%83%83%e3%83%88\/#primaryimage"},"image":{"@id":"https:\/\/antcube.de\/ja\/%e3%82%b9%e3%82%bf%e3%83%bc%e3%82%bf%e3%83%bc%e3%82%ad%e3%83%83%e3%83%88\/#primaryimage"},"thumbnailUrl":"https:\/\/antcube.de\/wp-content\/uploads\/2021\/02\/Starter-Set-Wuste-2-1024x1024.jpg","datePublished":"2021-02-09T10:43:34+00:00","dateModified":"2021-08-13T15:40:24+00:00","description":"Ameisenhaltungsger\u00e4te und Formikarien f\u00fcr Wiederverk\u00e4ufer und Ameisenl\u00e4den. Werfen Sie einen Blick auf unsere hochwertigen ANTCUBE Produkte.","breadcrumb":{"@id":"https:\/\/antcube.de\/ja\/%e3%82%b9%e3%82%bf%e3%83%bc%e3%82%bf%e3%83%bc%e3%82%ad%e3%83%83%e3%83%88\/#breadcrumb"},"inLanguage":"de","potentialAction":[{"@type":"ReadAction","target":["https:\/\/antcube.de\/ja\/%e3%82%b9%e3%82%bf%e3%83%bc%e3%82%bf%e3%83%bc%e3%82%ad%e3%83%83%e3%83%88\/"]}]},{"@type":"ImageObject","inLanguage":"de","@id":"https:\/\/antcube.de\/ja\/%e3%82%b9%e3%82%bf%e3%83%bc%e3%82%bf%e3%83%bc%e3%82%ad%e3%83%83%e3%83%88\/#primaryimage","url":"https:\/\/antcube.de\/wp-content\/uploads\/2021\/02\/Starter-Set-Wuste-2-1024x1024.jpg","contentUrl":"https:\/\/antcube.de\/wp-content\/uploads\/2021\/02\/Starter-Set-Wuste-2-1024x1024.jpg"},{"@type":"BreadcrumbList","@id":"https:\/\/antcube.de\/ja\/%e3%82%b9%e3%82%bf%e3%83%bc%e3%82%bf%e3%83%bc%e3%82%ad%e3%83%83%e3%83%88\/#breadcrumb","itemListElement":[{"@type":"ListItem","position":1,"name":"Home","item":"https:\/\/antcube.de\/"},{"@type":"ListItem","position":2,"name":"Starter Kits Habitat"}]},{"@type":"WebSite","@id":"https:\/\/antcube.de\/#website","url":"https:\/\/antcube.de\/","name":"ANTCUBE","description":"Ameisen, Ameisenfarmen, Ameisenarenen, Ameisenhaltung, Ameisennest, Ameisengeh\u00e4use, Ameisenfutter, Ameisenkolonien, Ameisenk\u00f6nigin, Ameisenhaus, Ameisenterrarium, Ameisenaquarium, Ameisenladen, Ameisenshop","publisher":{"@id":"https:\/\/antcube.de\/#organization"},"potentialAction":[{"@type":"SearchAction","target":{"@type":"EntryPoint","urlTemplate":"https:\/\/antcube.de\/?s={search_term_string}"},"query-input":{"@type":"PropertyValueSpecification","valueRequired":true,"valueName":"search_term_string"}}],"inLanguage":"de"},{"@type":"Organization","@id":"https:\/\/antcube.de\/#organization","name":"ANTCUBE","url":"https:\/\/antcube.de\/","logo":{"@type":"ImageObject","inLanguage":"de","@id":"https:\/\/antcube.de\/#\/schema\/logo\/image\/","url":"https:\/\/antcube.de\/wp-content\/uploads\/2021\/02\/Antcube-Logo.png","contentUrl":"https:\/\/antcube.de\/wp-content\/uploads\/2021\/02\/Antcube-Logo.png","width":5000,"height":1469,"caption":"ANTCUBE"},"image":{"@id":"https:\/\/antcube.de\/#\/schema\/logo\/image\/"},"sameAs":["https:\/\/www.facebook.com\/ANTSTORE","https:\/\/x.com\/Antstore","https:\/\/www.instagram.com\/antstore_world_of_ants\/","https:\/\/www.youtube.com\/channel\/UCg8ZO8SOJ32swZqT3Eu-86A"]}]}},"_links":{"self":[{"href":"https:\/\/antcube.de\/de\/wp-json\/wp\/v2\/pages\/75","targetHints":{"allow":["GET"]}}],"collection":[{"href":"https:\/\/antcube.de\/de\/wp-json\/wp\/v2\/pages"}],"about":[{"href":"https:\/\/antcube.de\/de\/wp-json\/wp\/v2\/types\/page"}],"author":[{"embeddable":true,"href":"https:\/\/antcube.de\/de\/wp-json\/wp\/v2\/users\/1"}],"replies":[{"embeddable":true,"href":"https:\/\/antcube.de\/de\/wp-json\/wp\/v2\/comments?post=75"}],"version-history":[{"count":10,"href":"https:\/\/antcube.de\/de\/wp-json\/wp\/v2\/pages\/75\/revisions"}],"predecessor-version":[{"id":754,"href":"https:\/\/antcube.de\/de\/wp-json\/wp\/v2\/pages\/75\/revisions\/754"}],"wp:attachment":[{"href":"https:\/\/antcube.de\/de\/wp-json\/wp\/v2\/media?parent=75"}],"curies":[{"name":"wp","href":"https:\/\/api.w.org\/{rel}","templated":true}]}}