{"id":65,"date":"2021-02-09T11:04:25","date_gmt":"2021-02-09T10:04:25","guid":{"rendered":"https:\/\/antcube.de\/?page_id=65"},"modified":"2025-07-23T17:32:45","modified_gmt":"2025-07-23T15:32:45","slug":"imprint","status":"publish","type":"page","link":"https:\/\/antcube.de\/de\/imprint\/","title":{"rendered":"Impressum"},"content":{"rendered":"<p>ANTSTORE, Martin Sebesta<br>Selerweg 41<br>D-12169 Berlin<br><br>Tel.: 030 766 870 -51<br>Fax: 030 766 870 -54<br>E-Mail: verkauf (at) antstore . de<br><br>Umsatzsteuer-Identifikationsnummer: DE215167549<br><br>WEEE-Registrierungsnummer: DE 54590387<br><br>Inhaltlich Verantwortlicher gem\u00e4\u00df \u00a7 55 Abs. 2 RstV i.S.d. \u00a7 55 Abs. 2 RstV: Martin Sebesta (siehe oben)<br><\/p>\n\n\n\n<h3 class=\"wp-block-heading\">Bedingungen f\u00fcr die Nutzung<\/h3>\n\n\n\n<p>Das Herunterladen oder Ausdrucken einzelner Seiten und \/oder Teilbereiche unserer Webseiten f\u00fcr den privaten Gebrauch ist gestattet. F\u00fcr \u00f6ffentliche oder kommerzielle Zwecke darf jedoch keines der hierin enthaltenen Materialien kopiert, modifiziert, verteilt, ver\u00f6ffentlicht, heruntergeladen, hochgeladen, gepostet oder \u00fcbertragen werden, weder ganz noch teilweise, in irgendeiner Form oder auf irgendeine Weise, ohne die vorherige schriftliche Genehmigung der ANTCUBE\u2122.<br><br>Unter den folgenden Bedingungen ist es erlaubt, unsere Produktbilder f\u00fcr nicht-kommerzielle Zwecke und zur Bewerbung unserer Produkte in lokalen Gesch\u00e4ften zu verwenden:<br><br>Alle Bilder m\u00fcssen mit einer Referenz versehen werden. Diese sollte wie folgt aussehen:<br><br>Drucksache: \"Referenz: www.antcube.de\"<br>Web-Seite: \"Referenz\": <a rel=\"noreferrer noopener\" href=\"https:\/\/www.antcube.de\" target=\"_blank\">www.antcube.de<\/a> (als Link <a rel=\"noreferrer noopener\" href=\"https:\/\/www.antcube.de\" target=\"_blank\">www.antcube.de<\/a>)\"<br><br>Unsere Bilder d\u00fcrfen ohne vorherige schriftliche Genehmigung der ANTCUBE\u2122 nicht f\u00fcr Online-Shops oder jeden anderen gewerblichen Zweck verwendet werden!<\/p>","protected":false},"excerpt":{"rendered":"<p>ANTSTORE, Martin SebestaSelerweg 41D-12169 Berlin Tel.: 030 766 870 -51Fax: 030 766 870 -54Email: verkauf (at) antstore . de VAT registration number: DE215167549 WEEE registration number: DE 54590387 Responsible for content under i.S.d. \u00a7 55 para. 2 RstV: Martin Sebesta (see above) Terms of use Downloading or printing individual pages and \/or sections of our&hellip;&nbsp;<a href=\"https:\/\/antcube.de\/de\/imprint\/\" rel=\"bookmark\">Weiterlesen \"<span class=\"screen-reader-text\">Impressum<\/span><\/a><\/p>","protected":false},"author":1,"featured_media":0,"parent":0,"menu_order":0,"comment_status":"closed","ping_status":"closed","template":"","meta":{"neve_meta_sidebar":"full-width","neve_meta_container":"","neve_meta_enable_content_width":"on","neve_meta_content_width":100,"neve_meta_title_alignment":"","neve_meta_author_avatar":"","neve_post_elements_order":"","neve_meta_disable_header":"","neve_meta_disable_footer":"","neve_meta_disable_title":"","footnotes":""},"class_list":["post-65","page","type-page","status-publish","hentry"],"yoast_head":"<!-- This site is optimized with the Yoast SEO plugin v27.4 - https:\/\/yoast.com\/product\/yoast-seo-wordpress\/ -->\n<title>Imprint - ANTCUBE<\/title>\n<meta name=\"description\" content=\"Ant Keeping Equipment and Formicariums for resellers and ant shops. Have a look at our high quality ANTCUBE products.\" \/>\n<meta name=\"robots\" content=\"index, follow, max-snippet:-1, max-image-preview:large, max-video-preview:-1\" \/>\n<link rel=\"canonical\" href=\"https:\/\/antcube.de\/de\/imprint\/\" \/>\n<meta property=\"og:locale\" content=\"de_DE\" \/>\n<meta property=\"og:type\" content=\"article\" \/>\n<meta property=\"og:title\" content=\"Imprint - ANTCUBE\" \/>\n<meta property=\"og:description\" content=\"Ant Keeping Equipment and Formicariums for resellers and ant shops. Have a look at our high quality ANTCUBE products.\" \/>\n<meta property=\"og:url\" content=\"https:\/\/antcube.de\/de\/imprint\/\" \/>\n<meta property=\"og:site_name\" content=\"ANTCUBE\" \/>\n<meta property=\"article:publisher\" content=\"https:\/\/www.facebook.com\/ANTSTORE\" \/>\n<meta property=\"article:modified_time\" content=\"2025-07-23T15:32:45+00:00\" \/>\n<meta name=\"twitter:card\" content=\"summary_large_image\" \/>\n<meta name=\"twitter:site\" content=\"@Antstore\" \/>\n<meta name=\"twitter:label1\" content=\"Gesch\u00e4tzte Lesezeit\" \/>\n\t<meta name=\"twitter:data1\" content=\"1\u00a0Minute\" \/>\n<script type=\"application\/ld+json\" class=\"yoast-schema-graph\">{\"@context\":\"https:\\\/\\\/schema.org\",\"@graph\":[{\"@type\":\"WebPage\",\"@id\":\"https:\\\/\\\/antcube.de\\\/imprint\\\/\",\"url\":\"https:\\\/\\\/antcube.de\\\/imprint\\\/\",\"name\":\"Imprint - ANTCUBE\",\"isPartOf\":{\"@id\":\"https:\\\/\\\/antcube.de\\\/#website\"},\"datePublished\":\"2021-02-09T10:04:25+00:00\",\"dateModified\":\"2025-07-23T15:32:45+00:00\",\"description\":\"Ant Keeping Equipment and Formicariums for resellers and ant shops. Have a look at our high quality ANTCUBE products.\",\"breadcrumb\":{\"@id\":\"https:\\\/\\\/antcube.de\\\/imprint\\\/#breadcrumb\"},\"inLanguage\":\"de\",\"potentialAction\":[{\"@type\":\"ReadAction\",\"target\":[\"https:\\\/\\\/antcube.de\\\/imprint\\\/\"]}]},{\"@type\":\"BreadcrumbList\",\"@id\":\"https:\\\/\\\/antcube.de\\\/imprint\\\/#breadcrumb\",\"itemListElement\":[{\"@type\":\"ListItem\",\"position\":1,\"name\":\"Home\",\"item\":\"https:\\\/\\\/antcube.de\\\/\"},{\"@type\":\"ListItem\",\"position\":2,\"name\":\"Imprint\"}]},{\"@type\":\"WebSite\",\"@id\":\"https:\\\/\\\/antcube.de\\\/#website\",\"url\":\"https:\\\/\\\/antcube.de\\\/\",\"name\":\"ANTCUBE\",\"description\":\"ants, ant farms, ant arenas, ant keeping equipment, formicariums, ant nest, ant housing, ant feed, ant colonies, queen ants, pet ants, ant outworld, ant terrarium, ant aquarium, ant store, ant shop\",\"publisher\":{\"@id\":\"https:\\\/\\\/antcube.de\\\/#organization\"},\"potentialAction\":[{\"@type\":\"SearchAction\",\"target\":{\"@type\":\"EntryPoint\",\"urlTemplate\":\"https:\\\/\\\/antcube.de\\\/?s={search_term_string}\"},\"query-input\":{\"@type\":\"PropertyValueSpecification\",\"valueRequired\":true,\"valueName\":\"search_term_string\"}}],\"inLanguage\":\"de\"},{\"@type\":\"Organization\",\"@id\":\"https:\\\/\\\/antcube.de\\\/#organization\",\"name\":\"ANTCUBE\",\"url\":\"https:\\\/\\\/antcube.de\\\/\",\"logo\":{\"@type\":\"ImageObject\",\"inLanguage\":\"de\",\"@id\":\"https:\\\/\\\/antcube.de\\\/#\\\/schema\\\/logo\\\/image\\\/\",\"url\":\"https:\\\/\\\/antcube.de\\\/wp-content\\\/uploads\\\/2021\\\/02\\\/Antcube-Logo.png\",\"contentUrl\":\"https:\\\/\\\/antcube.de\\\/wp-content\\\/uploads\\\/2021\\\/02\\\/Antcube-Logo.png\",\"width\":5000,\"height\":1469,\"caption\":\"ANTCUBE\"},\"image\":{\"@id\":\"https:\\\/\\\/antcube.de\\\/#\\\/schema\\\/logo\\\/image\\\/\"},\"sameAs\":[\"https:\\\/\\\/www.facebook.com\\\/ANTSTORE\",\"https:\\\/\\\/x.com\\\/Antstore\",\"https:\\\/\\\/www.instagram.com\\\/antstore_world_of_ants\\\/\",\"https:\\\/\\\/www.youtube.com\\\/channel\\\/UCg8ZO8SOJ32swZqT3Eu-86A\"]}]}<\/script>\n<!-- \/ Yoast SEO plugin. -->","yoast_head_json":{"title":"Impressum - ANTCUBE","description":"Ameisenhaltungsger\u00e4te und Formikarien f\u00fcr Wiederverk\u00e4ufer und Ameisenl\u00e4den. Werfen Sie einen Blick auf unsere hochwertigen ANTCUBE Produkte.","robots":{"index":"index","follow":"follow","max-snippet":"max-snippet:-1","max-image-preview":"max-image-preview:large","max-video-preview":"max-video-preview:-1"},"canonical":"https:\/\/antcube.de\/de\/imprint\/","og_locale":"de_DE","og_type":"article","og_title":"Imprint - ANTCUBE","og_description":"Ant Keeping Equipment and Formicariums for resellers and ant shops. Have a look at our high quality ANTCUBE products.","og_url":"https:\/\/antcube.de\/de\/imprint\/","og_site_name":"ANTCUBE","article_publisher":"https:\/\/www.facebook.com\/ANTSTORE","article_modified_time":"2025-07-23T15:32:45+00:00","twitter_card":"summary_large_image","twitter_site":"@Antstore","twitter_misc":{"Gesch\u00e4tzte Lesezeit":"1\u00a0Minute"},"schema":{"@context":"https:\/\/schema.org","@graph":[{"@type":"WebPage","@id":"https:\/\/antcube.de\/imprint\/","url":"https:\/\/antcube.de\/imprint\/","name":"Impressum - ANTCUBE","isPartOf":{"@id":"https:\/\/antcube.de\/#website"},"datePublished":"2021-02-09T10:04:25+00:00","dateModified":"2025-07-23T15:32:45+00:00","description":"Ameisenhaltungsger\u00e4te und Formikarien f\u00fcr Wiederverk\u00e4ufer und Ameisenl\u00e4den. Werfen Sie einen Blick auf unsere hochwertigen ANTCUBE Produkte.","breadcrumb":{"@id":"https:\/\/antcube.de\/imprint\/#breadcrumb"},"inLanguage":"de","potentialAction":[{"@type":"ReadAction","target":["https:\/\/antcube.de\/imprint\/"]}]},{"@type":"BreadcrumbList","@id":"https:\/\/antcube.de\/imprint\/#breadcrumb","itemListElement":[{"@type":"ListItem","position":1,"name":"Home","item":"https:\/\/antcube.de\/"},{"@type":"ListItem","position":2,"name":"Imprint"}]},{"@type":"WebSite","@id":"https:\/\/antcube.de\/#website","url":"https:\/\/antcube.de\/","name":"ANTCUBE","description":"Ameisen, Ameisenfarmen, Ameisenarenen, Ameisenhaltung, Ameisennest, Ameisengeh\u00e4use, Ameisenfutter, Ameisenkolonien, Ameisenk\u00f6nigin, Ameisenhaus, Ameisenterrarium, Ameisenaquarium, Ameisenladen, Ameisenshop","publisher":{"@id":"https:\/\/antcube.de\/#organization"},"potentialAction":[{"@type":"SearchAction","target":{"@type":"EntryPoint","urlTemplate":"https:\/\/antcube.de\/?s={search_term_string}"},"query-input":{"@type":"PropertyValueSpecification","valueRequired":true,"valueName":"search_term_string"}}],"inLanguage":"de"},{"@type":"Organization","@id":"https:\/\/antcube.de\/#organization","name":"ANTCUBE","url":"https:\/\/antcube.de\/","logo":{"@type":"ImageObject","inLanguage":"de","@id":"https:\/\/antcube.de\/#\/schema\/logo\/image\/","url":"https:\/\/antcube.de\/wp-content\/uploads\/2021\/02\/Antcube-Logo.png","contentUrl":"https:\/\/antcube.de\/wp-content\/uploads\/2021\/02\/Antcube-Logo.png","width":5000,"height":1469,"caption":"ANTCUBE"},"image":{"@id":"https:\/\/antcube.de\/#\/schema\/logo\/image\/"},"sameAs":["https:\/\/www.facebook.com\/ANTSTORE","https:\/\/x.com\/Antstore","https:\/\/www.instagram.com\/antstore_world_of_ants\/","https:\/\/www.youtube.com\/channel\/UCg8ZO8SOJ32swZqT3Eu-86A"]}]}},"_links":{"self":[{"href":"https:\/\/antcube.de\/de\/wp-json\/wp\/v2\/pages\/65","targetHints":{"allow":["GET"]}}],"collection":[{"href":"https:\/\/antcube.de\/de\/wp-json\/wp\/v2\/pages"}],"about":[{"href":"https:\/\/antcube.de\/de\/wp-json\/wp\/v2\/types\/page"}],"author":[{"embeddable":true,"href":"https:\/\/antcube.de\/de\/wp-json\/wp\/v2\/users\/1"}],"replies":[{"embeddable":true,"href":"https:\/\/antcube.de\/de\/wp-json\/wp\/v2\/comments?post=65"}],"version-history":[{"count":2,"href":"https:\/\/antcube.de\/de\/wp-json\/wp\/v2\/pages\/65\/revisions"}],"predecessor-version":[{"id":817,"href":"https:\/\/antcube.de\/de\/wp-json\/wp\/v2\/pages\/65\/revisions\/817"}],"wp:attachment":[{"href":"https:\/\/antcube.de\/de\/wp-json\/wp\/v2\/media?parent=65"}],"curies":[{"name":"wp","href":"https:\/\/api.w.org\/{rel}","templated":true}]}}